{"id":762922,"date":"2025-08-28T10:24:48","date_gmt":"2025-08-28T07:24:48","guid":{"rendered":"https:\/\/roveyayinevi.com.tr\/index.php\/urun\/antik-felsefe\/"},"modified":"2026-04-15T03:27:49","modified_gmt":"2026-04-15T00:27:49","slug":"antik-felsefe","status":"publish","type":"product","link":"https:\/\/roveyayinevi.com.tr\/index.php\/urun\/antik-felsefe\/","title":{"rendered":"Antik Felsefe"},"content":{"rendered":"<p>Filozoflar\u0131n hep hayat\u0131n b\u00fcy\u00fck sorular\u0131yla me\u015fgul oldu\u011funu d\u00fc\u015f\u00fcn\u00fcr\u00fcz ama bu her zaman b\u00f6yle de\u011fildi. \u0130lk antik filozoflar \u00f6ncelikle depremler ve tutulmalar gibi do\u011fal fenomenlerle ilgilenmi\u015flerdi. Ancak Sokrates ad\u0131nda esrarengiz bir Yunanl\u0131, insan varolu\u015fu hakk\u0131ndaki soyut fikirleri tart\u0131\u015fmaya ba\u015flad\u0131: Bizi mutlu eden nedir? Ruhun do\u011fas\u0131 nedir? Bu evrendeki amac\u0131m\u0131z nedir? Sorgulanmam\u0131\u015f hayat, ya\u015fanmaya de\u011fer mi? \u0130yi ve k\u00f6t\u00fc nedir?William Prior, Sokrates\u2019in ki\u015fili\u011fi ve onun ortaya att\u0131\u011f\u0131 ya da ba\u015fkalar\u0131 vas\u0131tas\u0131yla g\u00fcndeme getirmeye \u00e7al\u0131\u015ft\u0131\u011f\u0131 sorular arac\u0131l\u0131\u011f\u0131yla antik felsefe d\u00fcnyas\u0131na tematik bir bak\u0131\u015f at\u0131yor. Yer yer Presokratiklere yer yer de Sokrates sonras\u0131na uzanan bu giri\u015f metni, felsefenin olu\u015fum y\u0131llar\u0131na ve \u00f6nemli antik metinlere dair kritik meseleleri ve kavramlar\u0131 irdeliyor. Do\u011fa, ger\u00e7eklik, ruh ve etik olmak \u00fczere d\u00f6rt tema halinde d\u00fczenlenen Antik Felsefe, bug\u00fcn h\u00e2l\u00e2 zihnimizi kurcalayan ve asla eskimeyecek b\u00fcy\u00fck sorulara Antik Yunan deh\u00e2lar\u0131n\u0131n g\u00f6z\u00fcyle bakmak isteyen okurlar i\u00e7in bir rehber kitap niteli\u011fi ta\u015f\u0131yor.<\/p>\n","protected":false},"excerpt":{"rendered":"<p>Filozoflar\u0131n hep hayat\u0131n b\u00fcy\u00fck sorular\u0131yla me\u015fgul oldu\u011funu d\u00fc\u015f\u00fcn\u00fcr\u00fcz ama bu her zaman b\u00f6yle de\u011fildi. \u0130lk antik filozoflar \u00f6ncelikle depremler ve tutulmalar gibi do\u011fal fenomenlerle ilgilenmi\u015flerdi. Ancak<span class=\"excerpt-hellip\"> [\u2026]<\/span><\/p>\n","protected":false},"featured_media":0,"template":"","meta":{"_monsterinsights_skip_tracking":false,"_monsterinsights_sitenote_active":false,"_monsterinsights_sitenote_note":"","_monsterinsights_sitenote_category":0},"product_brand":[],"product_cat":[12388,14717],"product_tag":[],"class_list":{"0":"post-762922","1":"product","2":"type-product","3":"status-publish","5":"product_cat-felsefe","6":"product_cat-felsefe-tarihi","7":"pa_cilt-ciltsiz","8":"pa_tur-kitap","9":"pa_yayinevi-babil-kitap","10":"pa_yazar-william-j-prior","12":"first","13":"instock","14":"sale","15":"shipping-taxable","16":"purchasable","17":"product-type-simple"},"_links":{"self":[{"href":"https:\/\/roveyayinevi.com.tr\/index.php\/wp-json\/wp\/v2\/product\/762922","targetHints":{"allow":["GET"]}}],"collection":[{"href":"https:\/\/roveyayinevi.com.tr\/index.php\/wp-json\/wp\/v2\/product"}],"about":[{"href":"https:\/\/roveyayinevi.com.tr\/index.php\/wp-json\/wp\/v2\/types\/product"}],"wp:attachment":[{"href":"https:\/\/roveyayinevi.com.tr\/index.php\/wp-json\/wp\/v2\/media?parent=762922"}],"wp:term":[{"taxonomy":"product_brand","embeddable":true,"href":"https:\/\/roveyayinevi.com.tr\/index.php\/wp-json\/wp\/v2\/product_brand?post=762922"},{"taxonomy":"product_cat","embeddable":true,"href":"https:\/\/roveyayinevi.com.tr\/index.php\/wp-json\/wp\/v2\/product_cat?post=762922"},{"taxonomy":"product_tag","embeddable":true,"href":"https:\/\/roveyayinevi.com.tr\/index.php\/wp-json\/wp\/v2\/product_tag?post=762922"}],"curies":[{"name":"wp","href":"https:\/\/api.w.org\/{rel}","templated":true}]}}