{"id":762921,"date":"2025-08-28T10:24:46","date_gmt":"2025-08-28T07:24:46","guid":{"rendered":"https:\/\/roveyayinevi.com.tr\/index.php\/urun\/buyuk-doga-kitabim\/"},"modified":"2026-04-11T03:26:28","modified_gmt":"2026-04-11T00:26:28","slug":"buyuk-doga-kitabim","status":"publish","type":"product","link":"https:\/\/roveyayinevi.com.tr\/index.php\/urun\/buyuk-doga-kitabim\/","title":{"rendered":"B\u00fcy\u00fck Do\u011fa Kitab\u0131m"},"content":{"rendered":"<p>Tarlalardan ormanlara, nehirlerden g\u00f6llere, \u015fehir parklar\u0131ndan bah\u00e7elere, nerede olursan\u0131z olun, her zaman d\u0131\u015far\u0131 \u00e7\u0131k\u0131p yaban hayat\u0131n\u0131 ke\u015ffedebilirsiniz. Bu kitapta her t\u00fcrden ku\u015fu, kelebe\u011fi ve yaban \u00e7i\u00e7e\u011fini birbirinden g\u00fczel resimler e\u015fli\u011finde tan\u0131maya haz\u0131r m\u0131s\u0131n\u0131z?<\/p>\n","protected":false},"excerpt":{"rendered":"<p>Tarlalardan ormanlara, nehirlerden g\u00f6llere, \u015fehir parklar\u0131ndan bah\u00e7elere, nerede olursan\u0131z olun, her zaman d\u0131\u015far\u0131 \u00e7\u0131k\u0131p yaban hayat\u0131n\u0131 ke\u015ffedebilirsiniz. Bu kitapta her t\u00fcrden ku\u015fu, kelebe\u011fi ve yaban \u00e7i\u00e7e\u011fini<span class=\"excerpt-hellip\"> [\u2026]<\/span><\/p>\n","protected":false},"featured_media":0,"template":"","meta":{"_monsterinsights_skip_tracking":false,"_monsterinsights_sitenote_active":false,"_monsterinsights_sitenote_note":"","_monsterinsights_sitenote_category":0},"product_brand":[],"product_cat":[12274,12284],"product_tag":[],"class_list":{"0":"post-762921","1":"product","2":"type-product","3":"status-publish","5":"product_cat-cocuk-ve-genclik-kitaplari","6":"product_cat-hikayeler","7":"pa_cilt-ciltsiz","8":"pa_tur-kitap","9":"pa_yayinevi-is-bankasi-kultur-yayinlari","10":"pa_yazar-minna-lacey","12":"first","13":"instock","14":"sale","15":"shipping-taxable","16":"purchasable","17":"product-type-simple"},"_links":{"self":[{"href":"https:\/\/roveyayinevi.com.tr\/index.php\/wp-json\/wp\/v2\/product\/762921","targetHints":{"allow":["GET"]}}],"collection":[{"href":"https:\/\/roveyayinevi.com.tr\/index.php\/wp-json\/wp\/v2\/product"}],"about":[{"href":"https:\/\/roveyayinevi.com.tr\/index.php\/wp-json\/wp\/v2\/types\/product"}],"wp:attachment":[{"href":"https:\/\/roveyayinevi.com.tr\/index.php\/wp-json\/wp\/v2\/media?parent=762921"}],"wp:term":[{"taxonomy":"product_brand","embeddable":true,"href":"https:\/\/roveyayinevi.com.tr\/index.php\/wp-json\/wp\/v2\/product_brand?post=762921"},{"taxonomy":"product_cat","embeddable":true,"href":"https:\/\/roveyayinevi.com.tr\/index.php\/wp-json\/wp\/v2\/product_cat?post=762921"},{"taxonomy":"product_tag","embeddable":true,"href":"https:\/\/roveyayinevi.com.tr\/index.php\/wp-json\/wp\/v2\/product_tag?post=762921"}],"curies":[{"name":"wp","href":"https:\/\/api.w.org\/{rel}","templated":true}]}}