{"id":762920,"date":"2025-08-28T10:24:44","date_gmt":"2025-08-28T07:24:44","guid":{"rendered":"https:\/\/roveyayinevi.com.tr\/index.php\/urun\/dinozor-izinin-pesinde-ilk-okuma-kitabim\/"},"modified":"2026-04-15T03:27:49","modified_gmt":"2026-04-15T00:27:49","slug":"dinozor-izinin-pesinde-ilk-okuma-kitabim","status":"publish","type":"product","link":"https:\/\/roveyayinevi.com.tr\/index.php\/urun\/dinozor-izinin-pesinde-ilk-okuma-kitabim\/","title":{"rendered":"Dinozor \u0130zinin Pe\u015finde \u2013 \u0130lk Okuma Kitab\u0131m"},"content":{"rendered":"<p>Dinozor ara\u015ft\u0131rmac\u0131s\u0131 olmak isteyen Yunus, dinozor park\u0131na ve m\u00fczesine gitmeyi \u00e7ok seviyor, ke\u015fif yapmaya bay\u0131l\u0131yordu. G\u00fcnlerden bir g\u00fcn bah\u00e7ede oynarken ilgin\u00e7 bir ta\u015f buldu. \u00c7ok ge\u00e7meden buldu\u011fu ta\u015f\u0131n bir fosil oldu\u011funu anlad\u0131 ve bu fosili ne yapaca\u011f\u0131n\u0131 d\u00fc\u015f\u00fcnmeye ba\u015flad\u0131.<\/p>\n","protected":false},"excerpt":{"rendered":"<p>Dinozor ara\u015ft\u0131rmac\u0131s\u0131 olmak isteyen Yunus, dinozor park\u0131na ve m\u00fczesine gitmeyi \u00e7ok seviyor, ke\u015fif yapmaya bay\u0131l\u0131yordu. G\u00fcnlerden bir g\u00fcn bah\u00e7ede oynarken ilgin\u00e7 bir ta\u015f buldu. \u00c7ok ge\u00e7meden<span class=\"excerpt-hellip\"> [\u2026]<\/span><\/p>\n","protected":false},"featured_media":0,"template":"","meta":{"_monsterinsights_skip_tracking":false,"_monsterinsights_sitenote_active":false,"_monsterinsights_sitenote_note":"","_monsterinsights_sitenote_category":0},"product_brand":[],"product_cat":[12274,12284],"product_tag":[],"class_list":{"0":"post-762920","1":"product","2":"type-product","3":"status-publish","5":"product_cat-cocuk-ve-genclik-kitaplari","6":"product_cat-hikayeler","7":"pa_cilt-ciltsiz","8":"pa_tur-kitap","9":"pa_yayinevi-is-bankasi-kultur-yayinlari","10":"pa_yazar-annette-neubauer","12":"first","13":"instock","14":"sale","15":"shipping-taxable","16":"purchasable","17":"product-type-simple"},"_links":{"self":[{"href":"https:\/\/roveyayinevi.com.tr\/index.php\/wp-json\/wp\/v2\/product\/762920","targetHints":{"allow":["GET"]}}],"collection":[{"href":"https:\/\/roveyayinevi.com.tr\/index.php\/wp-json\/wp\/v2\/product"}],"about":[{"href":"https:\/\/roveyayinevi.com.tr\/index.php\/wp-json\/wp\/v2\/types\/product"}],"wp:attachment":[{"href":"https:\/\/roveyayinevi.com.tr\/index.php\/wp-json\/wp\/v2\/media?parent=762920"}],"wp:term":[{"taxonomy":"product_brand","embeddable":true,"href":"https:\/\/roveyayinevi.com.tr\/index.php\/wp-json\/wp\/v2\/product_brand?post=762920"},{"taxonomy":"product_cat","embeddable":true,"href":"https:\/\/roveyayinevi.com.tr\/index.php\/wp-json\/wp\/v2\/product_cat?post=762920"},{"taxonomy":"product_tag","embeddable":true,"href":"https:\/\/roveyayinevi.com.tr\/index.php\/wp-json\/wp\/v2\/product_tag?post=762920"}],"curies":[{"name":"wp","href":"https:\/\/api.w.org\/{rel}","templated":true}]}}