{"id":762917,"date":"2025-08-28T10:24:39","date_gmt":"2025-08-28T07:24:39","guid":{"rendered":"https:\/\/roveyayinevi.com.tr\/index.php\/urun\/jack-london-2\/"},"modified":"2026-04-15T03:27:49","modified_gmt":"2026-04-15T00:27:49","slug":"jack-london-2","status":"publish","type":"product","link":"https:\/\/roveyayinevi.com.tr\/index.php\/urun\/jack-london-2\/","title":{"rendered":"Jack London"},"content":{"rendered":"<p>Vah\u015fetin \u00c7a\u011fr\u0131s\u0131, Beyaz Di\u015f, Deniz Kurdu, Martin Eden, Demir \u00d6k\u00e7e, U\u00e7urum \u0130nsanlar\u0131, Ademden \u00d6nce, Ay Vadisi gibi romanlar\u0131 ve Ate\u015f Yakmak ba\u015fta olmak \u00fczere onlarca hik\u00e2yesiyle d\u00fcnyan\u0131n en tan\u0131nan edebiyat\u00e7\u0131lar\u0131ndan biri olan Amerikal\u0131 yazar Jack London (1876 \u2013 1916), San Francisco\u2019da bedensel \u00e7al\u0131\u015fmayla ge\u00e7en yoksul hayat\u0131n\u0131n bir noktas\u0131nda stratejik bir karar verdi ve alt\u0131n aray\u0131c\u0131l\u0131\u011f\u0131ndan servet edinme hayaliyle at\u0131ld\u0131\u011f\u0131 Klondike maceras\u0131 s\u0131ras\u0131nda kald\u0131\u011f\u0131 madenci kul\u00fcbesinin duvar\u0131na bu karar\u0131n\u0131 kaz\u0131d\u0131: \u201cJACK LONDON MADENC\u0130 YAZAR 27 OCAK 1898\u201d. 21 ya\u015f\u0131ndayd\u0131.Alt\u0131n bulamad\u0131 ama hayat\u0131n\u0131n en b\u00fcy\u00fck madenini ke\u015ffetti: Ya\u015fad\u0131klar\u0131n\u0131, g\u00f6rd\u00fcklerini ve duyduklar\u0131n\u0131, akl\u0131n\u0131n t\u00fcm kudretiyle, y\u00fcre\u011finin b\u00fct\u00fcn heyecan\u0131yla ak\u0131p giden kelimelere d\u00f6kme kuvvetini. Kuzeyin donmu\u015f topraklar\u0131ndaki insanlarla hayvanlar\u0131n ya\u015fam m\u00fccadelesi birka\u00e7 y\u0131l i\u00e7inde onun kaleminin g\u00fcc\u00fcyle b\u00fct\u00fcn d\u00fcnyaya yay\u0131lacak, kendisi de b\u00fcy\u00fck bir yazar olarak kabul g\u00f6recek, \u015f\u00f6hrete ve paraya kavu\u015facakt\u0131.Ancak \u00e7ocuklu\u011fundan beri i\u00e7inde ya\u015fad\u0131\u011f\u0131 vah\u015fi kapitalizme olan s\u0131n\u0131fsal \u00f6fkesini asla unutmad\u0131 Jack London. Bir yandan sanat\u00e7\u0131 arkada\u015flar\u0131yla zengin ve bohem bir hayat s\u00fcrer, sahip oldu\u011fu yatla G\u00fcney Denizlerine seyahatler d\u00fczenler, y\u0131llar i\u00e7inde geni\u015f bir alana yay\u0131larak devasa bir i\u015fletmeye d\u00f6n\u00fc\u015fen \u00e7iftli\u011fini kurarken bir yandan da toplumsal adaletsizlikleri ve yoksullarla ezilenlerin m\u00fccadelesini i\u015fleyen roman, hik\u00e2ye ve yaz\u0131lar kaleme ald\u0131.Kimi T\u00fcrk\u00e7e \u00e7evirilerinde de tan\u0131k oldu\u011fumuz \u00fczere kurdu\u011fu muazzam c\u00fcmlelerin basitle\u015ftirilmesine ra\u011fmen insan\u0131n \u00f6z\u00fcne hitap eden hik\u00e2yelerinin sa\u011flaml\u0131\u011f\u0131 ve ger\u00e7ekli\u011fi sayesinde her zaman gen\u00e7 ve diri kald\u0131. \u00d6l\u00fcm\u00fcn\u00fcn \u00fczerinden bir as\u0131r ge\u00e7mesine kar\u015f\u0131n, Jack London, kor gibi \u0131\u015f\u0131ldamaya devam ediyor.<\/p>\n","protected":false},"excerpt":{"rendered":"<p>Vah\u015fetin \u00c7a\u011fr\u0131s\u0131, Beyaz Di\u015f, Deniz Kurdu, Martin Eden, Demir \u00d6k\u00e7e, U\u00e7urum \u0130nsanlar\u0131, Ademden \u00d6nce, Ay Vadisi gibi romanlar\u0131 ve Ate\u015f Yakmak ba\u015fta olmak \u00fczere onlarca hik\u00e2yesiyle<span class=\"excerpt-hellip\"> [\u2026]<\/span><\/p>\n","protected":false},"featured_media":0,"template":"","meta":{"_monsterinsights_skip_tracking":false,"_monsterinsights_sitenote_active":false,"_monsterinsights_sitenote_note":"","_monsterinsights_sitenote_category":0},"product_brand":[],"product_cat":[14009,12291],"product_tag":[],"class_list":{"0":"post-762917","1":"product","2":"type-product","3":"status-publish","5":"product_cat-biyografi-otobiyografi-edebiyat","6":"product_cat-edebiyat","7":"pa_cilt-ciltsiz","8":"pa_tur-kitap","9":"pa_yayinevi-is-bankasi-kultur-yayinlari","10":"pa_yazar-james-l-haley","12":"first","13":"instock","14":"sale","15":"shipping-taxable","16":"purchasable","17":"product-type-simple"},"_links":{"self":[{"href":"https:\/\/roveyayinevi.com.tr\/index.php\/wp-json\/wp\/v2\/product\/762917","targetHints":{"allow":["GET"]}}],"collection":[{"href":"https:\/\/roveyayinevi.com.tr\/index.php\/wp-json\/wp\/v2\/product"}],"about":[{"href":"https:\/\/roveyayinevi.com.tr\/index.php\/wp-json\/wp\/v2\/types\/product"}],"wp:attachment":[{"href":"https:\/\/roveyayinevi.com.tr\/index.php\/wp-json\/wp\/v2\/media?parent=762917"}],"wp:term":[{"taxonomy":"product_brand","embeddable":true,"href":"https:\/\/roveyayinevi.com.tr\/index.php\/wp-json\/wp\/v2\/product_brand?post=762917"},{"taxonomy":"product_cat","embeddable":true,"href":"https:\/\/roveyayinevi.com.tr\/index.php\/wp-json\/wp\/v2\/product_cat?post=762917"},{"taxonomy":"product_tag","embeddable":true,"href":"https:\/\/roveyayinevi.com.tr\/index.php\/wp-json\/wp\/v2\/product_tag?post=762917"}],"curies":[{"name":"wp","href":"https:\/\/api.w.org\/{rel}","templated":true}]}}