{"id":762916,"date":"2025-08-28T10:24:37","date_gmt":"2025-08-28T07:24:37","guid":{"rendered":"https:\/\/roveyayinevi.com.tr\/index.php\/urun\/album-yayinlanmamis-yazismalar-ve-metinler\/"},"modified":"2026-04-15T03:27:49","modified_gmt":"2026-04-15T00:27:49","slug":"album-yayinlanmamis-yazismalar-ve-metinler","status":"publish","type":"product","link":"https:\/\/roveyayinevi.com.tr\/index.php\/urun\/album-yayinlanmamis-yazismalar-ve-metinler\/","title":{"rendered":"Alb\u00fcm \u2013 Yay\u0131nlanmam\u0131\u015f Yaz\u0131\u015fmalar ve Metinler"},"content":{"rendered":"<p>Roland Barthes\u2019\u0131n y\u00fcz\u00fcnc\u00fc do\u011fum y\u0131l\u0131n\u0131 kutlama vesilesiyle haz\u0131rlanan Alb\u00fcm genel hatlar\u0131yla kronolojik s\u0131raya g\u00f6re d\u00fczenlenmi\u015f mektupla\u015fmalardan bir se\u00e7kiyle birlikte, Barthes\u2019\u0131n daha \u00f6nce yay\u0131nlanmam\u0131\u015f bir dizi metnini bar\u0131nd\u0131r\u0131yor. Alb\u00fcm\u2019de Raymond Queneau, Maurice Blanchot, Jean Genet, Michel Foucault, Claude L\u00e9vi-Strauss, Georges Perec, Michel Butor, Julia Kristeva ve Jean Starobinski gibi isimlerden olu\u015fan bir dayan\u0131\u015fma ve mektup arkada\u015fl\u0131\u011f\u0131 a\u011f\u0131n\u0131n yar\u0131m y\u00fczy\u0131ll\u0131k d\u00fc\u015f\u00fcn tarihine, Barthes\u2019\u0131n d\u00fcnyayla temas\u0131na \u0131\u015f\u0131k tuttu\u011fu da g\u00f6r\u00fclebilir.<\/p>\n","protected":false},"excerpt":{"rendered":"<p>Roland Barthes\u2019\u0131n y\u00fcz\u00fcnc\u00fc do\u011fum y\u0131l\u0131n\u0131 kutlama vesilesiyle haz\u0131rlanan Alb\u00fcm genel hatlar\u0131yla kronolojik s\u0131raya g\u00f6re d\u00fczenlenmi\u015f mektupla\u015fmalardan bir se\u00e7kiyle birlikte, Barthes\u2019\u0131n daha \u00f6nce yay\u0131nlanmam\u0131\u015f bir dizi metnini<span class=\"excerpt-hellip\"> [\u2026]<\/span><\/p>\n","protected":false},"featured_media":0,"template":"","meta":{"_monsterinsights_skip_tracking":false,"_monsterinsights_sitenote_active":false,"_monsterinsights_sitenote_note":"","_monsterinsights_sitenote_category":0},"product_brand":[],"product_cat":[13072,12291],"product_tag":[],"class_list":{"0":"post-762916","1":"product","2":"type-product","3":"status-publish","5":"product_cat-arastirma-inceleme-referans","6":"product_cat-edebiyat","7":"pa_cilt-ciltsiz","8":"pa_tur-kitap","9":"pa_yayinevi-is-bankasi-kultur-yayinlari","10":"pa_yazar-roland-barthes","12":"first","13":"instock","14":"sale","15":"shipping-taxable","16":"purchasable","17":"product-type-simple"},"_links":{"self":[{"href":"https:\/\/roveyayinevi.com.tr\/index.php\/wp-json\/wp\/v2\/product\/762916","targetHints":{"allow":["GET"]}}],"collection":[{"href":"https:\/\/roveyayinevi.com.tr\/index.php\/wp-json\/wp\/v2\/product"}],"about":[{"href":"https:\/\/roveyayinevi.com.tr\/index.php\/wp-json\/wp\/v2\/types\/product"}],"wp:attachment":[{"href":"https:\/\/roveyayinevi.com.tr\/index.php\/wp-json\/wp\/v2\/media?parent=762916"}],"wp:term":[{"taxonomy":"product_brand","embeddable":true,"href":"https:\/\/roveyayinevi.com.tr\/index.php\/wp-json\/wp\/v2\/product_brand?post=762916"},{"taxonomy":"product_cat","embeddable":true,"href":"https:\/\/roveyayinevi.com.tr\/index.php\/wp-json\/wp\/v2\/product_cat?post=762916"},{"taxonomy":"product_tag","embeddable":true,"href":"https:\/\/roveyayinevi.com.tr\/index.php\/wp-json\/wp\/v2\/product_tag?post=762916"}],"curies":[{"name":"wp","href":"https:\/\/api.w.org\/{rel}","templated":true}]}}