{"id":762908,"date":"2025-08-28T10:24:24","date_gmt":"2025-08-28T07:24:24","guid":{"rendered":"https:\/\/roveyayinevi.com.tr\/index.php\/urun\/barisin-katli-diyarbakir-suruc-ankara\/"},"modified":"2026-01-30T03:56:35","modified_gmt":"2026-01-30T00:56:35","slug":"barisin-katli-diyarbakir-suruc-ankara","status":"publish","type":"product","link":"https:\/\/roveyayinevi.com.tr\/index.php\/urun\/barisin-katli-diyarbakir-suruc-ankara\/","title":{"rendered":"Bar\u0131\u015f\u0131n Katli \u2013 Diyarbak\u0131r \/Suru\u00e7\/ Ankara"},"content":{"rendered":"<p>\u201cBARI\u015eIN KATL\u0130\u201d isimli kitab\u0131 sadece katil I\u015e\u0130D&#8217;in ve arkas\u0131ndaki g\u00fc\u00e7lerin \u00fclkemizde nas\u0131l \u00f6rg\u00fctlendi\u011fini g\u00f6steren tarihi bir belge de\u011fildir. Elinizdeki bu kitap ayn\u0131 zamanda her sat\u0131r\u0131 her c\u00fcmlesi ile katliamlar\u0131 unutmama, unutturmama m\u00fccadelesinin \u00f6nemli bir par\u00e7as\u0131d\u0131r.   Ahmet KARAG\u00d6Z                                                                                                                          KESK E\u015f Genel Ba\u015fkan\u0131   Sevgili Rakel Dink&#8217;in o g\u00fczelim ifadesiyle &#8220;bir bebekten katil yaratan&#8221; bu erkin kendisi ile y\u00fczle\u015fmemizi sa\u011flayan say\u0131n Tacettin Ayd\u0131n&#8217;a te\u015fekk\u00fcr bor\u00e7luyuz. Ya\u015fad\u0131klar\u0131m\u0131z\u0131, ya\u015fanan bu vah\u015fi \u015fiddeti anlamam\u0131za, anlamland\u0131rmam\u0131za edebiyat yoluyla sundu\u011fu katk\u0131s\u0131 nedeniyle&#8230;   \u015eebnem Korur F\u0130NCANCI                                                                                                                       T\u00fcrk Tabipler Birli\u011fi Genel Ba\u015fkan\u0131   Emek i\u00e7in, bar\u0131\u015f i\u00e7in, demokrasi i\u00e7in, \u00fclkemizin ayd\u0131nl\u0131k gelece\u011fini kurma iradesiyle topland\u0131\u011f\u0131m\u0131z Ankara&#8217;da arkada\u015flar\u0131m\u0131z\u0131, dostlar\u0131m\u0131z\u0131, yolda\u015flar\u0131m\u0131z\u0131 ve en ac\u0131s\u0131 da \u00e7ocuklar\u0131m\u0131z\u0131 kaybettik. O g\u00fcnden bug\u00fcne onlar\u0131n hasreti i\u00e7imizde b\u00fcy\u00fcrken ne ac\u0131m\u0131z eksildi, ne de \u00f6fkemiz.                     Arzu \u00c7ERKEZO\u011eLU         D\u0130SK Genel Ba\u015fkan\u0131   <\/p>\n","protected":false},"excerpt":{"rendered":"<p>\u201cBARI\u015eIN KATL\u0130\u201d isimli kitab\u0131 sadece katil I\u015e\u0130D&#8217;in ve arkas\u0131ndaki g\u00fc\u00e7lerin \u00fclkemizde nas\u0131l \u00f6rg\u00fctlendi\u011fini g\u00f6steren tarihi bir belge de\u011fildir. Elinizdeki bu kitap ayn\u0131 zamanda her sat\u0131r\u0131 her<span class=\"excerpt-hellip\"> [\u2026]<\/span><\/p>\n","protected":false},"featured_media":0,"template":"","meta":{"_monsterinsights_skip_tracking":false,"_monsterinsights_sitenote_active":false,"_monsterinsights_sitenote_note":"","_monsterinsights_sitenote_category":0},"product_brand":[],"product_cat":[12291,12711],"product_tag":[],"class_list":{"0":"post-762908","1":"product","2":"type-product","3":"status-publish","5":"product_cat-edebiyat","6":"product_cat-roman-oyku","7":"pa_cilt-ciltsiz","8":"pa_tur-kitap","9":"pa_yayinevi-pangea-kultur-yayinlari","10":"pa_yazar-tacettin-aydin","12":"first","13":"instock","14":"sale","15":"shipping-taxable","16":"purchasable","17":"product-type-simple"},"_links":{"self":[{"href":"https:\/\/roveyayinevi.com.tr\/index.php\/wp-json\/wp\/v2\/product\/762908","targetHints":{"allow":["GET"]}}],"collection":[{"href":"https:\/\/roveyayinevi.com.tr\/index.php\/wp-json\/wp\/v2\/product"}],"about":[{"href":"https:\/\/roveyayinevi.com.tr\/index.php\/wp-json\/wp\/v2\/types\/product"}],"wp:attachment":[{"href":"https:\/\/roveyayinevi.com.tr\/index.php\/wp-json\/wp\/v2\/media?parent=762908"}],"wp:term":[{"taxonomy":"product_brand","embeddable":true,"href":"https:\/\/roveyayinevi.com.tr\/index.php\/wp-json\/wp\/v2\/product_brand?post=762908"},{"taxonomy":"product_cat","embeddable":true,"href":"https:\/\/roveyayinevi.com.tr\/index.php\/wp-json\/wp\/v2\/product_cat?post=762908"},{"taxonomy":"product_tag","embeddable":true,"href":"https:\/\/roveyayinevi.com.tr\/index.php\/wp-json\/wp\/v2\/product_tag?post=762908"}],"curies":[{"name":"wp","href":"https:\/\/api.w.org\/{rel}","templated":true}]}}