{"id":762907,"date":"2025-08-28T10:24:22","date_gmt":"2025-08-28T07:24:22","guid":{"rendered":"https:\/\/roveyayinevi.com.tr\/index.php\/urun\/halidaki-sekil\/"},"modified":"2026-04-15T03:27:49","modified_gmt":"2026-04-15T00:27:49","slug":"halidaki-sekil","status":"publish","type":"product","link":"https:\/\/roveyayinevi.com.tr\/index.php\/urun\/halidaki-sekil\/","title":{"rendered":"Hal\u0131daki \u015eekil"},"content":{"rendered":"<p>Amerikan edebiyat\u0131n\u0131n en \u00f6nemli yazarlar\u0131ndan Henry James\u2019in bu k\u00fc\u00e7\u00fck ama derin boyutlu, \u00fczerine pek \u00e7ok yorum yap\u0131lm\u0131\u015f eseri, bir edebiyat ele\u015ftirmeninin \u00f6nemli bir yazar\u0131n eserlerindeki gizemi ke\u015ffetmek konusundaki saplant\u0131s\u0131n\u0131 anlat\u0131r. Yazar Hugh Vereker\u2019in kendi iddias\u0131na g\u00f6re, b\u00fct\u00fcn eserlerinin i\u00e7inde gizli bir fikir, ince ince i\u015flenmi\u015f bir s\u0131r, karma\u015f\u0131k bir \u015fekil bulunmaktad\u0131r. Kendini bu s\u0131rr\u0131 ke\u015ffetmeye adayan ele\u015ftirmenin bir ba\u015fka ele\u015ftirmen arkada\u015f\u0131n\u0131 ve onun yazar ni\u015fanl\u0131s\u0131n\u0131 da i\u015fin i\u00e7ine katmas\u0131yla mesele \u00fc\u00e7l\u00fc bir \u00e7\u0131lg\u0131nl\u0131k halini al\u0131r. \u201cHik\u00e2yemle ilgili olan birka\u00e7 ki\u015fi i\u00e7in her hal\u00fck\u00e2rda, edebiyat ustal\u0131k gerektiren bir oyundu ve ustal\u0131k cesaret demekti ve cesaret onur demekti ve onur tutku demekti, hayat demekti. Bahse konulan \u015fey \u00f6zel bir maddedendi ve d\u00f6nen zihnimiz ruletimizdi\u2026\u201d <\/p>\n","protected":false},"excerpt":{"rendered":"<p>Amerikan edebiyat\u0131n\u0131n en \u00f6nemli yazarlar\u0131ndan Henry James\u2019in bu k\u00fc\u00e7\u00fck ama derin boyutlu, \u00fczerine pek \u00e7ok yorum yap\u0131lm\u0131\u015f eseri, bir edebiyat ele\u015ftirmeninin \u00f6nemli bir yazar\u0131n eserlerindeki gizemi<span class=\"excerpt-hellip\"> [\u2026]<\/span><\/p>\n","protected":false},"featured_media":0,"template":"","meta":{"_monsterinsights_skip_tracking":false,"_monsterinsights_sitenote_active":false,"_monsterinsights_sitenote_note":"","_monsterinsights_sitenote_category":0},"product_brand":[],"product_cat":[12891,12291],"product_tag":[],"class_list":{"0":"post-762907","1":"product","2":"type-product","3":"status-publish","5":"product_cat-amerikan-edebiyati","6":"product_cat-edebiyat","7":"pa_cilt-ciltsiz","8":"pa_tur-kitap","9":"pa_yayinevi-kirmizi-kedi-yayinevi","10":"pa_yazar-henry-james","12":"first","13":"instock","14":"sale","15":"shipping-taxable","16":"purchasable","17":"product-type-simple"},"_links":{"self":[{"href":"https:\/\/roveyayinevi.com.tr\/index.php\/wp-json\/wp\/v2\/product\/762907","targetHints":{"allow":["GET"]}}],"collection":[{"href":"https:\/\/roveyayinevi.com.tr\/index.php\/wp-json\/wp\/v2\/product"}],"about":[{"href":"https:\/\/roveyayinevi.com.tr\/index.php\/wp-json\/wp\/v2\/types\/product"}],"wp:attachment":[{"href":"https:\/\/roveyayinevi.com.tr\/index.php\/wp-json\/wp\/v2\/media?parent=762907"}],"wp:term":[{"taxonomy":"product_brand","embeddable":true,"href":"https:\/\/roveyayinevi.com.tr\/index.php\/wp-json\/wp\/v2\/product_brand?post=762907"},{"taxonomy":"product_cat","embeddable":true,"href":"https:\/\/roveyayinevi.com.tr\/index.php\/wp-json\/wp\/v2\/product_cat?post=762907"},{"taxonomy":"product_tag","embeddable":true,"href":"https:\/\/roveyayinevi.com.tr\/index.php\/wp-json\/wp\/v2\/product_tag?post=762907"}],"curies":[{"name":"wp","href":"https:\/\/api.w.org\/{rel}","templated":true}]}}