{"id":762905,"date":"2025-08-28T10:24:19","date_gmt":"2025-08-28T07:24:19","guid":{"rendered":"https:\/\/roveyayinevi.com.tr\/index.php\/urun\/iyi-geceler-tavsancik-sihirli-el-feneri-kitabi-ciltli\/"},"modified":"2026-04-15T03:27:49","modified_gmt":"2026-04-15T00:27:49","slug":"iyi-geceler-tavsancik-sihirli-el-feneri-kitabi-ciltli","status":"publish","type":"product","link":"https:\/\/roveyayinevi.com.tr\/index.php\/urun\/iyi-geceler-tavsancik-sihirli-el-feneri-kitabi-ciltli\/","title":{"rendered":"\u0130yi Geceler Tav\u015fanc\u0131k \u2013 Sihirli El Feneri Kitab\u0131 (Ciltli)"},"content":{"rendered":"<p>\u0130yi geleceler uykucular, iyi geceler. Yatma zaman\u0131 geldi.   Tav\u015fanc\u0131k yata\u011fa girmeye haz\u0131r ama \u00f6nce arkada\u015flar\u0131na iyi geceler demek istiyor. Arkada\u015flar\u0131n\u0131 bulmas\u0131 i\u00e7in ona yard\u0131m eder misin?   Karanl\u0131\u011f\u0131n \u00e7\u00f6kt\u00fc\u011f\u00fc yerlerde Tav\u015fanc\u0131\u011f\u0131n arkada\u015flar\u0131n\u0131 bulmak i\u00e7in sihirli el fenerini kullan. <\/p>\n","protected":false},"excerpt":{"rendered":"<p>\u0130yi geleceler uykucular, iyi geceler. Yatma zaman\u0131 geldi. Tav\u015fanc\u0131k yata\u011fa girmeye haz\u0131r ama \u00f6nce arkada\u015flar\u0131na iyi geceler demek istiyor. Arkada\u015flar\u0131n\u0131 bulmas\u0131 i\u00e7in ona yard\u0131m eder misin?<span class=\"excerpt-hellip\"> [\u2026]<\/span><\/p>\n","protected":false},"featured_media":0,"template":"","meta":{"_monsterinsights_skip_tracking":false,"_monsterinsights_sitenote_active":false,"_monsterinsights_sitenote_note":"","_monsterinsights_sitenote_category":0},"product_brand":[],"product_cat":[12274,12518],"product_tag":[],"class_list":{"0":"post-762905","1":"product","2":"type-product","3":"status-publish","5":"product_cat-cocuk-ve-genclik-kitaplari","6":"product_cat-okul-oncesi-kitaplar","7":"pa_cilt-ciltli","8":"pa_tur-kitap","9":"pa_yayinevi-indigo-cocuk","10":"pa_yazar-katie-button","12":"first","13":"instock","14":"sale","15":"shipping-taxable","16":"purchasable","17":"product-type-simple"},"_links":{"self":[{"href":"https:\/\/roveyayinevi.com.tr\/index.php\/wp-json\/wp\/v2\/product\/762905","targetHints":{"allow":["GET"]}}],"collection":[{"href":"https:\/\/roveyayinevi.com.tr\/index.php\/wp-json\/wp\/v2\/product"}],"about":[{"href":"https:\/\/roveyayinevi.com.tr\/index.php\/wp-json\/wp\/v2\/types\/product"}],"wp:attachment":[{"href":"https:\/\/roveyayinevi.com.tr\/index.php\/wp-json\/wp\/v2\/media?parent=762905"}],"wp:term":[{"taxonomy":"product_brand","embeddable":true,"href":"https:\/\/roveyayinevi.com.tr\/index.php\/wp-json\/wp\/v2\/product_brand?post=762905"},{"taxonomy":"product_cat","embeddable":true,"href":"https:\/\/roveyayinevi.com.tr\/index.php\/wp-json\/wp\/v2\/product_cat?post=762905"},{"taxonomy":"product_tag","embeddable":true,"href":"https:\/\/roveyayinevi.com.tr\/index.php\/wp-json\/wp\/v2\/product_tag?post=762905"}],"curies":[{"name":"wp","href":"https:\/\/api.w.org\/{rel}","templated":true}]}}