{"id":762904,"date":"2025-08-28T10:24:17","date_gmt":"2025-08-28T07:24:17","guid":{"rendered":"https:\/\/roveyayinevi.com.tr\/index.php\/urun\/atalarin-izleri-2-koklerden-goklere\/"},"modified":"2026-04-15T03:27:49","modified_gmt":"2026-04-15T00:27:49","slug":"atalarin-izleri-2-koklerden-goklere","status":"publish","type":"product","link":"https:\/\/roveyayinevi.com.tr\/index.php\/urun\/atalarin-izleri-2-koklerden-goklere\/","title":{"rendered":"Atalar\u0131n \u0130zleri 2 : K\u00f6klerden G\u00f6klere"},"content":{"rendered":"<p>Unutulan ne varsa tekrara maruz kal\u0131r\u2026Atalar\u0131n izlerini s\u00fcrmek, ge\u00e7mi\u015fe tutunmak de\u011fil, k\u00f6klerimizi hat\u0131rlamakt\u0131r. San\u0131r\u0131z ki \u015fu an alamad\u0131\u011f\u0131m terfinin, ilerleyemedi\u011fim yolun sebebidir atalar\u0131m. Kaybettikleri bir topra\u011f\u0131n, arkas\u0131nda durulmam\u0131\u015f bir s\u00f6z\u00fcn sebebidir san\u0131r\u0131z olanlar. Oysa, ya\u015fanan ac\u0131 tatl\u0131 anlar\u0131n i\u00e7inden ge\u00e7erek, ya\u015fananlar\u0131n k\u0131ymetini unutmakt\u0131r, yolumuzun \u00f6n\u00fcnde duran. \u201cD\u00f6n bak\u201d der, \u201csenden \u00f6nce y\u00fcr\u00fcnen yollar var, orada can, orada ter var.\u201d \u201cAl hazinesini, al senden \u00f6nce yolu y\u00fcr\u00fcyenlerin izlerini, unutma\u201d der bize yol. \u00c7\u00fcnk\u00fc unutulan ne varsa tekrara maruz kal\u0131r. K\u00f6klerimize dair bir pencere a\u00e7an K\u00f6ken Aile A\u00e7\u0131l\u0131m\u0131, bizi biz yapan t\u00fcm deneyimlerin toplam\u0131d\u0131r. Zenginli\u011fi, hediyesi, g\u00f6zya\u015f\u0131, unutulu\u015fu hepsi bize dair, hepsi biz. Buldu\u011fumuz ve hat\u0131rlad\u0131\u011f\u0131m\u0131z her ad\u0131m bizi ileriye ta\u015f\u0131r, \u00e7\u00fcnk\u00fc iz s\u00fcrerek ge\u00e7ti\u011fimiz t\u00fcm o yollar, deneyimin zenginli\u011fiyle bizi kendi yolumuza haz\u0131rlar. Atalar\u0131n\u0131n izinde oldu\u011funu fark etmeden bile, bu kitab\u0131 eline alm\u0131\u015f olabilirsin. Bil ki okuyacaklar\u0131n k\u00f6klerine dair bir hat\u0131rlay\u0131\u015f, susuz kalm\u0131\u015f anlar\u0131na kaynak olacak.Zeytin A\u011fac\u0131 dizisinin dan\u0131\u015fmanlar\u0131ndan Sabri Sal\u0131\u015f, b\u00fcy\u00fck ilgi g\u00f6ren Atalar\u0131n \u0130zleri, K\u00f6ken Aile A\u00e7\u0131l\u0131m\u0131 kitab\u0131ndan sonra ikinci kitab\u0131 K\u00f6klerden G\u00f6klere, Atalar\u0131n \u0130zleri II\u2019de, nas\u0131l k\u00f6klerimizi hat\u0131rlayaca\u011f\u0131m\u0131z\u0131, hayat\u0131m\u0131z\u0131n bereketini a\u00e7aca\u011f\u0131m\u0131z\u0131 ve \u00f6zde\u011ferimizi kucaklayaca\u011f\u0131m\u0131z\u0131 anlat\u0131yor. K\u00f6klerini hat\u0131rlayan k\u00f6klenir, dallar\u0131 g\u00f6klere uzar.<\/p>\n","protected":false},"excerpt":{"rendered":"<p>Unutulan ne varsa tekrara maruz kal\u0131r\u2026Atalar\u0131n izlerini s\u00fcrmek, ge\u00e7mi\u015fe tutunmak de\u011fil, k\u00f6klerimizi hat\u0131rlamakt\u0131r. San\u0131r\u0131z ki \u015fu an alamad\u0131\u011f\u0131m terfinin, ilerleyemedi\u011fim yolun sebebidir atalar\u0131m. Kaybettikleri bir topra\u011f\u0131n,<span class=\"excerpt-hellip\"> [\u2026]<\/span><\/p>\n","protected":false},"featured_media":0,"template":"","meta":{"_monsterinsights_skip_tracking":false,"_monsterinsights_sitenote_active":false,"_monsterinsights_sitenote_note":"","_monsterinsights_sitenote_category":0},"product_brand":[],"product_cat":[12364,12376],"product_tag":[],"class_list":{"0":"post-762904","1":"product","2":"type-product","3":"status-publish","5":"product_cat-genel-konular","6":"product_cat-kisisel-gelisim","7":"pa_cilt-ciltsiz","8":"pa_tur-kitap","9":"pa_yayinevi-dogan-novus","10":"pa_yazar-sabri-salis","12":"first","13":"instock","14":"sale","15":"shipping-taxable","16":"purchasable","17":"product-type-simple"},"_links":{"self":[{"href":"https:\/\/roveyayinevi.com.tr\/index.php\/wp-json\/wp\/v2\/product\/762904","targetHints":{"allow":["GET"]}}],"collection":[{"href":"https:\/\/roveyayinevi.com.tr\/index.php\/wp-json\/wp\/v2\/product"}],"about":[{"href":"https:\/\/roveyayinevi.com.tr\/index.php\/wp-json\/wp\/v2\/types\/product"}],"wp:attachment":[{"href":"https:\/\/roveyayinevi.com.tr\/index.php\/wp-json\/wp\/v2\/media?parent=762904"}],"wp:term":[{"taxonomy":"product_brand","embeddable":true,"href":"https:\/\/roveyayinevi.com.tr\/index.php\/wp-json\/wp\/v2\/product_brand?post=762904"},{"taxonomy":"product_cat","embeddable":true,"href":"https:\/\/roveyayinevi.com.tr\/index.php\/wp-json\/wp\/v2\/product_cat?post=762904"},{"taxonomy":"product_tag","embeddable":true,"href":"https:\/\/roveyayinevi.com.tr\/index.php\/wp-json\/wp\/v2\/product_tag?post=762904"}],"curies":[{"name":"wp","href":"https:\/\/api.w.org\/{rel}","templated":true}]}}