{"id":762903,"date":"2025-08-28T10:24:15","date_gmt":"2025-08-28T07:24:15","guid":{"rendered":"https:\/\/roveyayinevi.com.tr\/index.php\/urun\/dus-ekmegi-batik-bir-gemi\/"},"modified":"2026-04-08T03:24:31","modified_gmt":"2026-04-08T00:24:31","slug":"dus-ekmegi-batik-bir-gemi","status":"publish","type":"product","link":"https:\/\/roveyayinevi.com.tr\/index.php\/urun\/dus-ekmegi-batik-bir-gemi\/","title":{"rendered":"D\u00fc\u015f Ekme\u011fi &#8211; Bat\u0131k Bir Gemi"},"content":{"rendered":"<p>D\u00f6nemin toplumsal yap\u0131s\u0131n\u0131, insan ili\u015fkilerini ve bireylerin ya\u015fam m\u00fccadelesini ger\u00e7ek\u00e7i bir bak\u0131\u015f a\u00e7\u0131s\u0131yla yans\u0131tan usta yazar Oktay Akbal\u2019\u0131n iki roman\u0131 bir arada\u2026Bir lise \u00f6\u011frencisinin meraklar\u0131n\u0131, ilk a\u015fklar\u0131n\u0131, sanatsal aray\u0131\u015flar\u0131n\u0131 ve k\u00fc\u00e7\u00fck ser\u00fcvenlerini an\u0131 defteri arac\u0131l\u0131\u011f\u0131yla anlatan; Oktay Akbal\u2019\u0131n ya\u015fam\u0131ndan da izler ta\u015f\u0131yan D\u00fc\u015f Ekme\u011fi \u0130kinci D\u00fcnya Sava\u015f\u0131 y\u0131llar\u0131n\u0131n \u0130stanbul\u2019unda ge\u00e7en, dostlu\u011fa ve edebiyata dair bir roman. Hastaland\u0131\u011f\u0131 i\u00e7in sevdiklerinden uzakla\u015fan ya\u015fl\u0131 bir adam\u0131n, ge\u00e7mi\u015fiyle hesapla\u015fmas\u0131n\u0131n anlat\u0131ld\u0131\u011f\u0131 Bat\u0131k Bir Gemi\u2019de ise Oktay Akbal roman kahraman\u0131n i\u00e7 d\u00fcnyas\u0131nda ya\u015fad\u0131\u011f\u0131 \u00e7alkant\u0131lar arac\u0131l\u0131\u011f\u0131yla toplumun yozla\u015fmas\u0131, adaletsizlik ve bir t\u00fcrl\u00fc \u00e7\u00f6z\u00fcmlenmeyen sorunlar kar\u015f\u0131s\u0131nda ya\u015fad\u0131\u011f\u0131 hayal k\u0131r\u0131kl\u0131\u011f\u0131n\u0131 ele\u015ftirel bir \u00fcslupla dile getiriyor. D\u00fc\u015f Ekme\u011fi, Oktay Akbal&#8217;\u0131n insan ruhunun derinliklerine yapt\u0131\u011f\u0131 yolculukla dikkat \u00e7ekerken Bat\u0131k Bir Gemi, toplumsal ele\u015ftiri y\u00f6n\u00fc a\u011f\u0131r basan romanlar\u0131ndan biri olarak edebiyat\u0131m\u0131zda ayr\u0131ks\u0131 bir yere sahiptir. <\/p>\n","protected":false},"excerpt":{"rendered":"<p>D\u00f6nemin toplumsal yap\u0131s\u0131n\u0131, insan ili\u015fkilerini ve bireylerin ya\u015fam m\u00fccadelesini ger\u00e7ek\u00e7i bir bak\u0131\u015f a\u00e7\u0131s\u0131yla yans\u0131tan usta yazar Oktay Akbal\u2019\u0131n iki roman\u0131 bir arada\u2026Bir lise \u00f6\u011frencisinin meraklar\u0131n\u0131, ilk<span class=\"excerpt-hellip\"> [\u2026]<\/span><\/p>\n","protected":false},"featured_media":0,"template":"","meta":{"_monsterinsights_skip_tracking":false,"_monsterinsights_sitenote_active":false,"_monsterinsights_sitenote_note":"","_monsterinsights_sitenote_category":0},"product_brand":[],"product_cat":[12291,12711],"product_tag":[],"class_list":{"0":"post-762903","1":"product","2":"type-product","3":"status-publish","5":"product_cat-edebiyat","6":"product_cat-roman-oyku","7":"pa_cilt-ciltsiz","8":"pa_tur-kitap","9":"pa_yayinevi-dogan-kitap","10":"pa_yazar-oktay-akbal","12":"first","13":"instock","14":"sale","15":"shipping-taxable","16":"purchasable","17":"product-type-simple"},"_links":{"self":[{"href":"https:\/\/roveyayinevi.com.tr\/index.php\/wp-json\/wp\/v2\/product\/762903","targetHints":{"allow":["GET"]}}],"collection":[{"href":"https:\/\/roveyayinevi.com.tr\/index.php\/wp-json\/wp\/v2\/product"}],"about":[{"href":"https:\/\/roveyayinevi.com.tr\/index.php\/wp-json\/wp\/v2\/types\/product"}],"wp:attachment":[{"href":"https:\/\/roveyayinevi.com.tr\/index.php\/wp-json\/wp\/v2\/media?parent=762903"}],"wp:term":[{"taxonomy":"product_brand","embeddable":true,"href":"https:\/\/roveyayinevi.com.tr\/index.php\/wp-json\/wp\/v2\/product_brand?post=762903"},{"taxonomy":"product_cat","embeddable":true,"href":"https:\/\/roveyayinevi.com.tr\/index.php\/wp-json\/wp\/v2\/product_cat?post=762903"},{"taxonomy":"product_tag","embeddable":true,"href":"https:\/\/roveyayinevi.com.tr\/index.php\/wp-json\/wp\/v2\/product_tag?post=762903"}],"curies":[{"name":"wp","href":"https:\/\/api.w.org\/{rel}","templated":true}]}}