{"id":762901,"date":"2025-08-28T10:24:11","date_gmt":"2025-08-28T07:24:11","guid":{"rendered":"https:\/\/roveyayinevi.com.tr\/index.php\/urun\/dunyayi-parlatan-cocuklar\/"},"modified":"2026-01-30T03:56:34","modified_gmt":"2026-01-30T00:56:34","slug":"dunyayi-parlatan-cocuklar","status":"publish","type":"product","link":"https:\/\/roveyayinevi.com.tr\/index.php\/urun\/dunyayi-parlatan-cocuklar\/","title":{"rendered":"D\u00fcnyay\u0131 Parlatan \u00c7ocuklar"},"content":{"rendered":"<p>Sen yoktun, ben yoktum. O vard\u0131. Onun hik\u00e2yesinin evveli \u00e7ok ba\u015fkayd\u0131. O kim miydi? Ne miydi? Ohayatt\u0131, \u0131\u015f\u0131kt\u0131, yery\u00fcz\u00fcn\u00fcn g\u00f6ky\u00fcz\u00fcnde yanan kandiliydi. Kimsesiz k\u0131\u015f gecelerinin dondurucuayaz\u0131nda i\u00e7imizi g\u00f6r\u00fcnt\u00fcs\u00fcyle \u0131s\u0131tan bir \u015f\u00f6mineydi. O evrenin sultan\u0131 G\u00fcne\u015f\u2019ti.G\u00fcne\u015f\u2019in pek \u00e7ok gezegeni vard\u0131. Bu gezegenler i\u00e7inde en \u00e7ok sevdi\u011fi gezegenin ad\u0131 D\u00fcnyayd\u0131.D\u00fcnya di\u011ferlerinden farkl\u0131yd\u0131. Karma\u015f\u0131k duygu durumlar\u0131 ve \u00fczerinde meydana gelen olaylar\u0131yla birm\u0131knat\u0131s gibi G\u00fcne\u015f\u2019i kendine do\u011fru \u00e7ekmekteydi.<\/p>\n","protected":false},"excerpt":{"rendered":"<p>Sen yoktun, ben yoktum. O vard\u0131. Onun hik\u00e2yesinin evveli \u00e7ok ba\u015fkayd\u0131. O kim miydi? Ne miydi? Ohayatt\u0131, \u0131\u015f\u0131kt\u0131, yery\u00fcz\u00fcn\u00fcn g\u00f6ky\u00fcz\u00fcnde yanan kandiliydi. Kimsesiz k\u0131\u015f gecelerinin dondurucuayaz\u0131nda<span class=\"excerpt-hellip\"> [\u2026]<\/span><\/p>\n","protected":false},"featured_media":0,"template":"","meta":{"_monsterinsights_skip_tracking":false,"_monsterinsights_sitenote_active":false,"_monsterinsights_sitenote_note":"","_monsterinsights_sitenote_category":0},"product_brand":[],"product_cat":[12274,12284],"product_tag":[],"class_list":{"0":"post-762901","1":"product","2":"type-product","3":"status-publish","5":"product_cat-cocuk-ve-genclik-kitaplari","6":"product_cat-hikayeler","7":"pa_cilt-ciltsiz","8":"pa_tur-kitap","9":"pa_yayinevi-vova-yayinlari","10":"pa_yazar-cemile-arisoy","12":"first","13":"instock","14":"sale","15":"shipping-taxable","16":"purchasable","17":"product-type-simple"},"_links":{"self":[{"href":"https:\/\/roveyayinevi.com.tr\/index.php\/wp-json\/wp\/v2\/product\/762901","targetHints":{"allow":["GET"]}}],"collection":[{"href":"https:\/\/roveyayinevi.com.tr\/index.php\/wp-json\/wp\/v2\/product"}],"about":[{"href":"https:\/\/roveyayinevi.com.tr\/index.php\/wp-json\/wp\/v2\/types\/product"}],"wp:attachment":[{"href":"https:\/\/roveyayinevi.com.tr\/index.php\/wp-json\/wp\/v2\/media?parent=762901"}],"wp:term":[{"taxonomy":"product_brand","embeddable":true,"href":"https:\/\/roveyayinevi.com.tr\/index.php\/wp-json\/wp\/v2\/product_brand?post=762901"},{"taxonomy":"product_cat","embeddable":true,"href":"https:\/\/roveyayinevi.com.tr\/index.php\/wp-json\/wp\/v2\/product_cat?post=762901"},{"taxonomy":"product_tag","embeddable":true,"href":"https:\/\/roveyayinevi.com.tr\/index.php\/wp-json\/wp\/v2\/product_tag?post=762901"}],"curies":[{"name":"wp","href":"https:\/\/api.w.org\/{rel}","templated":true}]}}