{"id":762898,"date":"2025-08-28T10:24:05","date_gmt":"2025-08-28T07:24:05","guid":{"rendered":"https:\/\/roveyayinevi.com.tr\/index.php\/urun\/gayya-kuyusu-3\/"},"modified":"2026-01-30T03:56:34","modified_gmt":"2026-01-30T00:56:34","slug":"gayya-kuyusu-3","status":"publish","type":"product","link":"https:\/\/roveyayinevi.com.tr\/index.php\/urun\/gayya-kuyusu-3\/","title":{"rendered":"Gayya Kuyusu"},"content":{"rendered":"<p>Yine bug\u00fcn g\u00fcman doldu g\u00f6nl\u00fcme \u015eu tatl\u0131 can\u0131mdan ge\u00e7mi\u015f gibiyim Neler g\u00f6rd\u00fcm \u00e7ek ettim de \u00f6mr\u00fcme Gayya kuyusuna d\u00fc\u015fm\u00fc\u015f gibiyim   Ben kovar\u0131m dertler bana gel olur Topland\u0131lar y\u00fcre\u011fimde g\u00f6l olur Dizilseler bizim ele yol olur Gayya kuyusuna d\u00fc\u015fm\u00fc\u015f gibiyim   \u00c7o\u011fal\u0131yor eksilmiyor katar\u0131m Alan olsa zarar\u0131na satar\u0131m \u00c7\u0131kmak i\u00e7in \u00e7\u0131rp\u0131nd\u0131k\u00e7a batar\u0131m Gayya kuyusuna d\u00fc\u015fm\u00fc\u015f gibiyim   Ba\u011f\u0131rsam \u00e7a\u011f\u0131rsam nefesim yetmez Kime ne s\u00f6ylesem s\u00f6z\u00fcm kar etmez \u00c7\u0131kmak istiyorum merdiven yetmez Gayya kuyusuna d\u00fc\u015fm\u00fc\u015f gibiyim   Kazan kurdum dertlerimi pi\u015firdim \u00dczerine koydum koydum ta\u015f\u0131rd\u0131m \u0130NCE MEMET ben akl\u0131m\u0131 \u015fa\u015f\u0131rd\u0131m Gayya kuyusuna d\u00fc\u015fm\u00fc\u015f gibiyim<\/p>\n","protected":false},"excerpt":{"rendered":"<p>Yine bug\u00fcn g\u00fcman doldu g\u00f6nl\u00fcme \u015eu tatl\u0131 can\u0131mdan ge\u00e7mi\u015f gibiyim Neler g\u00f6rd\u00fcm \u00e7ek ettim de \u00f6mr\u00fcme Gayya kuyusuna d\u00fc\u015fm\u00fc\u015f gibiyim Ben kovar\u0131m dertler bana gel olur<span class=\"excerpt-hellip\"> [\u2026]<\/span><\/p>\n","protected":false},"featured_media":0,"template":"","meta":{"_monsterinsights_skip_tracking":false,"_monsterinsights_sitenote_active":false,"_monsterinsights_sitenote_note":"","_monsterinsights_sitenote_category":0},"product_brand":[],"product_cat":[12291,12509],"product_tag":[],"class_list":{"0":"post-762898","1":"product","2":"type-product","3":"status-publish","5":"product_cat-edebiyat","6":"product_cat-siir","7":"pa_cilt-ciltsiz","8":"pa_tur-kitap","9":"pa_yayinevi-vova-yayinlari","10":"pa_yazar-mehmet-keskin","12":"first","13":"instock","14":"sale","15":"shipping-taxable","16":"purchasable","17":"product-type-simple"},"_links":{"self":[{"href":"https:\/\/roveyayinevi.com.tr\/index.php\/wp-json\/wp\/v2\/product\/762898","targetHints":{"allow":["GET"]}}],"collection":[{"href":"https:\/\/roveyayinevi.com.tr\/index.php\/wp-json\/wp\/v2\/product"}],"about":[{"href":"https:\/\/roveyayinevi.com.tr\/index.php\/wp-json\/wp\/v2\/types\/product"}],"wp:attachment":[{"href":"https:\/\/roveyayinevi.com.tr\/index.php\/wp-json\/wp\/v2\/media?parent=762898"}],"wp:term":[{"taxonomy":"product_brand","embeddable":true,"href":"https:\/\/roveyayinevi.com.tr\/index.php\/wp-json\/wp\/v2\/product_brand?post=762898"},{"taxonomy":"product_cat","embeddable":true,"href":"https:\/\/roveyayinevi.com.tr\/index.php\/wp-json\/wp\/v2\/product_cat?post=762898"},{"taxonomy":"product_tag","embeddable":true,"href":"https:\/\/roveyayinevi.com.tr\/index.php\/wp-json\/wp\/v2\/product_tag?post=762898"}],"curies":[{"name":"wp","href":"https:\/\/api.w.org\/{rel}","templated":true}]}}