{"id":762897,"date":"2025-08-28T10:24:04","date_gmt":"2025-08-28T07:24:04","guid":{"rendered":"https:\/\/roveyayinevi.com.tr\/index.php\/urun\/veli-baba-ansa-baci-ve-siraclik-kulturu-soru-cevapli\/"},"modified":"2026-01-30T03:56:34","modified_gmt":"2026-01-30T00:56:34","slug":"veli-baba-ansa-baci-ve-siraclik-kulturu-soru-cevapli","status":"publish","type":"product","link":"https:\/\/roveyayinevi.com.tr\/index.php\/urun\/veli-baba-ansa-baci-ve-siraclik-kulturu-soru-cevapli\/","title":{"rendered":"Veli Baba-An\u015fa Bac\u0131 ve S\u0131ra\u00e7l\u0131k K\u00fclt\u00fcr\u00fc (Soru \/Cevapl\u0131)"},"content":{"rendered":"<p>Da\u011f\u0131lan Hubyar Taliplerini toplayan Tokat-Zile-Ac\u0131su K\u00f6y\u00fc&#8217;nden do\u011fan nur; Veli Baba\u2026.   Veli Baba&#8217;n\u0131n nurunu yayarak geni\u015fleten, Anadolu&#8217;nun zulme direnen ilk T\u00fcrk kad\u0131n dini liderlerinden An\u015fa Bac\u0131\u2026   Bu g\u00fcne kadar s\u0131r kalm\u0131\u015f, i\u00e7ine girilememi\u015f, s\u0131rlar\u0131 \u00e7\u00f6z\u00fclememi\u015f bir topluluk SIRA\u00c7LAR\u2026   Tan\u0131nmayan bilinemez\u2026 Bilinmeyen tan\u0131namaz\u2026.<\/p>\n","protected":false},"excerpt":{"rendered":"<p>Da\u011f\u0131lan Hubyar Taliplerini toplayan Tokat-Zile-Ac\u0131su K\u00f6y\u00fc&#8217;nden do\u011fan nur; Veli Baba\u2026. Veli Baba&#8217;n\u0131n nurunu yayarak geni\u015fleten, Anadolu&#8217;nun zulme direnen ilk T\u00fcrk kad\u0131n dini liderlerinden An\u015fa Bac\u0131\u2026 Bu<span class=\"excerpt-hellip\"> [\u2026]<\/span><\/p>\n","protected":false},"featured_media":0,"template":"","meta":{"_monsterinsights_skip_tracking":false,"_monsterinsights_sitenote_active":false,"_monsterinsights_sitenote_note":"","_monsterinsights_sitenote_category":0},"product_brand":[],"product_cat":[12324],"product_tag":[],"class_list":{"0":"post-762897","1":"product","2":"type-product","3":"status-publish","5":"product_cat-sosyoloji","6":"pa_cilt-ciltsiz","7":"pa_tur-kitap","8":"pa_yayinevi-vova-yayinlari","9":"pa_yazar-ismail-celebi","11":"first","12":"instock","13":"sale","14":"shipping-taxable","15":"purchasable","16":"product-type-simple"},"_links":{"self":[{"href":"https:\/\/roveyayinevi.com.tr\/index.php\/wp-json\/wp\/v2\/product\/762897","targetHints":{"allow":["GET"]}}],"collection":[{"href":"https:\/\/roveyayinevi.com.tr\/index.php\/wp-json\/wp\/v2\/product"}],"about":[{"href":"https:\/\/roveyayinevi.com.tr\/index.php\/wp-json\/wp\/v2\/types\/product"}],"wp:attachment":[{"href":"https:\/\/roveyayinevi.com.tr\/index.php\/wp-json\/wp\/v2\/media?parent=762897"}],"wp:term":[{"taxonomy":"product_brand","embeddable":true,"href":"https:\/\/roveyayinevi.com.tr\/index.php\/wp-json\/wp\/v2\/product_brand?post=762897"},{"taxonomy":"product_cat","embeddable":true,"href":"https:\/\/roveyayinevi.com.tr\/index.php\/wp-json\/wp\/v2\/product_cat?post=762897"},{"taxonomy":"product_tag","embeddable":true,"href":"https:\/\/roveyayinevi.com.tr\/index.php\/wp-json\/wp\/v2\/product_tag?post=762897"}],"curies":[{"name":"wp","href":"https:\/\/api.w.org\/{rel}","templated":true}]}}