{"id":762896,"date":"2025-08-28T10:24:02","date_gmt":"2025-08-28T07:24:02","guid":{"rendered":"https:\/\/roveyayinevi.com.tr\/index.php\/urun\/doganlar-ciftligi\/"},"modified":"2026-01-30T03:56:34","modified_gmt":"2026-01-30T00:56:34","slug":"doganlar-ciftligi","status":"publish","type":"product","link":"https:\/\/roveyayinevi.com.tr\/index.php\/urun\/doganlar-ciftligi\/","title":{"rendered":"Do\u011fanlar \u00c7iftli\u011fi"},"content":{"rendered":"<p>U\u00e7a\u011f\u0131n motorlar\u0131ndan gelen homurtular artmaya ba\u015flay\u0131nca, ben de iyice korkmaya ba\u015flam\u0131\u015ft\u0131m.   Yan g\u00f6zle Bora\u2019ya bakt\u0131m. \u00c7ok sakin g\u00f6r\u00fcn\u00fcyordu.   \u0130stanbul\u2019daki ya\u015fam\u0131m g\u00f6zlerimin \u00f6n\u00fcnden ge\u00e7erken, korkuyla oturdu\u011fum koltu\u011fun kenarlar\u0131na s\u0131k\u0131ca yap\u0131\u015ft\u0131m.   &#8220;Allah&#8217;\u0131m&#8221; diye i\u00e7 ge\u00e7irdim\u2026 Bu ufac\u0131k u\u00e7akta ne i\u015fim vard\u0131 benim&#8230;<\/p>\n","protected":false},"excerpt":{"rendered":"<p>U\u00e7a\u011f\u0131n motorlar\u0131ndan gelen homurtular artmaya ba\u015flay\u0131nca, ben de iyice korkmaya ba\u015flam\u0131\u015ft\u0131m. Yan g\u00f6zle Bora\u2019ya bakt\u0131m. \u00c7ok sakin g\u00f6r\u00fcn\u00fcyordu. \u0130stanbul\u2019daki ya\u015fam\u0131m g\u00f6zlerimin \u00f6n\u00fcnden ge\u00e7erken, korkuyla oturdu\u011fum koltu\u011fun<span class=\"excerpt-hellip\"> [\u2026]<\/span><\/p>\n","protected":false},"featured_media":0,"template":"","meta":{"_monsterinsights_skip_tracking":false,"_monsterinsights_sitenote_active":false,"_monsterinsights_sitenote_note":"","_monsterinsights_sitenote_category":0},"product_brand":[],"product_cat":[12291,18202],"product_tag":[],"class_list":{"0":"post-762896","1":"product","2":"type-product","3":"status-publish","5":"product_cat-edebiyat","6":"product_cat-hikaye","7":"pa_cilt-ciltsiz","8":"pa_tur-kitap","9":"pa_yayinevi-vova-yayinlari","10":"pa_yazar-billur-turkoglu-phelps","12":"first","13":"instock","14":"sale","15":"shipping-taxable","16":"purchasable","17":"product-type-simple"},"_links":{"self":[{"href":"https:\/\/roveyayinevi.com.tr\/index.php\/wp-json\/wp\/v2\/product\/762896","targetHints":{"allow":["GET"]}}],"collection":[{"href":"https:\/\/roveyayinevi.com.tr\/index.php\/wp-json\/wp\/v2\/product"}],"about":[{"href":"https:\/\/roveyayinevi.com.tr\/index.php\/wp-json\/wp\/v2\/types\/product"}],"wp:attachment":[{"href":"https:\/\/roveyayinevi.com.tr\/index.php\/wp-json\/wp\/v2\/media?parent=762896"}],"wp:term":[{"taxonomy":"product_brand","embeddable":true,"href":"https:\/\/roveyayinevi.com.tr\/index.php\/wp-json\/wp\/v2\/product_brand?post=762896"},{"taxonomy":"product_cat","embeddable":true,"href":"https:\/\/roveyayinevi.com.tr\/index.php\/wp-json\/wp\/v2\/product_cat?post=762896"},{"taxonomy":"product_tag","embeddable":true,"href":"https:\/\/roveyayinevi.com.tr\/index.php\/wp-json\/wp\/v2\/product_tag?post=762896"}],"curies":[{"name":"wp","href":"https:\/\/api.w.org\/{rel}","templated":true}]}}