{"id":762895,"date":"2025-08-28T10:24:00","date_gmt":"2025-08-28T07:24:00","guid":{"rendered":"https:\/\/roveyayinevi.com.tr\/index.php\/urun\/3-yas-hikayelerim-sungerli-sert-kapak\/"},"modified":"2026-04-15T03:27:48","modified_gmt":"2026-04-15T00:27:48","slug":"3-yas-hikayelerim-sungerli-sert-kapak","status":"publish","type":"product","link":"https:\/\/roveyayinevi.com.tr\/index.php\/urun\/3-yas-hikayelerim-sungerli-sert-kapak\/","title":{"rendered":"3 Ya\u015f Hikayelerim (S\u00fcngerli Sert Kapak)"},"content":{"rendered":"<p>Sevimli karakterler ve ne\u015feli hik\u00e2yeler Bebek Kitapl\u0131\u011f\u0131mserisinde sizleri bekliyor. Mutlu Kuzu Kikiroko\u2019da sevimli \u00e7iftlikhayvanlar\u0131n\u0131, Misafir Geliyor\u2019da i\u015f b\u00f6l\u00fcm\u00fcn\u00fc, Merakl\u0131 Ali\u2019de say\u0131saymay\u0131, K\u00fc\u00e7\u00fck Aslan Jango\u2019da yard\u0131mla\u015fma ve te\u015fekk\u00fcr\u00fc, Kre\u015fte \u0130lkG\u00fcn\u2019de arkada\u015fl\u0131\u011f\u0131, Bil Bakal\u0131m Ben Kimim? hik\u00e2yesinde de e\u011flencelibilmeceleri okuyacaks\u0131n\u0131z. Bebek Kitapl\u0131\u011f\u0131m 3 Ya\u015f Hik\u00e2yelerim,bebeklerinizin ilk okuma prati\u011fi i\u00e7in \u00e2deta bi\u00e7ilmi\u015f kaftan! Her ya\u015f grubuna g\u00f6re \u00f6zenle haz\u0131rlanm\u0131\u015f Bebek Kitapl\u0131\u011f\u0131mserisiyle ilk kitaplar\u0131n\u0131 okurken \u00e7ocuklar\u0131n\u0131z\u0131n yan\u0131nda olacak vebirlikte \u00e7ok keyif alacaks\u0131n\u0131z.  <\/p>\n","protected":false},"excerpt":{"rendered":"<p>Sevimli karakterler ve ne\u015feli hik\u00e2yeler Bebek Kitapl\u0131\u011f\u0131mserisinde sizleri bekliyor. Mutlu Kuzu Kikiroko\u2019da sevimli \u00e7iftlikhayvanlar\u0131n\u0131, Misafir Geliyor\u2019da i\u015f b\u00f6l\u00fcm\u00fcn\u00fc, Merakl\u0131 Ali\u2019de say\u0131saymay\u0131, K\u00fc\u00e7\u00fck Aslan Jango\u2019da yard\u0131mla\u015fma ve<span class=\"excerpt-hellip\"> [\u2026]<\/span><\/p>\n","protected":false},"featured_media":0,"template":"","meta":{"_monsterinsights_skip_tracking":false,"_monsterinsights_sitenote_active":false,"_monsterinsights_sitenote_note":"","_monsterinsights_sitenote_category":0},"product_brand":[],"product_cat":[12274,12631],"product_tag":[],"class_list":{"0":"post-762895","1":"product","2":"type-product","3":"status-publish","5":"product_cat-cocuk-ve-genclik-kitaplari","6":"product_cat-diger-cocuk-ve-genclik-kitaplari","7":"pa_cilt-ciltli","8":"pa_tur-kitap","9":"pa_yayinevi-masalperest","10":"pa_yazar-kolektif","12":"first","13":"instock","14":"sale","15":"shipping-taxable","16":"purchasable","17":"product-type-simple"},"_links":{"self":[{"href":"https:\/\/roveyayinevi.com.tr\/index.php\/wp-json\/wp\/v2\/product\/762895","targetHints":{"allow":["GET"]}}],"collection":[{"href":"https:\/\/roveyayinevi.com.tr\/index.php\/wp-json\/wp\/v2\/product"}],"about":[{"href":"https:\/\/roveyayinevi.com.tr\/index.php\/wp-json\/wp\/v2\/types\/product"}],"wp:attachment":[{"href":"https:\/\/roveyayinevi.com.tr\/index.php\/wp-json\/wp\/v2\/media?parent=762895"}],"wp:term":[{"taxonomy":"product_brand","embeddable":true,"href":"https:\/\/roveyayinevi.com.tr\/index.php\/wp-json\/wp\/v2\/product_brand?post=762895"},{"taxonomy":"product_cat","embeddable":true,"href":"https:\/\/roveyayinevi.com.tr\/index.php\/wp-json\/wp\/v2\/product_cat?post=762895"},{"taxonomy":"product_tag","embeddable":true,"href":"https:\/\/roveyayinevi.com.tr\/index.php\/wp-json\/wp\/v2\/product_tag?post=762895"}],"curies":[{"name":"wp","href":"https:\/\/api.w.org\/{rel}","templated":true}]}}