{"id":762894,"date":"2025-08-28T10:23:58","date_gmt":"2025-08-28T07:23:58","guid":{"rendered":"https:\/\/roveyayinevi.com.tr\/index.php\/urun\/2-yas-hikayelerim-sungerli-sert-kapak\/"},"modified":"2026-04-15T03:27:48","modified_gmt":"2026-04-15T00:27:48","slug":"2-yas-hikayelerim-sungerli-sert-kapak","status":"publish","type":"product","link":"https:\/\/roveyayinevi.com.tr\/index.php\/urun\/2-yas-hikayelerim-sungerli-sert-kapak\/","title":{"rendered":"2 Ya\u015f Hikayelerim (S\u00fcngerli Sert Kapak)"},"content":{"rendered":"<p>Sevimli karakterler ve ne\u015feli hik\u00e2yeler Bebek Kitapl\u0131\u011f\u0131m serisinde sizleri bekliyor. A\u011flayan Kuzu \u2019da topluluk i\u00e7inde zaman ge\u00e7irebilmeyi, Senin Evin Neresi\u2019 nde hayvanlar\u0131n ya\u015fad\u0131\u011f\u0131 yerleri, \u015eark\u0131 S\u00f6ylemek \u00c7ok G\u00fczel \u2019de hayal g\u00fcc\u00fcn\u00fcn g\u00fczelliklerini, Parka Gidelim\u2019de oyun oynaman\u0131n keyfini ve \u00c7iftlikte Bir G\u00fcn\u2018de \u00e7iftlik hayat\u0131n\u0131n verdi\u011fi mutlulu\u011fu okuyacaks\u0131n\u0131z. Bebek Kitapl\u0131\u011f\u0131m 2 Ya\u015f Hik\u00e2yelerim ile bebe\u011finize ilk okuma al\u0131\u015fkanl\u0131\u011f\u0131n\u0131 kazand\u0131rabilirsiniz.   Her ya\u015f grubuna g\u00f6re \u00f6zenle haz\u0131rlanm\u0131\u015f Bebek Kitapl\u0131\u011f\u0131m serisiyle ilk kitaplar\u0131n\u0131 okurken \u00e7ocuklar\u0131n\u0131z\u0131n yan\u0131nda olacak ve birlikte \u00e7ok keyif alacaks\u0131n\u0131z.<\/p>\n","protected":false},"excerpt":{"rendered":"<p>Sevimli karakterler ve ne\u015feli hik\u00e2yeler Bebek Kitapl\u0131\u011f\u0131m serisinde sizleri bekliyor. A\u011flayan Kuzu \u2019da topluluk i\u00e7inde zaman ge\u00e7irebilmeyi, Senin Evin Neresi\u2019 nde hayvanlar\u0131n ya\u015fad\u0131\u011f\u0131 yerleri, \u015eark\u0131 S\u00f6ylemek<span class=\"excerpt-hellip\"> [\u2026]<\/span><\/p>\n","protected":false},"featured_media":0,"template":"","meta":{"_monsterinsights_skip_tracking":false,"_monsterinsights_sitenote_active":false,"_monsterinsights_sitenote_note":"","_monsterinsights_sitenote_category":0},"product_brand":[],"product_cat":[12274,12518],"product_tag":[],"class_list":{"0":"post-762894","1":"product","2":"type-product","3":"status-publish","5":"product_cat-cocuk-ve-genclik-kitaplari","6":"product_cat-okul-oncesi-kitaplar","7":"pa_cilt-ciltli","8":"pa_tur-kitap","9":"pa_yayinevi-masalperest","10":"pa_yazar-kolektif","12":"first","13":"instock","14":"sale","15":"shipping-taxable","16":"purchasable","17":"product-type-simple"},"_links":{"self":[{"href":"https:\/\/roveyayinevi.com.tr\/index.php\/wp-json\/wp\/v2\/product\/762894","targetHints":{"allow":["GET"]}}],"collection":[{"href":"https:\/\/roveyayinevi.com.tr\/index.php\/wp-json\/wp\/v2\/product"}],"about":[{"href":"https:\/\/roveyayinevi.com.tr\/index.php\/wp-json\/wp\/v2\/types\/product"}],"wp:attachment":[{"href":"https:\/\/roveyayinevi.com.tr\/index.php\/wp-json\/wp\/v2\/media?parent=762894"}],"wp:term":[{"taxonomy":"product_brand","embeddable":true,"href":"https:\/\/roveyayinevi.com.tr\/index.php\/wp-json\/wp\/v2\/product_brand?post=762894"},{"taxonomy":"product_cat","embeddable":true,"href":"https:\/\/roveyayinevi.com.tr\/index.php\/wp-json\/wp\/v2\/product_cat?post=762894"},{"taxonomy":"product_tag","embeddable":true,"href":"https:\/\/roveyayinevi.com.tr\/index.php\/wp-json\/wp\/v2\/product_tag?post=762894"}],"curies":[{"name":"wp","href":"https:\/\/api.w.org\/{rel}","templated":true}]}}