{"id":762885,"date":"2025-08-28T10:23:42","date_gmt":"2025-08-28T07:23:42","guid":{"rendered":"https:\/\/roveyayinevi.com.tr\/index.php\/urun\/soytari-cicekleri-4\/"},"modified":"2026-04-15T03:27:48","modified_gmt":"2026-04-15T00:27:48","slug":"soytari-cicekleri-4","status":"publish","type":"product","link":"https:\/\/roveyayinevi.com.tr\/index.php\/urun\/soytari-cicekleri-4\/","title":{"rendered":"Soytar\u0131 \u00c7i\u00e7ekleri"},"content":{"rendered":"<p>B\u00fct\u00fcn arkada\u015flar\u0131m terk etti beni.  Ac\u0131 dolu g\u00f6zlerle bak\u0131yorlar bana. Geri gelin arkada\u015flar. Birlikte konu\u015fal\u0131m, birlikte g\u00fclelim. Ama neden hi\u00e7 tan\u0131\u015fmam\u0131\u015f\u0131z gibi y\u00fcz \u00e7eviriyorsunuz? Konu\u015fun arkada\u015flar. Siz sorum, ben anlat\u0131r\u0131m. Evet bendim  Sono&#8217;yu suyun dibine \u00e7eken. Bu ellerdi\u2026 \u015eeytani k\u00fcstahl\u0131\u011f\u0131mla ayn\u0131 nefeste hem kendim kurtulay\u0131m hem de Sono \u00f6ls\u00fcn diye dua ettim.<\/p>\n","protected":false},"excerpt":{"rendered":"<p>B\u00fct\u00fcn arkada\u015flar\u0131m terk etti beni. Ac\u0131 dolu g\u00f6zlerle bak\u0131yorlar bana. Geri gelin arkada\u015flar. Birlikte konu\u015fal\u0131m, birlikte g\u00fclelim. Ama neden hi\u00e7 tan\u0131\u015fmam\u0131\u015f\u0131z gibi y\u00fcz \u00e7eviriyorsunuz? Konu\u015fun arkada\u015flar.<span class=\"excerpt-hellip\"> [\u2026]<\/span><\/p>\n","protected":false},"featured_media":0,"template":"","meta":{"_monsterinsights_skip_tracking":false,"_monsterinsights_sitenote_active":false,"_monsterinsights_sitenote_note":"","_monsterinsights_sitenote_category":0},"product_brand":[],"product_cat":[13661,12291],"product_tag":[],"class_list":{"0":"post-762885","1":"product","2":"type-product","3":"status-publish","5":"product_cat-diger-ulke-edebiyatlari","6":"product_cat-edebiyat","7":"pa_cilt-ciltsiz","8":"pa_tur-kitap","9":"pa_yayinevi-vaveyla-yayincilik","10":"pa_yazar-osamu-dazai","12":"first","13":"instock","14":"sale","15":"shipping-taxable","16":"purchasable","17":"product-type-simple"},"_links":{"self":[{"href":"https:\/\/roveyayinevi.com.tr\/index.php\/wp-json\/wp\/v2\/product\/762885","targetHints":{"allow":["GET"]}}],"collection":[{"href":"https:\/\/roveyayinevi.com.tr\/index.php\/wp-json\/wp\/v2\/product"}],"about":[{"href":"https:\/\/roveyayinevi.com.tr\/index.php\/wp-json\/wp\/v2\/types\/product"}],"wp:attachment":[{"href":"https:\/\/roveyayinevi.com.tr\/index.php\/wp-json\/wp\/v2\/media?parent=762885"}],"wp:term":[{"taxonomy":"product_brand","embeddable":true,"href":"https:\/\/roveyayinevi.com.tr\/index.php\/wp-json\/wp\/v2\/product_brand?post=762885"},{"taxonomy":"product_cat","embeddable":true,"href":"https:\/\/roveyayinevi.com.tr\/index.php\/wp-json\/wp\/v2\/product_cat?post=762885"},{"taxonomy":"product_tag","embeddable":true,"href":"https:\/\/roveyayinevi.com.tr\/index.php\/wp-json\/wp\/v2\/product_tag?post=762885"}],"curies":[{"name":"wp","href":"https:\/\/api.w.org\/{rel}","templated":true}]}}