{"id":762884,"date":"2025-08-28T10:23:40","date_gmt":"2025-08-28T07:23:40","guid":{"rendered":"https:\/\/roveyayinevi.com.tr\/index.php\/urun\/ogrenci-kiz-4\/"},"modified":"2026-04-15T03:27:48","modified_gmt":"2026-04-15T00:27:48","slug":"ogrenci-kiz-4","status":"publish","type":"product","link":"https:\/\/roveyayinevi.com.tr\/index.php\/urun\/ogrenci-kiz-4\/","title":{"rendered":"\u00d6\u011frenci K\u0131z"},"content":{"rendered":"<p>\u0130yi bir ya\u015fam\u0131 arzuluyoruz. Ger\u00e7ek umutlar\u0131m\u0131z ve hedeflerimiz var. G\u00fcvenebilece\u011fimiz sars\u0131lmaz bir iman\u0131 elde etmek i\u00e7in sab\u0131rs\u0131zlan\u0131yoruz. Ancak bu t\u00fcr \u015feyleri bir k\u0131z olarak g\u00fcnl\u00fck ya\u015fam\u0131m\u0131zda ifade etmek ciddi bir \u00e7aba gerektirir. Ayr\u0131ca annelerimizin ve babalar\u0131m\u0131z\u0131n da farkl\u0131 bir d\u00fc\u015f\u00fcnce tarz\u0131 var, karde\u015flerimizin de.  <\/p>\n","protected":false},"excerpt":{"rendered":"<p>\u0130yi bir ya\u015fam\u0131 arzuluyoruz. Ger\u00e7ek umutlar\u0131m\u0131z ve hedeflerimiz var. G\u00fcvenebilece\u011fimiz sars\u0131lmaz bir iman\u0131 elde etmek i\u00e7in sab\u0131rs\u0131zlan\u0131yoruz. Ancak bu t\u00fcr \u015feyleri bir k\u0131z olarak g\u00fcnl\u00fck ya\u015fam\u0131m\u0131zda<span class=\"excerpt-hellip\"> [\u2026]<\/span><\/p>\n","protected":false},"featured_media":0,"template":"","meta":{"_monsterinsights_skip_tracking":false,"_monsterinsights_sitenote_active":false,"_monsterinsights_sitenote_note":"","_monsterinsights_sitenote_category":0},"product_brand":[],"product_cat":[13661,12291],"product_tag":[],"class_list":{"0":"post-762884","1":"product","2":"type-product","3":"status-publish","5":"product_cat-diger-ulke-edebiyatlari","6":"product_cat-edebiyat","7":"pa_cilt-ciltsiz","8":"pa_tur-kitap","9":"pa_yayinevi-vaveyla-yayincilik","10":"pa_yazar-osamu-dazai","12":"first","13":"instock","14":"sale","15":"shipping-taxable","16":"purchasable","17":"product-type-simple"},"_links":{"self":[{"href":"https:\/\/roveyayinevi.com.tr\/index.php\/wp-json\/wp\/v2\/product\/762884","targetHints":{"allow":["GET"]}}],"collection":[{"href":"https:\/\/roveyayinevi.com.tr\/index.php\/wp-json\/wp\/v2\/product"}],"about":[{"href":"https:\/\/roveyayinevi.com.tr\/index.php\/wp-json\/wp\/v2\/types\/product"}],"wp:attachment":[{"href":"https:\/\/roveyayinevi.com.tr\/index.php\/wp-json\/wp\/v2\/media?parent=762884"}],"wp:term":[{"taxonomy":"product_brand","embeddable":true,"href":"https:\/\/roveyayinevi.com.tr\/index.php\/wp-json\/wp\/v2\/product_brand?post=762884"},{"taxonomy":"product_cat","embeddable":true,"href":"https:\/\/roveyayinevi.com.tr\/index.php\/wp-json\/wp\/v2\/product_cat?post=762884"},{"taxonomy":"product_tag","embeddable":true,"href":"https:\/\/roveyayinevi.com.tr\/index.php\/wp-json\/wp\/v2\/product_tag?post=762884"}],"curies":[{"name":"wp","href":"https:\/\/api.w.org\/{rel}","templated":true}]}}