{"id":762879,"date":"2025-08-28T10:23:30","date_gmt":"2025-08-28T07:23:30","guid":{"rendered":"https:\/\/roveyayinevi.com.tr\/index.php\/urun\/eristik-diyalektik-hakli-cikma-sanati-3\/"},"modified":"2026-04-15T03:27:48","modified_gmt":"2026-04-15T00:27:48","slug":"eristik-diyalektik-hakli-cikma-sanati-3","status":"publish","type":"product","link":"https:\/\/roveyayinevi.com.tr\/index.php\/urun\/eristik-diyalektik-hakli-cikma-sanati-3\/","title":{"rendered":"Eristik Diyalektik &#8211; Hakl\u0131 \u00c7\u0131kma Sanat\u0131"},"content":{"rendered":"<p>Tart\u0131\u015fmada ger\u00e7ek ile g\u00f6r\u00fcn\u00fcr ger\u00e7e\u011fi ay\u0131ramay\u0131z \u00e7\u00fcnk\u00fc tart\u0131\u015fmac\u0131lar bile \u00f6nceden bunun kesinli\u011finden emin de\u011fildir. Bu nedenle, objektif do\u011fruluk veya yanl\u0131\u015fl\u0131k sorular\u0131na ald\u0131r\u0131\u015f etmeden \u00e7e\u015fitli hileleri veya stratejileri a\u00e7\u0131klayaca\u011f\u0131m \u00e7\u00fcnk\u00fc bu konuda bir kesinlik yoktur ve \u00f6nceden belirlenemez. Ayr\u0131ca, her tart\u0131\u015fma veya arg\u00fcmanda bir konuda anla\u015fmam\u0131z gerekir ve bu, bir ilke olarak, tart\u0131\u015f\u0131lan konuyu yarg\u0131lamaya istekli olmam\u0131z ge rekti\u011fi anlam\u0131na gelir.\u0130lkeleri reddedenlerle tart\u0131\u015famay\u0131z: Contra negantem principia non est disputandum. (\u0130lkeleri reddedenle tart\u0131\u015f\u0131lmaz).<\/p>\n","protected":false},"excerpt":{"rendered":"<p>Tart\u0131\u015fmada ger\u00e7ek ile g\u00f6r\u00fcn\u00fcr ger\u00e7e\u011fi ay\u0131ramay\u0131z \u00e7\u00fcnk\u00fc tart\u0131\u015fmac\u0131lar bile \u00f6nceden bunun kesinli\u011finden emin de\u011fildir. Bu nedenle, objektif do\u011fruluk veya yanl\u0131\u015fl\u0131k sorular\u0131na ald\u0131r\u0131\u015f etmeden \u00e7e\u015fitli hileleri veya<span class=\"excerpt-hellip\"> [\u2026]<\/span><\/p>\n","protected":false},"featured_media":0,"template":"","meta":{"_monsterinsights_skip_tracking":false,"_monsterinsights_sitenote_active":false,"_monsterinsights_sitenote_note":"","_monsterinsights_sitenote_category":0},"product_brand":[],"product_cat":[12388,13555],"product_tag":[],"class_list":{"0":"post-762879","1":"product","2":"type-product","3":"status-publish","5":"product_cat-felsefe","6":"product_cat-genel-felsefe","7":"pa_cilt-ciltsiz","8":"pa_tur-kitap","9":"pa_yayinevi-vaveyla-yayincilik","10":"pa_yazar-arthur-schopenhauer","12":"first","13":"instock","14":"sale","15":"shipping-taxable","16":"purchasable","17":"product-type-simple"},"_links":{"self":[{"href":"https:\/\/roveyayinevi.com.tr\/index.php\/wp-json\/wp\/v2\/product\/762879","targetHints":{"allow":["GET"]}}],"collection":[{"href":"https:\/\/roveyayinevi.com.tr\/index.php\/wp-json\/wp\/v2\/product"}],"about":[{"href":"https:\/\/roveyayinevi.com.tr\/index.php\/wp-json\/wp\/v2\/types\/product"}],"wp:attachment":[{"href":"https:\/\/roveyayinevi.com.tr\/index.php\/wp-json\/wp\/v2\/media?parent=762879"}],"wp:term":[{"taxonomy":"product_brand","embeddable":true,"href":"https:\/\/roveyayinevi.com.tr\/index.php\/wp-json\/wp\/v2\/product_brand?post=762879"},{"taxonomy":"product_cat","embeddable":true,"href":"https:\/\/roveyayinevi.com.tr\/index.php\/wp-json\/wp\/v2\/product_cat?post=762879"},{"taxonomy":"product_tag","embeddable":true,"href":"https:\/\/roveyayinevi.com.tr\/index.php\/wp-json\/wp\/v2\/product_tag?post=762879"}],"curies":[{"name":"wp","href":"https:\/\/api.w.org\/{rel}","templated":true}]}}