{"id":762875,"date":"2025-08-28T10:23:22","date_gmt":"2025-08-28T07:23:22","guid":{"rendered":"https:\/\/roveyayinevi.com.tr\/index.php\/urun\/villonun-karisi-4\/"},"modified":"2026-04-15T03:27:48","modified_gmt":"2026-04-15T00:27:48","slug":"villonun-karisi-4","status":"publish","type":"product","link":"https:\/\/roveyayinevi.com.tr\/index.php\/urun\/villonun-karisi-4\/","title":{"rendered":"Villon&#8217;un Kar\u0131s\u0131"},"content":{"rendered":"<p>Restoranda yirmi g\u00fcn \u00e7al\u0131\u015ft\u0131ktan sonra m\u00fc\u015fterilerin hepsinin bir su\u00e7lu oldu\u011funu fark ettim. Kocam\u0131n onlara k\u0131yasla \u00e7ok daha masum oldu\u011funu d\u00fc\u015f\u00fcnmeye ba\u015flad\u0131m. Fark etmi\u015ftim ki sadece m\u00fc\u015fteriler de\u011fil, sokakta y\u00fcr\u00fcrken kar\u015f\u0131la\u015ft\u0131\u011f\u0131n\u0131z herkes bir su\u00e7 gizliyor.<\/p>\n","protected":false},"excerpt":{"rendered":"<p>Restoranda yirmi g\u00fcn \u00e7al\u0131\u015ft\u0131ktan sonra m\u00fc\u015fterilerin hepsinin bir su\u00e7lu oldu\u011funu fark ettim. Kocam\u0131n onlara k\u0131yasla \u00e7ok daha masum oldu\u011funu d\u00fc\u015f\u00fcnmeye ba\u015flad\u0131m. Fark etmi\u015ftim ki sadece m\u00fc\u015fteriler<span class=\"excerpt-hellip\"> [\u2026]<\/span><\/p>\n","protected":false},"featured_media":0,"template":"","meta":{"_monsterinsights_skip_tracking":false,"_monsterinsights_sitenote_active":false,"_monsterinsights_sitenote_note":"","_monsterinsights_sitenote_category":0},"product_brand":[],"product_cat":[13661,12291],"product_tag":[],"class_list":{"0":"post-762875","1":"product","2":"type-product","3":"status-publish","5":"product_cat-diger-ulke-edebiyatlari","6":"product_cat-edebiyat","7":"pa_cilt-ciltsiz","8":"pa_tur-kitap","9":"pa_yayinevi-vaveyla-yayincilik","10":"pa_yazar-osamu-dazai","12":"first","13":"instock","14":"sale","15":"shipping-taxable","16":"purchasable","17":"product-type-simple"},"_links":{"self":[{"href":"https:\/\/roveyayinevi.com.tr\/index.php\/wp-json\/wp\/v2\/product\/762875","targetHints":{"allow":["GET"]}}],"collection":[{"href":"https:\/\/roveyayinevi.com.tr\/index.php\/wp-json\/wp\/v2\/product"}],"about":[{"href":"https:\/\/roveyayinevi.com.tr\/index.php\/wp-json\/wp\/v2\/types\/product"}],"wp:attachment":[{"href":"https:\/\/roveyayinevi.com.tr\/index.php\/wp-json\/wp\/v2\/media?parent=762875"}],"wp:term":[{"taxonomy":"product_brand","embeddable":true,"href":"https:\/\/roveyayinevi.com.tr\/index.php\/wp-json\/wp\/v2\/product_brand?post=762875"},{"taxonomy":"product_cat","embeddable":true,"href":"https:\/\/roveyayinevi.com.tr\/index.php\/wp-json\/wp\/v2\/product_cat?post=762875"},{"taxonomy":"product_tag","embeddable":true,"href":"https:\/\/roveyayinevi.com.tr\/index.php\/wp-json\/wp\/v2\/product_tag?post=762875"}],"curies":[{"name":"wp","href":"https:\/\/api.w.org\/{rel}","templated":true}]}}