{"id":762863,"date":"2025-08-28T10:22:57","date_gmt":"2025-08-28T07:22:57","guid":{"rendered":"https:\/\/roveyayinevi.com.tr\/index.php\/urun\/lanetli-3\/"},"modified":"2026-04-15T03:27:48","modified_gmt":"2026-04-15T00:27:48","slug":"lanetli-3","status":"publish","type":"product","link":"https:\/\/roveyayinevi.com.tr\/index.php\/urun\/lanetli-3\/","title":{"rendered":"Lanetli"},"content":{"rendered":"<p>\u0130HANET.O, geldi\u011fini hi\u00e7 g\u00f6remedi\u011fim bir ger\u00e7ek, gecenin karanl\u0131\u011f\u0131nda bekleyen bir aldatmacayd\u0131. T\u00fcm hayat\u0131m boyunca kullan\u0131ld\u0131ktan sonra sonunda ger\u00e7e\u011fi \u00f6\u011frenmi\u015ftim. \u0130plerimi hi\u00e7 g\u00f6rememi\u015f olsam bile onun kuklas\u0131yd\u0131m.\u0130hanetinin ne kadar derin oldu\u011funu bildi\u011fim halde Gray ile aram\u0131zdaki ink\u00e2r edilemez ba\u011fdan, tek bir bak\u0131\u015f\u0131n\u0131n ruhumu ate\u015fe vermesinden kurtulam\u0131yordum. Ayn\u0131 de\u011fildik. Yok etmek istedi\u011fim o \u015feyin getirecekleri i\u00e7in sava\u015fmaya haz\u0131r iki d\u00fc\u015fmand\u0131k.\u00dcst Meclis\u2019in yok olmas\u0131yla birlikte, almak istedi\u011fimi d\u00fc\u015f\u00fcnd\u00fc\u011f\u00fcm intikam art\u0131k \u00f6nceli\u011fim olmaktan \u00e7\u0131km\u0131\u015ft\u0131. Geriye kalan cad\u0131lar, halam\u0131n \u00f6l\u00fcm\u00fcnde hi\u00e7bir rol oynamam\u0131\u015flard\u0131. T\u00fcm bu yanl\u0131\u015flar\u0131 d\u00fczeltmenin \u00f6n\u00fcnde duran ki\u015fi ise, beni yata\u011f\u0131nda tutmaya kararl\u0131 olan adam\u0131n ta kendisiydi.Meclis\u2019in geriye kalan \u00fcyeleri, g\u00f6revlerinin sonlanmas\u0131 ve kontrol alt\u0131na al\u0131nmalar\u0131nda oynad\u0131\u011f\u0131m rol i\u00e7in beni asla affetmeyecekti. En k\u00f6t\u00fcs\u00fc de bunun i\u00e7in onlar\u0131 su\u00e7layamazd\u0131m. Saft\u0131m. Kendi hayallerimin ihti\u015fam\u0131na kap\u0131lm\u0131\u015f ve kaderin benim i\u00e7in ba\u015fka planlar\u0131 oldu\u011funu g\u00f6rememi\u015ftim. Do\u011fumumdan y\u00fczy\u0131llar \u00f6nce yap\u0131lm\u0131\u015f planlar\u0131\u2026Ama hepsi koca bir yaland\u0131 ve \u015fimdi bunu geri almak i\u00e7in elimden gelen her \u015feyi yapmak bana d\u00fc\u015f\u00fcyordu.Bedeli ne olursa olsun, Meclis\u2019imi kocam\u0131n nefretinden koruyacakt\u0131m.<\/p>\n","protected":false},"excerpt":{"rendered":"<p>\u0130HANET.O, geldi\u011fini hi\u00e7 g\u00f6remedi\u011fim bir ger\u00e7ek, gecenin karanl\u0131\u011f\u0131nda bekleyen bir aldatmacayd\u0131. T\u00fcm hayat\u0131m boyunca kullan\u0131ld\u0131ktan sonra sonunda ger\u00e7e\u011fi \u00f6\u011frenmi\u015ftim. \u0130plerimi hi\u00e7 g\u00f6rememi\u015f olsam bile onun kuklas\u0131yd\u0131m.\u0130hanetinin<span class=\"excerpt-hellip\"> [\u2026]<\/span><\/p>\n","protected":false},"featured_media":0,"template":"","meta":{"_monsterinsights_skip_tracking":false,"_monsterinsights_sitenote_active":false,"_monsterinsights_sitenote_note":"","_monsterinsights_sitenote_category":0},"product_brand":[],"product_cat":[12291,12711],"product_tag":[],"class_list":{"0":"post-762863","1":"product","2":"type-product","3":"status-publish","5":"product_cat-edebiyat","6":"product_cat-roman-oyku","7":"pa_cilt-ciltsiz","8":"pa_tur-kitap","9":"pa_yayinevi-pukka-yayinlari","10":"pa_yazar-harper-l-woods","12":"first","13":"instock","14":"sale","15":"shipping-taxable","16":"purchasable","17":"product-type-simple"},"_links":{"self":[{"href":"https:\/\/roveyayinevi.com.tr\/index.php\/wp-json\/wp\/v2\/product\/762863","targetHints":{"allow":["GET"]}}],"collection":[{"href":"https:\/\/roveyayinevi.com.tr\/index.php\/wp-json\/wp\/v2\/product"}],"about":[{"href":"https:\/\/roveyayinevi.com.tr\/index.php\/wp-json\/wp\/v2\/types\/product"}],"wp:attachment":[{"href":"https:\/\/roveyayinevi.com.tr\/index.php\/wp-json\/wp\/v2\/media?parent=762863"}],"wp:term":[{"taxonomy":"product_brand","embeddable":true,"href":"https:\/\/roveyayinevi.com.tr\/index.php\/wp-json\/wp\/v2\/product_brand?post=762863"},{"taxonomy":"product_cat","embeddable":true,"href":"https:\/\/roveyayinevi.com.tr\/index.php\/wp-json\/wp\/v2\/product_cat?post=762863"},{"taxonomy":"product_tag","embeddable":true,"href":"https:\/\/roveyayinevi.com.tr\/index.php\/wp-json\/wp\/v2\/product_tag?post=762863"}],"curies":[{"name":"wp","href":"https:\/\/api.w.org\/{rel}","templated":true}]}}