{"id":762849,"date":"2025-08-28T10:22:27","date_gmt":"2025-08-28T07:22:27","guid":{"rendered":"https:\/\/roveyayinevi.com.tr\/index.php\/urun\/gorunmeyeni-ararken\/"},"modified":"2026-04-15T03:27:47","modified_gmt":"2026-04-15T00:27:47","slug":"gorunmeyeni-ararken","status":"publish","type":"product","link":"https:\/\/roveyayinevi.com.tr\/index.php\/urun\/gorunmeyeni-ararken\/","title":{"rendered":"G\u00f6r\u00fcnmeyeni Ararken"},"content":{"rendered":"<p>Henry James&#8217;in kaleminden \u00e7\u0131kan bu eser, bir Amerikal\u0131&#8217;n\u0131n \u0130ngiltere&#8217;ye yapt\u0131\u011f\u0131 yolculu\u011fu ve bu s\u00fcre\u00e7te kendini ke\u015ffetme ser\u00fcvenini anlat\u0131yor. Eski d\u00fcnya ile yeni d\u00fcnya aras\u0131ndaki \u00e7at\u0131\u015fmalar, kahraman\u0131m\u0131z\u0131n kimlik ve aidiyet aray\u0131\u015f\u0131n\u0131 derinden etkiler. James, bu yolculu\u011fu zengin betimlemeler ve keskin diyaloglarla s\u00fcslerken, okuyucuyu hem tarihi bir ke\u015ffe hem de ki\u015fisel bir i\u00e7sel yolculu\u011fa \u00e7\u0131kar\u0131yor.<\/p>\n","protected":false},"excerpt":{"rendered":"<p>Henry James&#8217;in kaleminden \u00e7\u0131kan bu eser, bir Amerikal\u0131&#8217;n\u0131n \u0130ngiltere&#8217;ye yapt\u0131\u011f\u0131 yolculu\u011fu ve bu s\u00fcre\u00e7te kendini ke\u015ffetme ser\u00fcvenini anlat\u0131yor. Eski d\u00fcnya ile yeni d\u00fcnya aras\u0131ndaki \u00e7at\u0131\u015fmalar, kahraman\u0131m\u0131z\u0131n<span class=\"excerpt-hellip\"> [\u2026]<\/span><\/p>\n","protected":false},"featured_media":0,"template":"","meta":{"_monsterinsights_skip_tracking":false,"_monsterinsights_sitenote_active":false,"_monsterinsights_sitenote_note":"","_monsterinsights_sitenote_category":0},"product_brand":[],"product_cat":[12291,12711],"product_tag":[],"class_list":{"0":"post-762849","1":"product","2":"type-product","3":"status-publish","5":"product_cat-edebiyat","6":"product_cat-roman-oyku","7":"pa_cilt-ciltsiz","8":"pa_tur-kitap","9":"pa_yayinevi-kitap-muptelasi-yayinlari","10":"pa_yazar-henry-james","12":"first","13":"instock","14":"sale","15":"shipping-taxable","16":"purchasable","17":"product-type-simple"},"_links":{"self":[{"href":"https:\/\/roveyayinevi.com.tr\/index.php\/wp-json\/wp\/v2\/product\/762849","targetHints":{"allow":["GET"]}}],"collection":[{"href":"https:\/\/roveyayinevi.com.tr\/index.php\/wp-json\/wp\/v2\/product"}],"about":[{"href":"https:\/\/roveyayinevi.com.tr\/index.php\/wp-json\/wp\/v2\/types\/product"}],"wp:attachment":[{"href":"https:\/\/roveyayinevi.com.tr\/index.php\/wp-json\/wp\/v2\/media?parent=762849"}],"wp:term":[{"taxonomy":"product_brand","embeddable":true,"href":"https:\/\/roveyayinevi.com.tr\/index.php\/wp-json\/wp\/v2\/product_brand?post=762849"},{"taxonomy":"product_cat","embeddable":true,"href":"https:\/\/roveyayinevi.com.tr\/index.php\/wp-json\/wp\/v2\/product_cat?post=762849"},{"taxonomy":"product_tag","embeddable":true,"href":"https:\/\/roveyayinevi.com.tr\/index.php\/wp-json\/wp\/v2\/product_tag?post=762849"}],"curies":[{"name":"wp","href":"https:\/\/api.w.org\/{rel}","templated":true}]}}