{"id":762846,"date":"2025-08-28T10:22:22","date_gmt":"2025-08-28T07:22:22","guid":{"rendered":"https:\/\/roveyayinevi.com.tr\/index.php\/urun\/1-yas-hikayelerim-sungerli-sert-kapak\/"},"modified":"2026-04-15T03:27:47","modified_gmt":"2026-04-15T00:27:47","slug":"1-yas-hikayelerim-sungerli-sert-kapak","status":"publish","type":"product","link":"https:\/\/roveyayinevi.com.tr\/index.php\/urun\/1-yas-hikayelerim-sungerli-sert-kapak\/","title":{"rendered":"1 Ya\u015f Hikayelerim (S\u00fcngerli Sert Kapak)"},"content":{"rendered":"<p>Ender, Hakan, Burcu, M\u00fcnevver, Ay\u015fe Bilge\u2026Onlar ke\u015ffetmeye merakl\u0131 be\u015f yak\u0131n arkada\u015f ve en b\u00fcy\u00fck istekleri, d\u00fczenlenen bilim yar\u0131\u015fmas\u0131nda b\u00fcy\u00fck \u00f6d\u00fcl\u00fc kazanmak. Yarat\u0131c\u0131l\u0131k \u015fart! Acaba nas\u0131l bir proje onlar\u0131 ba\u015far\u0131ya ula\u015ft\u0131rabilir? Peki ya bulduklar\u0131 harika fikri ara\u015ft\u0131r\u0131rken kar\u015f\u0131la\u015ft\u0131klar\u0131 bir h\u0131rs\u0131zl\u0131k \u00e7etesini alt etmek zorunda kal\u0131rlarsa ne olur? Do\u011frusu \u00e7ocuklar\u0131n i\u015fi kolay de\u011fil ama onlar hem \u00e7ok ak\u0131ll\u0131 hem de cesaretli\u2026 Bilgin Adal\u0131\u2019dan, arkada\u015fl\u0131\u011f\u0131n ve dayan\u0131\u015fman\u0131n g\u00fcc\u00fcn\u00fc anlatan bamba\u015fka bir \u00f6yk\u00fc\u2026<\/p>\n","protected":false},"excerpt":{"rendered":"<p>Ender, Hakan, Burcu, M\u00fcnevver, Ay\u015fe Bilge\u2026Onlar ke\u015ffetmeye merakl\u0131 be\u015f yak\u0131n arkada\u015f ve en b\u00fcy\u00fck istekleri, d\u00fczenlenen bilim yar\u0131\u015fmas\u0131nda b\u00fcy\u00fck \u00f6d\u00fcl\u00fc kazanmak. Yarat\u0131c\u0131l\u0131k \u015fart! Acaba nas\u0131l bir<span class=\"excerpt-hellip\"> [\u2026]<\/span><\/p>\n","protected":false},"featured_media":0,"template":"","meta":{"_monsterinsights_skip_tracking":false,"_monsterinsights_sitenote_active":false,"_monsterinsights_sitenote_note":"","_monsterinsights_sitenote_category":0},"product_brand":[],"product_cat":[12274,12284],"product_tag":[],"class_list":{"0":"post-762846","1":"product","2":"type-product","3":"status-publish","5":"product_cat-cocuk-ve-genclik-kitaplari","6":"product_cat-hikayeler","7":"pa_cilt-ciltli","8":"pa_tur-kitap","9":"pa_yayinevi-masalperest","10":"pa_yazar-kolektif","12":"first","13":"instock","14":"sale","15":"shipping-taxable","16":"purchasable","17":"product-type-simple"},"_links":{"self":[{"href":"https:\/\/roveyayinevi.com.tr\/index.php\/wp-json\/wp\/v2\/product\/762846","targetHints":{"allow":["GET"]}}],"collection":[{"href":"https:\/\/roveyayinevi.com.tr\/index.php\/wp-json\/wp\/v2\/product"}],"about":[{"href":"https:\/\/roveyayinevi.com.tr\/index.php\/wp-json\/wp\/v2\/types\/product"}],"wp:attachment":[{"href":"https:\/\/roveyayinevi.com.tr\/index.php\/wp-json\/wp\/v2\/media?parent=762846"}],"wp:term":[{"taxonomy":"product_brand","embeddable":true,"href":"https:\/\/roveyayinevi.com.tr\/index.php\/wp-json\/wp\/v2\/product_brand?post=762846"},{"taxonomy":"product_cat","embeddable":true,"href":"https:\/\/roveyayinevi.com.tr\/index.php\/wp-json\/wp\/v2\/product_cat?post=762846"},{"taxonomy":"product_tag","embeddable":true,"href":"https:\/\/roveyayinevi.com.tr\/index.php\/wp-json\/wp\/v2\/product_tag?post=762846"}],"curies":[{"name":"wp","href":"https:\/\/api.w.org\/{rel}","templated":true}]}}