{"id":762844,"date":"2025-08-28T10:22:18","date_gmt":"2025-08-28T07:22:18","guid":{"rendered":"https:\/\/roveyayinevi.com.tr\/index.php\/urun\/canbaz-duasi\/"},"modified":"2026-04-15T03:27:47","modified_gmt":"2026-04-15T00:27:47","slug":"canbaz-duasi","status":"publish","type":"product","link":"https:\/\/roveyayinevi.com.tr\/index.php\/urun\/canbaz-duasi\/","title":{"rendered":"Canbaz Duas\u0131"},"content":{"rendered":"<p>Canbaz Duas\u0131, Bar\u0131\u015f Pirhasan\u2019\u0131n tuhafl\u0131klarla dolu bu du\u0308nya u\u0308zerine yak\u0131n y\u0131llar i\u00e7inde yazd\u0131\u011f\u0131 \u015fiirleri bir araya getiriyor. Evrensel umudun zor a\u011f\u0131rl\u0131\u011f\u0131n\u0131 omuzlamaktan ka\u00e7\u0131nmayan, hep \u201ck\u00f6tu\u0308 olan tarih\u201din ac\u0131l\u0131, kederli \u00f6znelerinin seru\u0308venlerini dile ge\u00e7iren, yine de alttan alta humor duygusuyla devinen bahanesiz \u015fiirler. Ya\u015fanm\u0131\u015f hakiki hayatlara dokunan, isteyenin anlam izlerini al\u00e7ak sesle izlemeyi tercih edece\u011fi, isteyenin merakla senaryonun i\u00e7ine girece\u011fi ger\u00e7ek \u201carkada\u015f hik\u00e2yeleri\u201d&#8230; \u201cKorkular\u0131 ezip ge\u00e7erken yorulmu\u015f\u201d olsa da \u201cmutsuz bekleyi\u015flerin, i\u00e7e ak\u0131t\u0131lan g\u00f6zya\u015flar\u0131n\u0131n, geride kalanlar\u0131n\u201d yaln\u0131zl\u0131\u011f\u0131nda bile \u201cdenemeye de\u011fer bir isyan\u201d\u0131 \u00f6neren, \u201chayat\u0131n arma\u011fan etti\u011fi yemye\u015fil orman\u201d\u0131 beklemek \u0131srar\u0131ndan vazge\u00e7meyen i\u00e7tenlikli bir s\u00f6yle\u015fi. \u201cAral\u0131k ortas\u0131nday\u0131z aynen \u015fiirdeki gibi. \/ So\u011fuk. G\u00f6lgeler bile pusmu\u015f, zifiri karanl\u0131k&#8230;\u201d Ve \u015fairin \u015fiire \u201c\u00d6yle bir bulut ke\u015ffet ki korkal\u0131m. \/ Salg\u0131la, zehirle, yeniden do\u011fsun du\u0308nya\u201d diyece\u011fi zamand\u0131r!..<\/p>\n","protected":false},"excerpt":{"rendered":"<p>Canbaz Duas\u0131, Bar\u0131\u015f Pirhasan\u2019\u0131n tuhafl\u0131klarla dolu bu du\u0308nya u\u0308zerine yak\u0131n y\u0131llar i\u00e7inde yazd\u0131\u011f\u0131 \u015fiirleri bir araya getiriyor. Evrensel umudun zor a\u011f\u0131rl\u0131\u011f\u0131n\u0131 omuzlamaktan ka\u00e7\u0131nmayan, hep \u201ck\u00f6tu\u0308 olan<span class=\"excerpt-hellip\"> [\u2026]<\/span><\/p>\n","protected":false},"featured_media":0,"template":"","meta":{"_monsterinsights_skip_tracking":false,"_monsterinsights_sitenote_active":false,"_monsterinsights_sitenote_note":"","_monsterinsights_sitenote_category":0},"product_brand":[],"product_cat":[12291,12509],"product_tag":[],"class_list":{"0":"post-762844","1":"product","2":"type-product","3":"status-publish","5":"product_cat-edebiyat","6":"product_cat-siir","7":"pa_cilt-ciltsiz","8":"pa_tur-kitap","9":"pa_yayinevi-ayrinti-yayinlari","10":"pa_yazar-baris-pirhasan","12":"first","13":"instock","14":"sale","15":"shipping-taxable","16":"purchasable","17":"product-type-simple"},"_links":{"self":[{"href":"https:\/\/roveyayinevi.com.tr\/index.php\/wp-json\/wp\/v2\/product\/762844","targetHints":{"allow":["GET"]}}],"collection":[{"href":"https:\/\/roveyayinevi.com.tr\/index.php\/wp-json\/wp\/v2\/product"}],"about":[{"href":"https:\/\/roveyayinevi.com.tr\/index.php\/wp-json\/wp\/v2\/types\/product"}],"wp:attachment":[{"href":"https:\/\/roveyayinevi.com.tr\/index.php\/wp-json\/wp\/v2\/media?parent=762844"}],"wp:term":[{"taxonomy":"product_brand","embeddable":true,"href":"https:\/\/roveyayinevi.com.tr\/index.php\/wp-json\/wp\/v2\/product_brand?post=762844"},{"taxonomy":"product_cat","embeddable":true,"href":"https:\/\/roveyayinevi.com.tr\/index.php\/wp-json\/wp\/v2\/product_cat?post=762844"},{"taxonomy":"product_tag","embeddable":true,"href":"https:\/\/roveyayinevi.com.tr\/index.php\/wp-json\/wp\/v2\/product_tag?post=762844"}],"curies":[{"name":"wp","href":"https:\/\/api.w.org\/{rel}","templated":true}]}}