{"id":762843,"date":"2025-08-28T10:22:16","date_gmt":"2025-08-28T07:22:16","guid":{"rendered":"https:\/\/roveyayinevi.com.tr\/index.php\/urun\/gecenin-canlari-kara-haykular\/"},"modified":"2026-04-15T03:27:47","modified_gmt":"2026-04-15T00:27:47","slug":"gecenin-canlari-kara-haykular","status":"publish","type":"product","link":"https:\/\/roveyayinevi.com.tr\/index.php\/urun\/gecenin-canlari-kara-haykular\/","title":{"rendered":"Gecenin \u00c7anlar\u0131 (Kara Haykular)"},"content":{"rendered":"<p>Kartal \u00f6lu\u0308nce so\u011fur koya\u011f\u0131n rengi ve \u0131rmak donar. Ege\u2019de, solmakta olan bir son yaz gecesinin tavan\u0131na as\u0131l\u0131 eski bir \u00e7an\u0131n halat\u0131n\u0131 \u00e7eken i\u011fren\u00e7 bir iblistir karanl\u0131k. K\u0131\u015f, \u00f6lu\u0308 bir a\u011fac\u0131n yumu\u015fakl\u0131\u011f\u0131n\u0131 giyinmi\u015ftir. Kumrular hu\u0308zu\u0308nle susar ve yapraklar\u0131n alt\u0131nda \u0131slan\u0131r ya\u011fmur ve gams\u0131z bir \u00f6lu\u0308yu\u0308 su\u0308ru\u0308kler ru\u0308zg\u00e2r. Damar yolu zehiri ak\u0131tmak i\u00e7in hep a\u00e7\u0131kt\u0131r ama s\u00f6zu\u0308n a\u00e7t\u0131\u011f\u0131 yara daha derindir zehirin a\u00e7t\u0131\u011f\u0131ndan. Ayva a\u011fac\u0131n\u0131n g\u00f6lgesinde so\u011fuyan ku\u0308ldu\u0308r \u00f6lu\u0308m. \u00d6rste d\u00f6vu\u0308lu\u0308r solu\u011fu, hep tan vaktinde, pus \u00e7\u00f6kerken ge\u00e7er. Ve dilsiz ta\u015flar\u0131 gibi hep susar, k\u0131y\u0131s\u0131nda adan\u0131n, sonsuzlu\u011fun k\u0131y\u0131s\u0131nda hep susar. Ve \u015fair, gecenin \u00e7anlar\u0131 \u00e7alarken can kulesinde, Quasimodo\u2019nun sesini duyuramad\u0131\u011f\u0131 hayk\u0131r\u0131\u015ft\u0131r, s\u0131n\u0131r ta\u015f\u0131d\u0131r, \u00f6nu\u0308nde hayat uzan\u0131p giderken pe\u015finde \u00f6lu\u0308mu\u0308n ko\u015ftu\u011fu&#8230; Gecenin \u00c7anlar\u0131\u2019nda sis i\u00e7inde kalm\u0131\u015f ya\u011fmur serpintisinin, yak\u0131p kavuran bir ac\u0131n\u0131n imbi\u011finden su\u0308zu\u0308lmu\u0308\u015f \u015fiirler yer al\u0131yor. \u00d6lu\u0308mu\u0308n en bu\u0308yu\u0308k hakikat oldu\u011funu bilen, hayatla \u00f6lu\u0308m aras\u0131ndaki sarka\u00e7ta gidip gelen Kara Haykular&#8230;<\/p>\n","protected":false},"excerpt":{"rendered":"<p>Kartal \u00f6lu\u0308nce so\u011fur koya\u011f\u0131n rengi ve \u0131rmak donar. Ege\u2019de, solmakta olan bir son yaz gecesinin tavan\u0131na as\u0131l\u0131 eski bir \u00e7an\u0131n halat\u0131n\u0131 \u00e7eken i\u011fren\u00e7 bir iblistir karanl\u0131k.<span class=\"excerpt-hellip\"> [\u2026]<\/span><\/p>\n","protected":false},"featured_media":0,"template":"","meta":{"_monsterinsights_skip_tracking":false,"_monsterinsights_sitenote_active":false,"_monsterinsights_sitenote_note":"","_monsterinsights_sitenote_category":0},"product_brand":[],"product_cat":[12291,12509],"product_tag":[],"class_list":{"0":"post-762843","1":"product","2":"type-product","3":"status-publish","5":"product_cat-edebiyat","6":"product_cat-siir","7":"pa_cilt-ciltsiz","8":"pa_tur-kitap","9":"pa_yayinevi-ayrinti-yayinlari","10":"pa_yazar-efrahim-nevzat","12":"first","13":"instock","14":"sale","15":"shipping-taxable","16":"purchasable","17":"product-type-simple"},"_links":{"self":[{"href":"https:\/\/roveyayinevi.com.tr\/index.php\/wp-json\/wp\/v2\/product\/762843","targetHints":{"allow":["GET"]}}],"collection":[{"href":"https:\/\/roveyayinevi.com.tr\/index.php\/wp-json\/wp\/v2\/product"}],"about":[{"href":"https:\/\/roveyayinevi.com.tr\/index.php\/wp-json\/wp\/v2\/types\/product"}],"wp:attachment":[{"href":"https:\/\/roveyayinevi.com.tr\/index.php\/wp-json\/wp\/v2\/media?parent=762843"}],"wp:term":[{"taxonomy":"product_brand","embeddable":true,"href":"https:\/\/roveyayinevi.com.tr\/index.php\/wp-json\/wp\/v2\/product_brand?post=762843"},{"taxonomy":"product_cat","embeddable":true,"href":"https:\/\/roveyayinevi.com.tr\/index.php\/wp-json\/wp\/v2\/product_cat?post=762843"},{"taxonomy":"product_tag","embeddable":true,"href":"https:\/\/roveyayinevi.com.tr\/index.php\/wp-json\/wp\/v2\/product_tag?post=762843"}],"curies":[{"name":"wp","href":"https:\/\/api.w.org\/{rel}","templated":true}]}}