{"id":762841,"date":"2025-08-28T10:22:14","date_gmt":"2025-08-28T07:22:14","guid":{"rendered":"https:\/\/roveyayinevi.com.tr\/index.php\/urun\/teknoloji-ve-uygarlik\/"},"modified":"2026-04-15T03:27:47","modified_gmt":"2026-04-15T00:27:47","slug":"teknoloji-ve-uygarlik","status":"publish","type":"product","link":"https:\/\/roveyayinevi.com.tr\/index.php\/urun\/teknoloji-ve-uygarlik\/","title":{"rendered":"Teknoloji ve Uygarl\u0131k"},"content":{"rendered":"<p>Teknolojik de\u011fi\u015fimin insani boyutlar\u0131n\u0131 inceleyen herhangi bir ara\u015ft\u0131rmac\u0131 eninde sonunda Lewis Mumford&#8217;la kar\u015f\u0131la\u015facakt\u0131r. Mumford, konuyla ilgili \u00e7\u0131\u011f\u0131r a\u00e7\u0131c\u0131, ileri g\u00f6r\u00fc\u015fl\u00fc yakla\u015f\u0131mlar\u0131yla, modern materyal k\u00fclt\u00fcr\u00fcn merkezindeki temel inan\u0131\u015flar ve etik ikilemler \u00fczerinde d\u00fc\u015f\u00fcnmemize yard\u0131mc\u0131 olacak geni\u015f bir entelekt\u00fcel kaynak sunar. Bu konudaki kitaplar\u0131ndan ilki olan Teknoloji ve Uygarl\u0131k, yirminci y\u00fczy\u0131l\u0131n ba\u015flar\u0131ndaki akademik geleneklere a\u00e7\u0131k\u00e7a meydan okumu\u015f ve teknoloji merkezli ya\u015fam\u0131n do\u011furdu\u011fu beklentiler hakk\u0131nda onlarca y\u0131ld\u0131r s\u00fcren canl\u0131 tart\u0131\u015fmalara zemin haz\u0131rlam\u0131\u015ft\u0131r.Mumford bizi her biri paradigma niteli\u011finde bir dizi b\u00fcy\u00fcleyici b\u00f6l\u00fcmden ge\u00e7irirken makineye dair &#8220;b\u00fcy\u00fck anlat\u0131y\u0131&#8221; sunar. Makineyi, teknolojiyi, teknolojinin insan ruhu \u00fczerindeki etkisini, yaratt\u0131\u011f\u0131 insan tipini, ortaya \u00e7\u0131kard\u0131\u011f\u0131 toplumsal s\u0131n\u0131flar\u0131, bu s\u0131n\u0131flar\u0131n birbiriyle ili\u015fkisini belki de e\u015fi benzeri g\u00f6r\u00fclmemi\u015f bir netlikle g\u00f6zler \u00f6n\u00fcne serer. Kent planlamas\u0131ndan k\u00fclt\u00fcr ve sanat tarihine, teknolojiden toplumsal ele\u015ftiriye uzanan geni\u015f bir alanda \u00e7al\u0131\u015fm\u0131\u015f olan Amerikal\u0131 d\u00fc\u015f\u00fcn\u00fcr Lewis Mumford&#8217;un ba\u015fyap\u0131tlar\u0131ndan biri olan Teknoloji ve Uygarl\u0131k, okuyucuyu kendi modern varolu\u015funun ger\u00e7eklerini, k\u00f6kenlerini, \u00e7eli\u015fkilerini, yanl\u0131\u015flar\u0131n\u0131, do\u011frular\u0131n\u0131 ve teknolojiyle ili\u015fkisini irdelemeye davet ediyor.<\/p>\n","protected":false},"excerpt":{"rendered":"<p>Teknolojik de\u011fi\u015fimin insani boyutlar\u0131n\u0131 inceleyen herhangi bir ara\u015ft\u0131rmac\u0131 eninde sonunda Lewis Mumford&#8217;la kar\u015f\u0131la\u015facakt\u0131r. Mumford, konuyla ilgili \u00e7\u0131\u011f\u0131r a\u00e7\u0131c\u0131, ileri g\u00f6r\u00fc\u015fl\u00fc yakla\u015f\u0131mlar\u0131yla, modern materyal k\u00fclt\u00fcr\u00fcn merkezindeki temel<span class=\"excerpt-hellip\"> [\u2026]<\/span><\/p>\n","protected":false},"featured_media":0,"template":"","meta":{"_monsterinsights_skip_tracking":false,"_monsterinsights_sitenote_active":false,"_monsterinsights_sitenote_note":"","_monsterinsights_sitenote_category":0},"product_brand":[],"product_cat":[12325,12324],"product_tag":[],"class_list":{"0":"post-762841","1":"product","2":"type-product","3":"status-publish","5":"product_cat-diger-sosyoloji","6":"product_cat-sosyoloji","7":"pa_cilt-ciltsiz","8":"pa_tur-kitap","9":"pa_yayinevi-ayrinti-yayinlari","10":"pa_yazar-lewis-mumford","12":"first","13":"instock","14":"sale","15":"shipping-taxable","16":"purchasable","17":"product-type-simple"},"_links":{"self":[{"href":"https:\/\/roveyayinevi.com.tr\/index.php\/wp-json\/wp\/v2\/product\/762841","targetHints":{"allow":["GET"]}}],"collection":[{"href":"https:\/\/roveyayinevi.com.tr\/index.php\/wp-json\/wp\/v2\/product"}],"about":[{"href":"https:\/\/roveyayinevi.com.tr\/index.php\/wp-json\/wp\/v2\/types\/product"}],"wp:attachment":[{"href":"https:\/\/roveyayinevi.com.tr\/index.php\/wp-json\/wp\/v2\/media?parent=762841"}],"wp:term":[{"taxonomy":"product_brand","embeddable":true,"href":"https:\/\/roveyayinevi.com.tr\/index.php\/wp-json\/wp\/v2\/product_brand?post=762841"},{"taxonomy":"product_cat","embeddable":true,"href":"https:\/\/roveyayinevi.com.tr\/index.php\/wp-json\/wp\/v2\/product_cat?post=762841"},{"taxonomy":"product_tag","embeddable":true,"href":"https:\/\/roveyayinevi.com.tr\/index.php\/wp-json\/wp\/v2\/product_tag?post=762841"}],"curies":[{"name":"wp","href":"https:\/\/api.w.org\/{rel}","templated":true}]}}