{"id":762840,"date":"2025-08-28T10:22:12","date_gmt":"2025-08-28T07:22:12","guid":{"rendered":"https:\/\/roveyayinevi.com.tr\/index.php\/urun\/modern-barbarligin-elestirisi\/"},"modified":"2026-04-15T03:27:47","modified_gmt":"2026-04-15T00:27:47","slug":"modern-barbarligin-elestirisi","status":"publish","type":"product","link":"https:\/\/roveyayinevi.com.tr\/index.php\/urun\/modern-barbarligin-elestirisi\/","title":{"rendered":"Modern Barbarl\u0131\u011f\u0131n Ele\u015ftirisi"},"content":{"rendered":"<p>Enzo Traverso, Yahudi kar\u015f\u0131tl\u0131\u011f\u0131, modernite ve Holokost aras\u0131ndaki ili\u015fkileri inceliyor. Kitab\u0131n farkl\u0131 b\u00f6l\u00fcmleri Avrupal\u0131 Yahudilerin yok edilmesinin \u00e7e\u015fitli boyutlar\u0131n\u0131, tarihsel belle\u011fe ili\u015fkin yakla\u015f\u0131mlar\u0131 ve antisemitizmin do\u011fas\u0131na dair sol tart\u0131\u015fmalar\u0131 anlat\u0131yor. Frankfurt Okulu&#8217;nun ele\u015ftirel teorisinden ve Walter Benjamin gibi bir d\u00fc\u015f\u00fcn\u00fcr\u00fcn heterodoks Marksizminden ilham alan Traverso, Auschwitz&#8217;ten sonra ele\u015ftirel d\u00fc\u015f\u00fcncenin ilerleme kavram\u0131n\u0131 yeniden ele almas\u0131 gerekti\u011fini savunuyor.  Ge\u00e7mi\u015ften g\u00fcn\u00fcm\u00fcze tarihsel anlamda bir ilerleme s\u00fcrecinde oldu\u011fu varsay\u0131lan Bat\u0131 medeniyetinin \u00f6nde gelen temsilcilerinden biri olan Almanya, Auschwitz&#8217;e imza att\u0131\u011f\u0131nda bu ilerleme bir kesintiye mi u\u011fram\u0131\u015ft\u0131 yoksa Auschwitz, Akl\u0131, \u00f6zg\u00fcrle\u015ftirici bir g\u00fc\u00e7 olmaktan \u00e7\u0131kar\u0131p bir tahakk\u00fcm ve ter\u00f6r arac\u0131na d\u00f6n\u00fc\u015ft\u00fcren uzun bir Bat\u0131 medeniyeti yolunun doruk noktas\u0131 m\u0131yd\u0131? Hitler&#8217;in yakla\u015f\u0131m ve y\u00f6ntemleri ayr\u0131k birer olgu muydu yoksa t\u00fcm Avrupa&#8217;n\u0131n s\u0131n\u0131f ve \u0131rk k\u00f6kenli d\u00fcrt\u00fclerinin \u00f6z\u00fcn\u00fc m\u00fc yans\u0131t\u0131yordu? Auschwitz&#8217;in Yahudi toplumunda yaratt\u0131\u011f\u0131 refleks \u0130srail Devleti&#8217;nin nas\u0131l bir yol izlemesine neden oldu ve gelecekte neler olabilir? Enzo Traverso, bu sorular\u0131 yan\u0131tlamaya \u00e7al\u0131\u015f\u0131yor.<\/p>\n","protected":false},"excerpt":{"rendered":"<p>Enzo Traverso, Yahudi kar\u015f\u0131tl\u0131\u011f\u0131, modernite ve Holokost aras\u0131ndaki ili\u015fkileri inceliyor. Kitab\u0131n farkl\u0131 b\u00f6l\u00fcmleri Avrupal\u0131 Yahudilerin yok edilmesinin \u00e7e\u015fitli boyutlar\u0131n\u0131, tarihsel belle\u011fe ili\u015fkin yakla\u015f\u0131mlar\u0131 ve antisemitizmin do\u011fas\u0131na<span class=\"excerpt-hellip\"> [\u2026]<\/span><\/p>\n","protected":false},"featured_media":0,"template":"","meta":{"_monsterinsights_skip_tracking":false,"_monsterinsights_sitenote_active":false,"_monsterinsights_sitenote_note":"","_monsterinsights_sitenote_category":0},"product_brand":[],"product_cat":[12370,12304],"product_tag":[],"class_list":{"0":"post-762840","1":"product","2":"type-product","3":"status-publish","5":"product_cat-arastirma-inceleme","6":"product_cat-tarih","7":"pa_cilt-ciltsiz","8":"pa_tur-kitap","9":"pa_yayinevi-ayrinti-yayinlari","10":"pa_yazar-enzo-traverso","12":"first","13":"instock","14":"sale","15":"shipping-taxable","16":"purchasable","17":"product-type-simple"},"_links":{"self":[{"href":"https:\/\/roveyayinevi.com.tr\/index.php\/wp-json\/wp\/v2\/product\/762840","targetHints":{"allow":["GET"]}}],"collection":[{"href":"https:\/\/roveyayinevi.com.tr\/index.php\/wp-json\/wp\/v2\/product"}],"about":[{"href":"https:\/\/roveyayinevi.com.tr\/index.php\/wp-json\/wp\/v2\/types\/product"}],"wp:attachment":[{"href":"https:\/\/roveyayinevi.com.tr\/index.php\/wp-json\/wp\/v2\/media?parent=762840"}],"wp:term":[{"taxonomy":"product_brand","embeddable":true,"href":"https:\/\/roveyayinevi.com.tr\/index.php\/wp-json\/wp\/v2\/product_brand?post=762840"},{"taxonomy":"product_cat","embeddable":true,"href":"https:\/\/roveyayinevi.com.tr\/index.php\/wp-json\/wp\/v2\/product_cat?post=762840"},{"taxonomy":"product_tag","embeddable":true,"href":"https:\/\/roveyayinevi.com.tr\/index.php\/wp-json\/wp\/v2\/product_tag?post=762840"}],"curies":[{"name":"wp","href":"https:\/\/api.w.org\/{rel}","templated":true}]}}