{"id":762839,"date":"2025-08-28T10:22:10","date_gmt":"2025-08-28T07:22:10","guid":{"rendered":"https:\/\/roveyayinevi.com.tr\/index.php\/urun\/felatun-bey-ile-rakim-efendi-11\/"},"modified":"2026-04-15T03:27:47","modified_gmt":"2026-04-15T00:27:47","slug":"felatun-bey-ile-rakim-efendi-11","status":"publish","type":"product","link":"https:\/\/roveyayinevi.com.tr\/index.php\/urun\/felatun-bey-ile-rakim-efendi-11\/","title":{"rendered":"Felatun Bey ile Rak\u0131m Efendi"},"content":{"rendered":"<p>Felatun Bey ile Rak\u0131m Efendi bir \u0130stanbul roman\u0131d\u0131r. Felatun Bey\u2019in ki\u015fili\u011finde Bat\u0131 hayran\u0131 bir mirasyedi canland\u0131r\u0131lm\u0131\u015ft\u0131r. Rak\u0131m Efendi, kendini yeti\u015ftirmesini bilen, hem Do\u011fu hem Bat\u0131 k\u00fclt\u00fcr\u00fcn\u00fc \u00f6z\u00fcmsemi\u015f, kendi el eme\u011fi ile ge\u00e7inen, ailesine ba\u011fl\u0131 bir kahraman tipidir. Romanda bu iki tip kar\u015f\u0131la\u015ft\u0131r\u0131l\u0131rken mek\u00e2n olarak \u0130stanbul\u2019un Beyo\u011flu, Sal\u0131pazar\u0131 ve K\u00e2\u011f\u0131thane semtleri se\u00e7ilmi\u015ftir. Romanda konunun ge\u00e7ti\u011fi d\u00f6nemde esirlik d\u00fczeni varl\u0131\u011f\u0131n\u0131 s\u00fcrd\u00fcrmektedir.   Yazar s\u00fcrekli olarak roman\u0131n i\u00e7indedir ve okurla konu\u015fur. Bu durum Ahmet Mithat Efendi\u2019nin eserlerinin bir \u00f6zelli\u011fidir denilebilir.<\/p>\n","protected":false},"excerpt":{"rendered":"<p>Felatun Bey ile Rak\u0131m Efendi bir \u0130stanbul roman\u0131d\u0131r. Felatun Bey\u2019in ki\u015fili\u011finde Bat\u0131 hayran\u0131 bir mirasyedi canland\u0131r\u0131lm\u0131\u015ft\u0131r. Rak\u0131m Efendi, kendini yeti\u015ftirmesini bilen, hem Do\u011fu hem Bat\u0131 k\u00fclt\u00fcr\u00fcn\u00fc<span class=\"excerpt-hellip\"> [\u2026]<\/span><\/p>\n","protected":false},"featured_media":0,"template":"","meta":{"_monsterinsights_skip_tracking":false,"_monsterinsights_sitenote_active":false,"_monsterinsights_sitenote_note":"","_monsterinsights_sitenote_category":0},"product_brand":[],"product_cat":[12291,12711],"product_tag":[],"class_list":{"0":"post-762839","1":"product","2":"type-product","3":"status-publish","5":"product_cat-edebiyat","6":"product_cat-roman-oyku","7":"pa_cilt-ciltsiz","8":"pa_tur-kitap","9":"pa_yayinevi-ayrinti-yayinlari","10":"pa_yazar-ahmet-mithat-efendi","12":"first","13":"instock","14":"sale","15":"shipping-taxable","16":"purchasable","17":"product-type-simple"},"_links":{"self":[{"href":"https:\/\/roveyayinevi.com.tr\/index.php\/wp-json\/wp\/v2\/product\/762839","targetHints":{"allow":["GET"]}}],"collection":[{"href":"https:\/\/roveyayinevi.com.tr\/index.php\/wp-json\/wp\/v2\/product"}],"about":[{"href":"https:\/\/roveyayinevi.com.tr\/index.php\/wp-json\/wp\/v2\/types\/product"}],"wp:attachment":[{"href":"https:\/\/roveyayinevi.com.tr\/index.php\/wp-json\/wp\/v2\/media?parent=762839"}],"wp:term":[{"taxonomy":"product_brand","embeddable":true,"href":"https:\/\/roveyayinevi.com.tr\/index.php\/wp-json\/wp\/v2\/product_brand?post=762839"},{"taxonomy":"product_cat","embeddable":true,"href":"https:\/\/roveyayinevi.com.tr\/index.php\/wp-json\/wp\/v2\/product_cat?post=762839"},{"taxonomy":"product_tag","embeddable":true,"href":"https:\/\/roveyayinevi.com.tr\/index.php\/wp-json\/wp\/v2\/product_tag?post=762839"}],"curies":[{"name":"wp","href":"https:\/\/api.w.org\/{rel}","templated":true}]}}