{"id":762837,"date":"2025-08-28T10:22:06","date_gmt":"2025-08-28T07:22:06","guid":{"rendered":"https:\/\/roveyayinevi.com.tr\/index.php\/urun\/cehalet\/"},"modified":"2026-04-15T03:27:47","modified_gmt":"2026-04-15T00:27:47","slug":"cehalet","status":"publish","type":"product","link":"https:\/\/roveyayinevi.com.tr\/index.php\/urun\/cehalet\/","title":{"rendered":"Cehalet"},"content":{"rendered":"<p>\u201c(\u2026) Bu kitab\u0131 iki tip insan i\u00e7in yazd\u0131m. \u0130lk ba\u015fta genel okur i\u00e7in. Her bir birey bilgi ve cehaletin e\u015fsiz bir kar\u0131\u015f\u0131m\u0131 oldu\u011fu i\u00e7in konunun genele hitap etti\u011fi su g\u00f6t\u00fcrmez. \u0130kinci olarak benim gibi ba\u015fka ara\u015ft\u0131rmac\u0131lar i\u00e7in yazd\u0131m. Umuyorum ki bu kitapta, gen\u00e7 ara\u015ft\u0131rmac\u0131lar\u0131 hen\u00fcz bir \u201calan\u201d olamam\u0131\u015f bu sahaya girmeye ve elbette ge\u00e7ici sonu\u00e7lar\u0131m\u0131 ele\u015ftirmeye, d\u00fczeltmeye ve geli\u015ftirmeye te\u015fvik etmek i\u00e7in bug\u00fcne dek ne yap\u0131ld\u0131\u011f\u0131, bug\u00fcnden sonra ise ne yap\u0131labilece\u011fi hakk\u0131nda \u201cb\u00fcy\u00fck resmi\u201d sunabilirim.               \u0130leride yaz\u0131lacak bir cehalet tarihi, y\u00fczy\u0131llara b\u00f6l\u00fcnm\u00fc\u015f bir anlat\u0131 bi\u00e7iminde geleneksel tarzda sunulabilir. B\u00f6yle bir anlat\u0131, farkl\u0131 alanlar\u0131n payla\u015ft\u0131\u011f\u0131 genel e\u011filimlerin belirlenmesine ba\u011fl\u0131 kalacakt\u0131r. Elinizdeki kitap bu t\u00fcrden gelecek incelemeleri te\u015fvik ederse, bundan \u00e7ok mutlu olurum. \u015eimdilik cehaletin tarihi hakk\u0131ndaki mevcut cehaletimize bak\u0131l\u0131rsa belli konulara ayr\u0131lm\u0131\u015f bir dizi denemeye dayanan genel bir inceleme yapmak daha ger\u00e7ek\u00e7i bir yakla\u015f\u0131m olur\u2026\u201d   Peter BURKE<\/p>\n","protected":false},"excerpt":{"rendered":"<p>\u201c(\u2026) Bu kitab\u0131 iki tip insan i\u00e7in yazd\u0131m. \u0130lk ba\u015fta genel okur i\u00e7in. Her bir birey bilgi ve cehaletin e\u015fsiz bir kar\u0131\u015f\u0131m\u0131 oldu\u011fu i\u00e7in konunun genele<span class=\"excerpt-hellip\"> [\u2026]<\/span><\/p>\n","protected":false},"featured_media":0,"template":"","meta":{"_monsterinsights_skip_tracking":false,"_monsterinsights_sitenote_active":false,"_monsterinsights_sitenote_note":"","_monsterinsights_sitenote_category":0},"product_brand":[],"product_cat":[12370,12304],"product_tag":[],"class_list":{"0":"post-762837","1":"product","2":"type-product","3":"status-publish","5":"product_cat-arastirma-inceleme","6":"product_cat-tarih","7":"pa_cilt-ciltsiz","8":"pa_tur-kitap","9":"pa_yayinevi-islik-yayinlari","10":"pa_yazar-peter-burke","12":"first","13":"instock","14":"sale","15":"shipping-taxable","16":"purchasable","17":"product-type-simple"},"_links":{"self":[{"href":"https:\/\/roveyayinevi.com.tr\/index.php\/wp-json\/wp\/v2\/product\/762837","targetHints":{"allow":["GET"]}}],"collection":[{"href":"https:\/\/roveyayinevi.com.tr\/index.php\/wp-json\/wp\/v2\/product"}],"about":[{"href":"https:\/\/roveyayinevi.com.tr\/index.php\/wp-json\/wp\/v2\/types\/product"}],"wp:attachment":[{"href":"https:\/\/roveyayinevi.com.tr\/index.php\/wp-json\/wp\/v2\/media?parent=762837"}],"wp:term":[{"taxonomy":"product_brand","embeddable":true,"href":"https:\/\/roveyayinevi.com.tr\/index.php\/wp-json\/wp\/v2\/product_brand?post=762837"},{"taxonomy":"product_cat","embeddable":true,"href":"https:\/\/roveyayinevi.com.tr\/index.php\/wp-json\/wp\/v2\/product_cat?post=762837"},{"taxonomy":"product_tag","embeddable":true,"href":"https:\/\/roveyayinevi.com.tr\/index.php\/wp-json\/wp\/v2\/product_tag?post=762837"}],"curies":[{"name":"wp","href":"https:\/\/api.w.org\/{rel}","templated":true}]}}