{"id":762836,"date":"2025-08-28T10:22:04","date_gmt":"2025-08-28T07:22:04","guid":{"rendered":"https:\/\/roveyayinevi.com.tr\/index.php\/urun\/gunesim-ol\/"},"modified":"2026-04-15T03:27:47","modified_gmt":"2026-04-15T00:27:47","slug":"gunesim-ol","status":"publish","type":"product","link":"https:\/\/roveyayinevi.com.tr\/index.php\/urun\/gunesim-ol\/","title":{"rendered":"G\u00fcne\u015fim Ol"},"content":{"rendered":"<p>Her bahar ayn\u0131 a\u00e7m\u0131yor g\u00fcl\u00fcm Y\u00fcre\u011fimdeki gonca Bir ku\u015fun narin kanat \u00e7\u0131rp\u0131\u015flar\u0131 Damla damla kanat\u0131yor Sevda yorgunu bedenimi Yar\u0131m \u015fark\u0131lar s\u00f6yl\u00fcyor G\u00f6k g\u00fcr\u00fclt\u00fcs\u00fc Siyah bulutlar e\u015fli\u011finde Ya\u011fmur ritmik vuru\u015flar yap\u0131yor Toprak anan\u0131n s\u0131cac\u0131k tenine Oysa Yeni do\u011fumlara gebedir \u0131slanan toprak Her do\u011fum sanc\u0131l\u0131 olur be g\u00fcl\u00fcm Ve de Her canl\u0131 do\u011farken gebedir \u00f6l\u00fcme Yine de uzak dursun \u00f6l\u00fcm \u00d6mr\u00fcn ya\u015fama gebe olsun Y\u00fcre\u011finde sevin\u00e7 g\u00f6zlerinde \u0131\u015f\u0131lt\u0131 Y\u00fcz\u00fcnde tebess\u00fcm olsun Her do\u011fan g\u00fcne\u015f g\u00fcl\u00fcm G\u00fcne\u015fim ol\u2026 <\/p>\n","protected":false},"excerpt":{"rendered":"<p>Her bahar ayn\u0131 a\u00e7m\u0131yor g\u00fcl\u00fcm Y\u00fcre\u011fimdeki gonca Bir ku\u015fun narin kanat \u00e7\u0131rp\u0131\u015flar\u0131 Damla damla kanat\u0131yor Sevda yorgunu bedenimi Yar\u0131m \u015fark\u0131lar s\u00f6yl\u00fcyor G\u00f6k g\u00fcr\u00fclt\u00fcs\u00fc Siyah bulutlar e\u015fli\u011finde<span class=\"excerpt-hellip\"> [\u2026]<\/span><\/p>\n","protected":false},"featured_media":0,"template":"","meta":{"_monsterinsights_skip_tracking":false,"_monsterinsights_sitenote_active":false,"_monsterinsights_sitenote_note":"","_monsterinsights_sitenote_category":0},"product_brand":[],"product_cat":[12291,12509],"product_tag":[],"class_list":{"0":"post-762836","1":"product","2":"type-product","3":"status-publish","5":"product_cat-edebiyat","6":"product_cat-siir","7":"pa_cilt-ciltsiz","8":"pa_tur-kitap","9":"pa_yayinevi-kirmizi-ada-yayinlari","10":"pa_yazar-abidin-kurt","12":"first","13":"instock","14":"sale","15":"shipping-taxable","16":"purchasable","17":"product-type-simple"},"_links":{"self":[{"href":"https:\/\/roveyayinevi.com.tr\/index.php\/wp-json\/wp\/v2\/product\/762836","targetHints":{"allow":["GET"]}}],"collection":[{"href":"https:\/\/roveyayinevi.com.tr\/index.php\/wp-json\/wp\/v2\/product"}],"about":[{"href":"https:\/\/roveyayinevi.com.tr\/index.php\/wp-json\/wp\/v2\/types\/product"}],"wp:attachment":[{"href":"https:\/\/roveyayinevi.com.tr\/index.php\/wp-json\/wp\/v2\/media?parent=762836"}],"wp:term":[{"taxonomy":"product_brand","embeddable":true,"href":"https:\/\/roveyayinevi.com.tr\/index.php\/wp-json\/wp\/v2\/product_brand?post=762836"},{"taxonomy":"product_cat","embeddable":true,"href":"https:\/\/roveyayinevi.com.tr\/index.php\/wp-json\/wp\/v2\/product_cat?post=762836"},{"taxonomy":"product_tag","embeddable":true,"href":"https:\/\/roveyayinevi.com.tr\/index.php\/wp-json\/wp\/v2\/product_tag?post=762836"}],"curies":[{"name":"wp","href":"https:\/\/api.w.org\/{rel}","templated":true}]}}