{"id":762835,"date":"2025-08-28T10:22:03","date_gmt":"2025-08-28T07:22:03","guid":{"rendered":"https:\/\/roveyayinevi.com.tr\/index.php\/urun\/aklin-yonetimi-icin-kurallar-3\/"},"modified":"2026-04-15T03:27:47","modified_gmt":"2026-04-15T00:27:47","slug":"aklin-yonetimi-icin-kurallar-3","status":"publish","type":"product","link":"https:\/\/roveyayinevi.com.tr\/index.php\/urun\/aklin-yonetimi-icin-kurallar-3\/","title":{"rendered":"Akl\u0131n Y\u00f6netimi \u0130\u00e7in Kurallar"},"content":{"rendered":"<p>Ren\u00e9 Descartes, modern felsefenin babas\u0131 olarak kabul edilen ve d\u00fc\u015f\u00fcnceleriyle bilimsel devrimi ate\u015fleyen b\u00fcy\u00fck bir filozof ve matematik\u00e7idir. Akl\u0131n Y\u00f6netimi \u0130\u00e7in Kurallar, Descartes&#8217;\u0131n ak\u0131l y\u00fcr\u00fctme ve bilgiye ula\u015fma y\u00f6ntemlerini anlatt\u0131\u011f\u0131, felsefi d\u00fc\u015f\u00fcncenin temel ta\u015flar\u0131n\u0131 olu\u015fturan bir ba\u015fyap\u0131tt\u0131r. Bu eserde Descartes, do\u011fru bilgiye ula\u015fman\u0131n ve ele\u015ftirel d\u00fc\u015f\u00fcnmenin yollar\u0131n\u0131 ke\u015ffetmek i\u00e7in geli\u015ftirdi\u011fi kurallar\u0131 detayl\u0131 bir \u015fekilde a\u00e7\u0131klamaktad\u0131r. Mant\u0131k, matematik ve do\u011fa bilimleri gibi alanlardaki y\u00f6ntemleri bir araya getirerek, ak\u0131l y\u00fcr\u00fctme s\u00fcre\u00e7lerinin nas\u0131l sistematik bir \u015fekilde geli\u015ftirilebilece\u011fini g\u00f6sterir. Kitap, yaln\u0131zca felsefe \u00f6\u011frencileri i\u00e7in de\u011fil, ayn\u0131 zamanda ele\u015ftirel d\u00fc\u015f\u00fcnme ve mant\u0131ksal ak\u0131l y\u00fcr\u00fctme becerilerini geli\u015ftirmek isteyen herkes i\u00e7in bir rehber niteli\u011findedir. Descartes\u2019in berrak ve sistematik d\u00fc\u015f\u00fcnce yap\u0131s\u0131n\u0131 anlamak, okurlar\u0131 daha derinlemesine bir bilgi ve anlay\u0131\u015f seviyesine ula\u015ft\u0131racakt\u0131r. Akl\u0131n Y\u00f6netimi \u0130\u00e7in Kurallar, d\u00fc\u015f\u00fcncenin s\u0131n\u0131rlar\u0131n\u0131 zorlamak ve hakikate ula\u015fma arzusunu tetiklemek i\u00e7in kaleme al\u0131nm\u0131\u015f, zamans\u0131z bir ba\u015fyap\u0131t. Bu kitab\u0131 okurken, Descartes&#8217;\u0131n keskin zek\u00e2s\u0131 ve derin felsefi bak\u0131\u015f a\u00e7\u0131s\u0131yla tan\u0131\u015facak, kendi ak\u0131l y\u00fcr\u00fctme y\u00f6ntemlerinizi yeniden g\u00f6zden ge\u00e7irme f\u0131rsat\u0131 bulacaks\u0131n\u0131z.   <\/p>\n","protected":false},"excerpt":{"rendered":"<p>Ren\u00e9 Descartes, modern felsefenin babas\u0131 olarak kabul edilen ve d\u00fc\u015f\u00fcnceleriyle bilimsel devrimi ate\u015fleyen b\u00fcy\u00fck bir filozof ve matematik\u00e7idir. Akl\u0131n Y\u00f6netimi \u0130\u00e7in Kurallar, Descartes&#8217;\u0131n ak\u0131l y\u00fcr\u00fctme ve<span class=\"excerpt-hellip\"> [\u2026]<\/span><\/p>\n","protected":false},"featured_media":0,"template":"","meta":{"_monsterinsights_skip_tracking":false,"_monsterinsights_sitenote_active":false,"_monsterinsights_sitenote_note":"","_monsterinsights_sitenote_category":0},"product_brand":[],"product_cat":[12388],"product_tag":[],"class_list":{"0":"post-762835","1":"product","2":"type-product","3":"status-publish","5":"product_cat-felsefe","6":"pa_cilt-ciltsiz","7":"pa_tur-kitap","8":"pa_yayinevi-kirmizi-ada-yayinlari","9":"pa_yazar-rene-descartes","11":"first","12":"instock","13":"sale","14":"shipping-taxable","15":"purchasable","16":"product-type-simple"},"_links":{"self":[{"href":"https:\/\/roveyayinevi.com.tr\/index.php\/wp-json\/wp\/v2\/product\/762835","targetHints":{"allow":["GET"]}}],"collection":[{"href":"https:\/\/roveyayinevi.com.tr\/index.php\/wp-json\/wp\/v2\/product"}],"about":[{"href":"https:\/\/roveyayinevi.com.tr\/index.php\/wp-json\/wp\/v2\/types\/product"}],"wp:attachment":[{"href":"https:\/\/roveyayinevi.com.tr\/index.php\/wp-json\/wp\/v2\/media?parent=762835"}],"wp:term":[{"taxonomy":"product_brand","embeddable":true,"href":"https:\/\/roveyayinevi.com.tr\/index.php\/wp-json\/wp\/v2\/product_brand?post=762835"},{"taxonomy":"product_cat","embeddable":true,"href":"https:\/\/roveyayinevi.com.tr\/index.php\/wp-json\/wp\/v2\/product_cat?post=762835"},{"taxonomy":"product_tag","embeddable":true,"href":"https:\/\/roveyayinevi.com.tr\/index.php\/wp-json\/wp\/v2\/product_tag?post=762835"}],"curies":[{"name":"wp","href":"https:\/\/api.w.org\/{rel}","templated":true}]}}