{"id":762834,"date":"2025-08-28T10:22:00","date_gmt":"2025-08-28T07:22:00","guid":{"rendered":"https:\/\/roveyayinevi.com.tr\/index.php\/urun\/vuslata-dogru\/"},"modified":"2026-04-15T03:27:47","modified_gmt":"2026-04-15T00:27:47","slug":"vuslata-dogru","status":"publish","type":"product","link":"https:\/\/roveyayinevi.com.tr\/index.php\/urun\/vuslata-dogru\/","title":{"rendered":"Vuslata Do\u011fru"},"content":{"rendered":"<p>Al\u0131n yaz\u0131s\u0131n\u0131 herkes g\u00f6recek Yolculuk ba\u015flar vuslata do\u011fru Kaderin s\u0131rr\u0131na mutlak erecek Yolculuk ba\u015flar vuslata do\u011fru   G\u00fcne\u015fin vuslat\u0131 ak\u015fama do\u011fru Tek tek gelir herkese \u00e7a\u011f\u0131 Kimi bayram\u0131 kiminin ci\u011feri da\u011fl\u0131 Yolculuk ba\u015flar vuslata do\u011fru   D\u00fcnya bir sahnedir kainat oyuncu Bu filim ne ilktir ne de olur sonuncu D\u00fczen kal\u0131c\u0131d\u0131r her canl\u0131 yolcu Yolculuk ba\u015flar vuslata do\u011fru   \u0130brahimce sab\u0131r da\u011flar\u0131 a\u015far D\u00fcnyada her canl\u0131 hedefe ko\u015far G\u00f6k kubbe alt\u0131nda ho\u015f sada ya\u015far Yolculuk ba\u015flar vuslata do\u011fru <\/p>\n","protected":false},"excerpt":{"rendered":"<p>Al\u0131n yaz\u0131s\u0131n\u0131 herkes g\u00f6recek Yolculuk ba\u015flar vuslata do\u011fru Kaderin s\u0131rr\u0131na mutlak erecek Yolculuk ba\u015flar vuslata do\u011fru G\u00fcne\u015fin vuslat\u0131 ak\u015fama do\u011fru Tek tek gelir herkese \u00e7a\u011f\u0131 Kimi<span class=\"excerpt-hellip\"> [\u2026]<\/span><\/p>\n","protected":false},"featured_media":0,"template":"","meta":{"_monsterinsights_skip_tracking":false,"_monsterinsights_sitenote_active":false,"_monsterinsights_sitenote_note":"","_monsterinsights_sitenote_category":0},"product_brand":[],"product_cat":[12291,12509],"product_tag":[],"class_list":{"0":"post-762834","1":"product","2":"type-product","3":"status-publish","5":"product_cat-edebiyat","6":"product_cat-siir","7":"pa_cilt-ciltsiz","8":"pa_tur-kitap","9":"pa_yayinevi-gulnar-yayinlari","10":"pa_yazar-ibrahim-cicek","12":"first","13":"instock","14":"sale","15":"shipping-taxable","16":"purchasable","17":"product-type-simple"},"_links":{"self":[{"href":"https:\/\/roveyayinevi.com.tr\/index.php\/wp-json\/wp\/v2\/product\/762834","targetHints":{"allow":["GET"]}}],"collection":[{"href":"https:\/\/roveyayinevi.com.tr\/index.php\/wp-json\/wp\/v2\/product"}],"about":[{"href":"https:\/\/roveyayinevi.com.tr\/index.php\/wp-json\/wp\/v2\/types\/product"}],"wp:attachment":[{"href":"https:\/\/roveyayinevi.com.tr\/index.php\/wp-json\/wp\/v2\/media?parent=762834"}],"wp:term":[{"taxonomy":"product_brand","embeddable":true,"href":"https:\/\/roveyayinevi.com.tr\/index.php\/wp-json\/wp\/v2\/product_brand?post=762834"},{"taxonomy":"product_cat","embeddable":true,"href":"https:\/\/roveyayinevi.com.tr\/index.php\/wp-json\/wp\/v2\/product_cat?post=762834"},{"taxonomy":"product_tag","embeddable":true,"href":"https:\/\/roveyayinevi.com.tr\/index.php\/wp-json\/wp\/v2\/product_tag?post=762834"}],"curies":[{"name":"wp","href":"https:\/\/api.w.org\/{rel}","templated":true}]}}