{"id":762832,"date":"2025-08-28T10:21:56","date_gmt":"2025-08-28T07:21:56","guid":{"rendered":"https:\/\/roveyayinevi.com.tr\/index.php\/urun\/edebiyat-yazilari-2\/"},"modified":"2026-04-15T03:27:47","modified_gmt":"2026-04-15T00:27:47","slug":"edebiyat-yazilari-2","status":"publish","type":"product","link":"https:\/\/roveyayinevi.com.tr\/index.php\/urun\/edebiyat-yazilari-2\/","title":{"rendered":"Edebiyat Yaz\u0131lar\u0131 2"},"content":{"rendered":"<p>\u201cSanatk\u00e2r, lisan\u0131n denizine kendi kan\u0131n\u0131 katmak ihtiyac\u0131n\u0131 duyan ve kalbinin ate\u015fini teskin i\u00e7in bu umman i\u00e7ine dalan bir mahluktur,\u201d diyor Abd\u00fclhak \u015einasi Hisar. Hisar\u2019\u0131n Everest\u2019teki k\u00fclliyat\u0131, bu kavray\u0131\u015fla ve ayr\u0131ca sanat\u00e7\u0131y\u0131 bir m\u00fctefekkir, bir yol g\u00f6sterici olarak g\u00f6ren bir tav\u0131rla kaleme ald\u0131\u011f\u0131 kurmaca d\u0131\u015f\u0131 yaz\u0131lar\u0131n\u0131n yay\u0131mlanmas\u0131yla b\u00fcy\u00fcyor. Edebiyat Yaz\u0131lar\u0131 2, daha evvel yay\u0131mlanan Edebiyat Yaz\u0131lar\u0131 1\u2019in tamamlay\u0131c\u0131s\u0131 niteli\u011finde. \u201cRomana Dair\u201d, \u201c\u015eiire Dair\u201d, \u201cTenkide ve Terc\u00fcmeye Dair\u201d ve \u201c\u0130lgili S\u00f6yle\u015filer\u201d ba\u015fl\u0131kl\u0131 d\u00f6rt b\u00f6l\u00fcmden olu\u015fan bu kitap, Abd\u00fclhak \u015einasi Hisar\u2019\u0131n 1921-1955 y\u0131llar\u0131 aras\u0131nda kaleme ald\u0131\u011f\u0131, edeb\u00ee t\u00fcrlerin niteliklerine odaklanan yaz\u0131lar\u0131n\u0131n yan\u0131 s\u0131ra kendisiyle 1943-1963 y\u0131llar\u0131 aras\u0131nda edeb\u00ee t\u00fcrler \u00fczerine yap\u0131lm\u0131\u015f s\u00f6yle\u015fileri de bir araya getiriyor.   Edeb\u00ee eserin meydana geli\u015fi o kadar bir fikir hadisesinden ibaret de\u011fildir ki, bu hatta sadece bir sanat meselesi bile say\u0131lamaz. O daima bunlara h\u00fckmeden bir vak\u0131ad\u0131r. M\u00fcnekkitler bu ibda hadisesini tetkik edebilirler fakat onu birtak\u0131m \u015fartlara ve kay\u0131tlara ba\u011flayamazlar. Edeb\u00ee bir eserin do\u011fu\u015funa evvelinden \u015fartlar ko\u015fmak, ancak onun \u00f6l\u00fc do\u011fmas\u0131na sebep olabilir.<\/p>\n","protected":false},"excerpt":{"rendered":"<p>\u201cSanatk\u00e2r, lisan\u0131n denizine kendi kan\u0131n\u0131 katmak ihtiyac\u0131n\u0131 duyan ve kalbinin ate\u015fini teskin i\u00e7in bu umman i\u00e7ine dalan bir mahluktur,\u201d diyor Abd\u00fclhak \u015einasi Hisar. Hisar\u2019\u0131n Everest\u2019teki k\u00fclliyat\u0131,<span class=\"excerpt-hellip\"> [\u2026]<\/span><\/p>\n","protected":false},"featured_media":0,"template":"","meta":{"_monsterinsights_skip_tracking":false,"_monsterinsights_sitenote_active":false,"_monsterinsights_sitenote_note":"","_monsterinsights_sitenote_category":0},"product_brand":[],"product_cat":[12291],"product_tag":[],"class_list":{"0":"post-762832","1":"product","2":"type-product","3":"status-publish","5":"product_cat-edebiyat","6":"pa_cilt-ciltsiz","7":"pa_tur-kitap","8":"pa_yayinevi-everest-yayinlari","9":"pa_yazar-abdulhak-sinasi-hisar","11":"first","12":"instock","13":"sale","14":"shipping-taxable","15":"purchasable","16":"product-type-simple"},"_links":{"self":[{"href":"https:\/\/roveyayinevi.com.tr\/index.php\/wp-json\/wp\/v2\/product\/762832","targetHints":{"allow":["GET"]}}],"collection":[{"href":"https:\/\/roveyayinevi.com.tr\/index.php\/wp-json\/wp\/v2\/product"}],"about":[{"href":"https:\/\/roveyayinevi.com.tr\/index.php\/wp-json\/wp\/v2\/types\/product"}],"wp:attachment":[{"href":"https:\/\/roveyayinevi.com.tr\/index.php\/wp-json\/wp\/v2\/media?parent=762832"}],"wp:term":[{"taxonomy":"product_brand","embeddable":true,"href":"https:\/\/roveyayinevi.com.tr\/index.php\/wp-json\/wp\/v2\/product_brand?post=762832"},{"taxonomy":"product_cat","embeddable":true,"href":"https:\/\/roveyayinevi.com.tr\/index.php\/wp-json\/wp\/v2\/product_cat?post=762832"},{"taxonomy":"product_tag","embeddable":true,"href":"https:\/\/roveyayinevi.com.tr\/index.php\/wp-json\/wp\/v2\/product_tag?post=762832"}],"curies":[{"name":"wp","href":"https:\/\/api.w.org\/{rel}","templated":true}]}}