{"id":762831,"date":"2025-08-28T10:21:54","date_gmt":"2025-08-28T07:21:54","guid":{"rendered":"https:\/\/roveyayinevi.com.tr\/index.php\/urun\/hayatla-yuzlesmek\/"},"modified":"2026-04-08T03:24:29","modified_gmt":"2026-04-08T00:24:29","slug":"hayatla-yuzlesmek","status":"publish","type":"product","link":"https:\/\/roveyayinevi.com.tr\/index.php\/urun\/hayatla-yuzlesmek\/","title":{"rendered":"Hayatla Y\u00fczle\u015fmek"},"content":{"rendered":"<p>Her yeni ba\u015flang\u0131\u00e7, hayatla y\u00fczle\u015fmek i\u00e7in bir f\u0131rsatt\u0131r. \u0130nsan, elindekilerle yetinmeyi bilemeyebilir bazen; daha fazlas\u0131n\u0131 istedi\u011finde elindekileri de yitirebilir. Hayat\u0131 oldu\u011fu gibi kabul edenler, hayattan beklentilerini ger\u00e7ek\u00e7i bir zemine oturtanlar i\u00e7in her zaman yeni kap\u0131lar a\u00e7\u0131labilir.   Hayatla Y\u00fczle\u015fmek-Kendini Bulma Yolculu\u011fu, var olan\u0131n k\u0131ymetini bilip yenileri i\u00e7in kap\u0131lar\u0131n\u0131 sonuna kadar a\u00e7an insanlar\u0131n \u00f6yk\u00fclerinin anlat\u0131ld\u0131\u011f\u0131 bir kitap. Y\u0131llard\u0131r \u00f6zel sekt\u00f6rdeki birtak\u0131m \u015firketlerde y\u00fcksek kademelerde y\u00f6neticilik yapm\u0131\u015f ve ko\u00e7 olarak pek \u00e7ok insana hizmet vermi\u015f olan Karan Tugay G\u00f6nen\u00e7, ko\u00e7luk \u00e7al\u0131\u015fmalar\u0131ndan elde etti\u011fi deneyimlerini anlatt\u0131\u011f\u0131 kitab\u0131nda okurlara, zorluklar kar\u015f\u0131s\u0131nda her zaman yeni bir imk\u00e2n\u0131n bulunabilece\u011fini anlat\u0131yor.   Hayat, insan\u0131n kendisiyle kar\u015f\u0131la\u015ft\u0131\u011f\u0131 ve \u00e7ileli ge\u00e7en bir s\u00fcre\u00e7tir. G\u00f6nen\u00e7, insan\u0131n kendisi i\u00e7in yine en iyi \u00e7are oldu\u011funu, yeni bir g\u00f6zl\u00fckle bak\u0131nca hayatta g\u00f6r\u00fclebilecek pek \u00e7ok g\u00fczelli\u011fin bulundu\u011funu Hayatla Y\u00fczle\u015fmek-Kendini Bulma Yolculu\u011fu\u2019nda kendisine ba\u015fvuran ki\u015filerle yapt\u0131\u011f\u0131 seanslar\u0131 merkeze alarak anlat\u0131yor. Yazar, bir yerden ba\u015flamak laz\u0131msa ba\u015flanacak noktay\u0131 ba\u015fka yerlerde araman\u0131n \u00e7ok da do\u011fru olmad\u0131\u011f\u0131n\u0131, insan\u0131n kendine d\u00f6nerek yine kendisini bulabilece\u011fini ortaya koyuyor. <\/p>\n","protected":false},"excerpt":{"rendered":"<p>Her yeni ba\u015flang\u0131\u00e7, hayatla y\u00fczle\u015fmek i\u00e7in bir f\u0131rsatt\u0131r. \u0130nsan, elindekilerle yetinmeyi bilemeyebilir bazen; daha fazlas\u0131n\u0131 istedi\u011finde elindekileri de yitirebilir. Hayat\u0131 oldu\u011fu gibi kabul edenler, hayattan beklentilerini<span class=\"excerpt-hellip\"> [\u2026]<\/span><\/p>\n","protected":false},"featured_media":0,"template":"","meta":{"_monsterinsights_skip_tracking":false,"_monsterinsights_sitenote_active":false,"_monsterinsights_sitenote_note":"","_monsterinsights_sitenote_category":0},"product_brand":[],"product_cat":[12364,12376],"product_tag":[],"class_list":{"0":"post-762831","1":"product","2":"type-product","3":"status-publish","5":"product_cat-genel-konular","6":"product_cat-kisisel-gelisim","7":"pa_cilt-ciltsiz","8":"pa_tur-kitap","9":"pa_yayinevi-perge-yayinlari","10":"pa_yazar-karan-tugay-gonenc","12":"first","13":"instock","14":"sale","15":"shipping-taxable","16":"purchasable","17":"product-type-simple"},"_links":{"self":[{"href":"https:\/\/roveyayinevi.com.tr\/index.php\/wp-json\/wp\/v2\/product\/762831","targetHints":{"allow":["GET"]}}],"collection":[{"href":"https:\/\/roveyayinevi.com.tr\/index.php\/wp-json\/wp\/v2\/product"}],"about":[{"href":"https:\/\/roveyayinevi.com.tr\/index.php\/wp-json\/wp\/v2\/types\/product"}],"wp:attachment":[{"href":"https:\/\/roveyayinevi.com.tr\/index.php\/wp-json\/wp\/v2\/media?parent=762831"}],"wp:term":[{"taxonomy":"product_brand","embeddable":true,"href":"https:\/\/roveyayinevi.com.tr\/index.php\/wp-json\/wp\/v2\/product_brand?post=762831"},{"taxonomy":"product_cat","embeddable":true,"href":"https:\/\/roveyayinevi.com.tr\/index.php\/wp-json\/wp\/v2\/product_cat?post=762831"},{"taxonomy":"product_tag","embeddable":true,"href":"https:\/\/roveyayinevi.com.tr\/index.php\/wp-json\/wp\/v2\/product_tag?post=762831"}],"curies":[{"name":"wp","href":"https:\/\/api.w.org\/{rel}","templated":true}]}}