{"id":762827,"date":"2025-08-28T10:21:37","date_gmt":"2025-08-28T07:21:37","guid":{"rendered":"https:\/\/roveyayinevi.com.tr\/index.php\/urun\/gunes-mitler-tarih-ve-toplumlar\/"},"modified":"2026-04-15T03:27:46","modified_gmt":"2026-04-15T00:27:46","slug":"gunes-mitler-tarih-ve-toplumlar","status":"publish","type":"product","link":"https:\/\/roveyayinevi.com.tr\/index.php\/urun\/gunes-mitler-tarih-ve-toplumlar\/","title":{"rendered":"G\u00fcne\u015f Mitler, Tarih ve Toplumlar"},"content":{"rendered":"<p>G\u00fcne\u015f neyin aynas\u0131d\u0131r?\u0130nsanl\u0131k hakk\u0131nda ne anlat\u0131r? Ya\u015fam\u0131n ve enerjinin kayna\u011f\u0131 olmas\u0131na ra\u011fmen G\u00fcne\u015f hakk\u0131nda pek d\u00fc\u015f\u00fcnmeyiz. Her zaman oradad\u0131r, bu y\u00fczden neredeyse s\u0131radand\u0131r. Y\u00fcz\u00fcn\u00fc g\u00fcn \u0131\u015f\u0131\u011f\u0131nda g\u00f6sterir. Saklayacak hi\u00e7bir \u015feyi yoktur. Bazen edebi eserlere konu olma \u015ferefine eri\u015fse de bize dair ne anlatt\u0131\u011f\u0131n\u0131 ger\u00e7ekten \u00f6\u011frenmeye \u00e7al\u0131\u015ft\u0131\u011f\u0131m\u0131z anlar olduk\u00e7a nadirdir. Yine de G\u00fcne\u015f, t\u00fcm halklar\u0131n d\u00fc\u015f\u00fcncelerini derinden \u015fekillendiren bir unsur olmu\u015ftur. \u0130nka inan\u00e7lar\u0131ndan modern astronomlara, antik tutulmalardan n\u00fckleer f\u00fczyona, Roma k\u00e2hinlerinden g\u00fcn\u00fcm\u00fczdeki \u00e7\u00f6k\u00fc\u015f senaryosu savunucular\u0131na kadar \u00e7ok y\u00f6nl\u00fc de\u011ferlendirilmi\u015f, hayal g\u00fcc\u00fc ve anlam bak\u0131m\u0131ndan zengin bir nitelik kazanm\u0131\u015ft\u0131r. Emma Carenini\u2019nin bu kitab\u0131nda, G\u00fcne\u015f\u2019le birlikte g\u00fcn y\u00fcz\u00fcne \u00e7\u0131kan do\u011fa ve insan temsillerine \u015fahit olacak, G\u00fcne\u015f\u2019in felsefe ve bilimin merkezine nas\u0131l yerle\u015fti\u011fini ke\u015ffedeceksiniz. \u201c\u00dc\u00e7 iyi \u015fey vard\u0131r: B\u00fcy\u00fckl\u00fck, s\u00fck\u00fbnet ve g\u00fcne\u015f \u0131\u015f\u0131\u011f\u0131\u2026 Bu \u00fc\u00e7 \u015fey, bir d\u00fc\u015f\u00fcn\u00fcr\u00fcn dileyebilece\u011fi her \u015feyi kapsar.\u201d \u2014Nietzsche  <\/p>\n","protected":false},"excerpt":{"rendered":"<p>G\u00fcne\u015f neyin aynas\u0131d\u0131r?\u0130nsanl\u0131k hakk\u0131nda ne anlat\u0131r? Ya\u015fam\u0131n ve enerjinin kayna\u011f\u0131 olmas\u0131na ra\u011fmen G\u00fcne\u015f hakk\u0131nda pek d\u00fc\u015f\u00fcnmeyiz. Her zaman oradad\u0131r, bu y\u00fczden neredeyse s\u0131radand\u0131r. Y\u00fcz\u00fcn\u00fc g\u00fcn \u0131\u015f\u0131\u011f\u0131nda<span class=\"excerpt-hellip\"> [\u2026]<\/span><\/p>\n","protected":false},"featured_media":0,"template":"","meta":{"_monsterinsights_skip_tracking":false,"_monsterinsights_sitenote_active":false,"_monsterinsights_sitenote_note":"","_monsterinsights_sitenote_category":0},"product_brand":[],"product_cat":[13005,15998],"product_tag":[],"class_list":{"0":"post-762827","1":"product","2":"type-product","3":"status-publish","5":"product_cat-bilim-muhendislik","6":"product_cat-bilim-tarihi","7":"pa_cilt-ciltsiz","8":"pa_tur-kitap","9":"pa_yayinevi-serenad-yayinevi","10":"pa_yazar-emma-carenini","12":"first","13":"instock","14":"sale","15":"shipping-taxable","16":"purchasable","17":"product-type-simple"},"_links":{"self":[{"href":"https:\/\/roveyayinevi.com.tr\/index.php\/wp-json\/wp\/v2\/product\/762827","targetHints":{"allow":["GET"]}}],"collection":[{"href":"https:\/\/roveyayinevi.com.tr\/index.php\/wp-json\/wp\/v2\/product"}],"about":[{"href":"https:\/\/roveyayinevi.com.tr\/index.php\/wp-json\/wp\/v2\/types\/product"}],"wp:attachment":[{"href":"https:\/\/roveyayinevi.com.tr\/index.php\/wp-json\/wp\/v2\/media?parent=762827"}],"wp:term":[{"taxonomy":"product_brand","embeddable":true,"href":"https:\/\/roveyayinevi.com.tr\/index.php\/wp-json\/wp\/v2\/product_brand?post=762827"},{"taxonomy":"product_cat","embeddable":true,"href":"https:\/\/roveyayinevi.com.tr\/index.php\/wp-json\/wp\/v2\/product_cat?post=762827"},{"taxonomy":"product_tag","embeddable":true,"href":"https:\/\/roveyayinevi.com.tr\/index.php\/wp-json\/wp\/v2\/product_tag?post=762827"}],"curies":[{"name":"wp","href":"https:\/\/api.w.org\/{rel}","templated":true}]}}