{"id":762825,"date":"2025-08-28T10:21:35","date_gmt":"2025-08-28T07:21:35","guid":{"rendered":"https:\/\/roveyayinevi.com.tr\/index.php\/urun\/baklatepe-gec-tunc-cagi-mezarlari-late-bronze-age-graves-of-bakla-tepe\/"},"modified":"2026-04-15T03:27:46","modified_gmt":"2026-04-15T00:27:46","slug":"baklatepe-gec-tunc-cagi-mezarlari-late-bronze-age-graves-of-bakla-tepe","status":"publish","type":"product","link":"https:\/\/roveyayinevi.com.tr\/index.php\/urun\/baklatepe-gec-tunc-cagi-mezarlari-late-bronze-age-graves-of-bakla-tepe\/","title":{"rendered":"BaklaTepe Ge\u00e7 Tun\u00e7 \u00c7a\u011f\u0131 Mezarlar\u0131 &#8211; Late Bronze Age Graves Of Bakla Tepe"},"content":{"rendered":"<p>\u0130zmir&#8217;e i\u00e7me suyu sa\u011flamak amac\u0131yla Cuma Ovas\u0131\u2019nda Tahtal\u0131 Baraj\u0131 in\u015fa edilmi\u015ftir. Baraj projesi tamamlanmadan \u00f6nce baraj sulan alt\u0131nda kalacak k\u00fclt\u00fcr varl\u0131klar\u0131n\u0131n kurtar\u0131lmas\u0131na y\u00f6nelik olarak bu b\u00f6lgede 1994-2001 y\u0131llar\u0131nda arkeolojik ara\u015ft\u0131rma ve kaz\u0131lar yap\u0131lm\u0131\u015ft\u0131r. Bu \u00e7al\u0131\u015fmalar kapsam\u0131nda Bakla Tepefde DS\u00ce Genel M\u00fcd\u00fcrl\u00fc\u011f\u00fc ile K\u00fclt\u00fcr Varl\u0131klar\u0131 ve M\u00fczeler Genel M\u00fcd\u00fcrl\u00fc\u011f\u00fc aras\u0131nda imzalanan protokol \u00e7er\u00e7evesinde, \u0130zmir Arkeoloji M\u00fczesi M\u00fcd\u00fcr\u00fc Dr. Turhan \u00d6zkan\u2019\u0131n ba\u015fkanl\u0131\u011f\u0131nda, Ankara \u00dcniversitesi Arkeoloji B\u00f6l\u00fcm\u00fc \u00f6\u011fretim \u00fcyelerinden Prof. Dr. Hayat Erkanal&#8217;\u0131n bilimsel dan\u0131\u015fmanl\u0131\u011f\u0131nda kaz\u0131lar ger\u00e7ekle\u015ftirilmi\u015ftir. Bu \u00e7al\u0131\u015fmalar s\u0131ras\u0131nda 1996-1997 y\u0131llar\u0131nda a\u00e7\u0131\u011fa \u00e7\u0131kart\u0131lan GT\u00c7&#8217;ye ait bir t\u00fcm\u00fcl\u00fcs ve k\u00fcp mezar bu yay\u0131n\u0131n i\u00e7inde ele al\u0131nmaktad\u0131r. <\/p>\n","protected":false},"excerpt":{"rendered":"<p>\u0130zmir&#8217;e i\u00e7me suyu sa\u011flamak amac\u0131yla Cuma Ovas\u0131\u2019nda Tahtal\u0131 Baraj\u0131 in\u015fa edilmi\u015ftir. Baraj projesi tamamlanmadan \u00f6nce baraj sulan alt\u0131nda kalacak k\u00fclt\u00fcr varl\u0131klar\u0131n\u0131n kurtar\u0131lmas\u0131na y\u00f6nelik olarak bu b\u00f6lgede<span class=\"excerpt-hellip\"> [\u2026]<\/span><\/p>\n","protected":false},"featured_media":0,"template":"","meta":{"_monsterinsights_skip_tracking":false,"_monsterinsights_sitenote_active":false,"_monsterinsights_sitenote_note":"","_monsterinsights_sitenote_category":0},"product_brand":[],"product_cat":[52477,52478],"product_tag":[],"class_list":{"0":"post-762825","1":"product","2":"type-product","3":"status-publish","5":"product_cat-arastirma","6":"product_cat-arkeoloji","7":"pa_cilt-ciltsiz","8":"pa_tur-kitap","9":"pa_yayinevi-ankara-universitesi-yayinevi","10":"pa_yazar-kolektif","12":"first","13":"instock","14":"sale","15":"shipping-taxable","16":"purchasable","17":"product-type-simple"},"_links":{"self":[{"href":"https:\/\/roveyayinevi.com.tr\/index.php\/wp-json\/wp\/v2\/product\/762825","targetHints":{"allow":["GET"]}}],"collection":[{"href":"https:\/\/roveyayinevi.com.tr\/index.php\/wp-json\/wp\/v2\/product"}],"about":[{"href":"https:\/\/roveyayinevi.com.tr\/index.php\/wp-json\/wp\/v2\/types\/product"}],"wp:attachment":[{"href":"https:\/\/roveyayinevi.com.tr\/index.php\/wp-json\/wp\/v2\/media?parent=762825"}],"wp:term":[{"taxonomy":"product_brand","embeddable":true,"href":"https:\/\/roveyayinevi.com.tr\/index.php\/wp-json\/wp\/v2\/product_brand?post=762825"},{"taxonomy":"product_cat","embeddable":true,"href":"https:\/\/roveyayinevi.com.tr\/index.php\/wp-json\/wp\/v2\/product_cat?post=762825"},{"taxonomy":"product_tag","embeddable":true,"href":"https:\/\/roveyayinevi.com.tr\/index.php\/wp-json\/wp\/v2\/product_tag?post=762825"}],"curies":[{"name":"wp","href":"https:\/\/api.w.org\/{rel}","templated":true}]}}