{"id":762824,"date":"2025-08-28T10:21:33","date_gmt":"2025-08-28T07:21:33","guid":{"rendered":"https:\/\/roveyayinevi.com.tr\/index.php\/urun\/yesil-finans-ve-raporlama\/"},"modified":"2026-04-15T03:27:46","modified_gmt":"2026-04-15T00:27:46","slug":"yesil-finans-ve-raporlama","status":"publish","type":"product","link":"https:\/\/roveyayinevi.com.tr\/index.php\/urun\/yesil-finans-ve-raporlama\/","title":{"rendered":"Ye\u015fil Finans ve Raporlama"},"content":{"rendered":"<p>Muhasebe standartlar\u0131, \u015firketlerin s\u00fcrd\u00fcr\u00fclebilirlik performans\u0131n\u0131 \u00f6l\u00e7mek ve raporlamak i\u00e7in yeterli bilgiyi sa\u011flamalar\u0131 a\u00e7\u0131s\u0131ndan b\u00fcy\u00fck rol oynamaktad\u0131r. Uluslararas\u0131 Muhasebe Standartlar\u0131 Kurulu (IASB) ve S\u00fcrd\u00fcr\u00fclebilirlik Muhasebesi Standartlar\u0131 Kurulu (SASB) gibi kurumlar, \u015firketlerin \u00c7SY faaliyetleriyle ilgili bilgileri do\u011fru bir \u015fekilde raporlamalar\u0131 i\u00e7in standartlar geli\u015ftirmeye odaklanm\u0131\u015ft\u0131r. Ye\u015fil muhasebe ve raporlama, enerji t\u00fcketiminden at\u0131k y\u00f6netimine kadar bir\u00e7ok konuda karar vericilere yard\u0131mc\u0131 olacak kapsaml\u0131 veri sa\u011flar. Ayr\u0131ca, s\u00fcrd\u00fcr\u00fclebilir finansman ve kredi imk\u00e2nlar\u0131n\u0131n kullan\u0131m\u0131, ye\u015fil projelerin desteklenmesinde kritik bir fakt\u00f6rd\u00fcr. Bu seminer, s\u00fcrd\u00fcr\u00fclebilirlik ve muhasebe ili\u015fkisini inceleyerek, ye\u015fil finans ve raporlama prati\u011finin \u015firketlerde nas\u0131l daha etkin bir \u015fekilde uygulanabilece\u011fine dair stratejiler sunacakt\u0131r. Ayr\u0131ca, s\u00fcrd\u00fcr\u00fclebilirlik raporlamas\u0131n\u0131n finansal raporlarla entegrasyonunun ve s\u00fcrd\u00fcr\u00fclebilir yat\u0131r\u0131mlar\u0131n de\u011ferlendirilmesinde kullan\u0131lan metotlar\u0131n da ele al\u0131nmas\u0131 planlanmaktad\u0131r. Bu ba\u011flamda, s\u00fcrd\u00fcr\u00fclebilirlik odakl\u0131 finansal kararlar\u0131n i\u015fletme performans\u0131 \u00fczerindeki etkileri tart\u0131\u015f\u0131lacakt\u0131r. Ye\u015fil finans ve raporlama yap\u0131s\u0131n\u0131n, s\u00fcrd\u00fcr\u00fclebilirlik kavram\u0131yla b\u00fct\u00fcnle\u015fik bir muhasebe perspektifinden incelenmesi, kurumlara sadece mali de\u011fil, ayn\u0131 zamanda \u00e7evresel ve sosyal a\u00e7\u0131dan da de\u011fer katma potansiyeli sunmakta ve bu, i\u015f d\u00fcnyas\u0131 i\u00e7in ka\u00e7\u0131n\u0131lmaz bir gereklilik haline gelmektedir. <\/p>\n","protected":false},"excerpt":{"rendered":"<p>Muhasebe standartlar\u0131, \u015firketlerin s\u00fcrd\u00fcr\u00fclebilirlik performans\u0131n\u0131 \u00f6l\u00e7mek ve raporlamak i\u00e7in yeterli bilgiyi sa\u011flamalar\u0131 a\u00e7\u0131s\u0131ndan b\u00fcy\u00fck rol oynamaktad\u0131r. Uluslararas\u0131 Muhasebe Standartlar\u0131 Kurulu (IASB) ve S\u00fcrd\u00fcr\u00fclebilirlik Muhasebesi Standartlar\u0131 Kurulu<span class=\"excerpt-hellip\"> [\u2026]<\/span><\/p>\n","protected":false},"featured_media":0,"template":"","meta":{"_monsterinsights_skip_tracking":false,"_monsterinsights_sitenote_active":false,"_monsterinsights_sitenote_note":"","_monsterinsights_sitenote_category":0},"product_brand":[],"product_cat":[13043,14381],"product_tag":[],"class_list":{"0":"post-762824","1":"product","2":"type-product","3":"status-publish","5":"product_cat-ekonomi","6":"product_cat-isletme-muhasebe-maliye","7":"pa_cilt-ciltsiz","8":"pa_tur-kitap","9":"pa_yayinevi-zet-akademi-yayinlari","10":"pa_yazar-ugur-kilic","12":"first","13":"instock","14":"sale","15":"shipping-taxable","16":"purchasable","17":"product-type-simple"},"_links":{"self":[{"href":"https:\/\/roveyayinevi.com.tr\/index.php\/wp-json\/wp\/v2\/product\/762824","targetHints":{"allow":["GET"]}}],"collection":[{"href":"https:\/\/roveyayinevi.com.tr\/index.php\/wp-json\/wp\/v2\/product"}],"about":[{"href":"https:\/\/roveyayinevi.com.tr\/index.php\/wp-json\/wp\/v2\/types\/product"}],"wp:attachment":[{"href":"https:\/\/roveyayinevi.com.tr\/index.php\/wp-json\/wp\/v2\/media?parent=762824"}],"wp:term":[{"taxonomy":"product_brand","embeddable":true,"href":"https:\/\/roveyayinevi.com.tr\/index.php\/wp-json\/wp\/v2\/product_brand?post=762824"},{"taxonomy":"product_cat","embeddable":true,"href":"https:\/\/roveyayinevi.com.tr\/index.php\/wp-json\/wp\/v2\/product_cat?post=762824"},{"taxonomy":"product_tag","embeddable":true,"href":"https:\/\/roveyayinevi.com.tr\/index.php\/wp-json\/wp\/v2\/product_tag?post=762824"}],"curies":[{"name":"wp","href":"https:\/\/api.w.org\/{rel}","templated":true}]}}