{"id":762823,"date":"2025-08-28T10:21:32","date_gmt":"2025-08-28T07:21:32","guid":{"rendered":"https:\/\/roveyayinevi.com.tr\/index.php\/urun\/yonetici-ve-kontrol-odagi\/"},"modified":"2026-04-15T03:27:46","modified_gmt":"2026-04-15T00:27:46","slug":"yonetici-ve-kontrol-odagi","status":"publish","type":"product","link":"https:\/\/roveyayinevi.com.tr\/index.php\/urun\/yonetici-ve-kontrol-odagi\/","title":{"rendered":"Y\u00f6netici ve Kontrol Oda\u011f\u0131"},"content":{"rendered":"<p>Bu \u00e7al\u0131\u015fman\u0131n amac\u0131, y\u00f6neticilerin, i\u00e7 kontrol odakl\u0131 veya d\u0131\u015f kontrol odakl\u0131 tutumlardan hangisini benimsediklerini belirlemek ve bu tutumun g\u00f6rev yapt\u0131klar\u0131 \u00f6rg\u00fcte ba\u011fl\u0131l\u0131klar\u0131n da ne derece etkili oldu\u011funu a\u00e7\u0131kl\u0131\u011fa kavu\u015fturmak ama\u00e7lanm\u0131\u015ft\u0131r. \u00c7al\u0131\u015fma yar\u0131 yap\u0131land\u0131r\u0131lm\u0131\u015f m\u00fclakat \u015feklinde yap\u0131lm\u0131\u015ft\u0131r. G\u00fcn\u00fcm\u00fcz y\u00f6neticilerinin en b\u00fcy\u00fck sorunlar\u0131ndan bir tanesi de \u00e7ok yo\u011fun tempo da \u00e7al\u0131\u015ft\u0131klar\u0131 zaman harcamalar\u0131nda \u00e7ok dikkatli davranmalar\u0131 gereklili\u011fidir. Bu ba\u011flamda ara\u015ft\u0131rma planlan\u0131rken y\u00f6neticilerin en uygun olaca\u011f\u0131 zaman dilimleri se\u00e7ilmeye \u00e7al\u0131\u015f\u0131lm\u0131\u015f en az bir hafta \u00f6ncesinden randevu talep edilmi\u015f, m\u00fclakat ger\u00e7ekle\u015ftirilmi\u015ftir. Bu ama\u00e7 do\u011frultusunda, proje \u00fc\u00e7 b\u00f6l\u00fcmden olu\u015fmaktad\u0131r. \u00c7al\u0131\u015fman\u0131n birinci b\u00f6l\u00fcm\u00fcnde, kontrol oda\u011f\u0131 kavram\u0131, i\u00e7 kontrol, d\u0131\u015f kontrol odakl\u0131l\u0131k a\u00e7\u0131kland\u0131ktan sonra projenin ikinci k\u0131sm\u0131 olan \u00f6rg\u00fctsel ba\u011fl\u0131l\u0131k konusu ele al\u0131nmaktad\u0131r. \u00dc\u00e7\u00fcnc\u00fc ve son b\u00f6l\u00fcm de ise kontrol oda\u011f\u0131 kavram\u0131n\u0131n bir \u00f6zel sekt\u00f6r i\u015fletmesin de \u00e7al\u0131\u015fan y\u00f6neticilerin \u00f6rg\u00fcte ba\u011fl\u0131l\u0131k d\u00fczeylerini ne derece de etkiledi\u011fi incelenmektedir. <\/p>\n","protected":false},"excerpt":{"rendered":"<p>Bu \u00e7al\u0131\u015fman\u0131n amac\u0131, y\u00f6neticilerin, i\u00e7 kontrol odakl\u0131 veya d\u0131\u015f kontrol odakl\u0131 tutumlardan hangisini benimsediklerini belirlemek ve bu tutumun g\u00f6rev yapt\u0131klar\u0131 \u00f6rg\u00fcte ba\u011fl\u0131l\u0131klar\u0131n da ne derece etkili<span class=\"excerpt-hellip\"> [\u2026]<\/span><\/p>\n","protected":false},"featured_media":0,"template":"","meta":{"_monsterinsights_skip_tracking":false,"_monsterinsights_sitenote_active":false,"_monsterinsights_sitenote_note":"","_monsterinsights_sitenote_category":0},"product_brand":[],"product_cat":[13043,19008],"product_tag":[],"class_list":{"0":"post-762823","1":"product","2":"type-product","3":"status-publish","5":"product_cat-ekonomi","6":"product_cat-yonetim","7":"pa_cilt-ciltsiz","8":"pa_tur-kitap","9":"pa_yayinevi-zet-akademi-yayinlari","10":"pa_yazar-ugur-kilic","12":"first","13":"instock","14":"sale","15":"shipping-taxable","16":"purchasable","17":"product-type-simple"},"_links":{"self":[{"href":"https:\/\/roveyayinevi.com.tr\/index.php\/wp-json\/wp\/v2\/product\/762823","targetHints":{"allow":["GET"]}}],"collection":[{"href":"https:\/\/roveyayinevi.com.tr\/index.php\/wp-json\/wp\/v2\/product"}],"about":[{"href":"https:\/\/roveyayinevi.com.tr\/index.php\/wp-json\/wp\/v2\/types\/product"}],"wp:attachment":[{"href":"https:\/\/roveyayinevi.com.tr\/index.php\/wp-json\/wp\/v2\/media?parent=762823"}],"wp:term":[{"taxonomy":"product_brand","embeddable":true,"href":"https:\/\/roveyayinevi.com.tr\/index.php\/wp-json\/wp\/v2\/product_brand?post=762823"},{"taxonomy":"product_cat","embeddable":true,"href":"https:\/\/roveyayinevi.com.tr\/index.php\/wp-json\/wp\/v2\/product_cat?post=762823"},{"taxonomy":"product_tag","embeddable":true,"href":"https:\/\/roveyayinevi.com.tr\/index.php\/wp-json\/wp\/v2\/product_tag?post=762823"}],"curies":[{"name":"wp","href":"https:\/\/api.w.org\/{rel}","templated":true}]}}