{"id":762821,"date":"2025-08-28T10:21:27","date_gmt":"2025-08-28T07:21:27","guid":{"rendered":"https:\/\/roveyayinevi.com.tr\/index.php\/urun\/okumayiniz-carpilirsiniz\/"},"modified":"2026-04-15T03:27:46","modified_gmt":"2026-04-15T00:27:46","slug":"okumayiniz-carpilirsiniz","status":"publish","type":"product","link":"https:\/\/roveyayinevi.com.tr\/index.php\/urun\/okumayiniz-carpilirsiniz\/","title":{"rendered":"Okumay\u0131n\u0131z \u00c7arp\u0131l\u0131rs\u0131n\u0131z!"},"content":{"rendered":"<p>Bu kitab\u0131 okuyunca kesinlikle \u00e7arp\u0131lacaks\u0131n\u0131z! Ama ya\u015fayaca\u011f\u0131n\u0131z \u00f6yle b\u00f6yle bir \u00e7arp\u0131lma de\u011fil. \u0130nsan ayetleri okuduk\u00e7a \u00e2\u015f\u0131k oluyor. Hem s\u00f6z\u00fcne hem \u00f6z\u00fcne.   Hem de bu ruhunu dolduran, ta\u015f\u0131ran, co\u015fturan Rabbine. \u015e\u00fck\u00fcrler olsun diyor. Bu a\u015fka bu sonsuz sevdaya. Onun a\u015fk\u0131na \u00e7arp\u0131lacaks\u0131n\u0131z. O muhte\u015fem ayetlere. Bize onlar\u0131 bah\u015fedene. Bizi yoktan var edene. Allah\u2019\u0131n s\u00f6zlerinin hikmetine. Onun azameti ve b\u00fcy\u00fckl\u00fc\u011f\u00fcne bir kez daha \u00e7arp\u0131lacaks\u0131n\u0131z. Ard\u0131ndan kendinizi belki duvarlara \u00e7arpacaks\u0131n\u0131z. Ben ne yap\u0131yorum, nereye gidiyorum? \u201cBunlar\u0131 daha \u00f6nce neden okumad\u0131m\u201d, \u201cNeden bana bunlar okutulmad\u0131\u201d diyeceksiniz. Hay\u0131flanacak, sonra hayk\u0131racaks\u0131n\u0131z. \u201c\u0130yi ki okudum\u201d diyeceksiniz. \u201c\u0130yi ki okudum.\u201d Her \u015feyin bir d\u00f6n\u00fcm noktas\u0131 var. Okuyun bakal\u0131m\u2026 \u00c7arpan etkisiyle daha da \u00e7arp\u0131lacaks\u0131n\u0131z. <\/p>\n","protected":false},"excerpt":{"rendered":"<p>Bu kitab\u0131 okuyunca kesinlikle \u00e7arp\u0131lacaks\u0131n\u0131z! Ama ya\u015fayaca\u011f\u0131n\u0131z \u00f6yle b\u00f6yle bir \u00e7arp\u0131lma de\u011fil. \u0130nsan ayetleri okuduk\u00e7a \u00e2\u015f\u0131k oluyor. Hem s\u00f6z\u00fcne hem \u00f6z\u00fcne. Hem de bu ruhunu dolduran,<span class=\"excerpt-hellip\"> [\u2026]<\/span><\/p>\n","protected":false},"featured_media":0,"template":"","meta":{"_monsterinsights_skip_tracking":false,"_monsterinsights_sitenote_active":false,"_monsterinsights_sitenote_note":"","_monsterinsights_sitenote_category":0},"product_brand":[],"product_cat":[12777,12291],"product_tag":[],"class_list":{"0":"post-762821","1":"product","2":"type-product","3":"status-publish","5":"product_cat-deneme","6":"product_cat-edebiyat","7":"pa_cilt-ciltsiz","8":"pa_tur-kitap","9":"pa_yayinevi-zet-yayinlari","10":"pa_yazar-nedret-demir","12":"first","13":"instock","14":"sale","15":"shipping-taxable","16":"purchasable","17":"product-type-simple"},"_links":{"self":[{"href":"https:\/\/roveyayinevi.com.tr\/index.php\/wp-json\/wp\/v2\/product\/762821","targetHints":{"allow":["GET"]}}],"collection":[{"href":"https:\/\/roveyayinevi.com.tr\/index.php\/wp-json\/wp\/v2\/product"}],"about":[{"href":"https:\/\/roveyayinevi.com.tr\/index.php\/wp-json\/wp\/v2\/types\/product"}],"wp:attachment":[{"href":"https:\/\/roveyayinevi.com.tr\/index.php\/wp-json\/wp\/v2\/media?parent=762821"}],"wp:term":[{"taxonomy":"product_brand","embeddable":true,"href":"https:\/\/roveyayinevi.com.tr\/index.php\/wp-json\/wp\/v2\/product_brand?post=762821"},{"taxonomy":"product_cat","embeddable":true,"href":"https:\/\/roveyayinevi.com.tr\/index.php\/wp-json\/wp\/v2\/product_cat?post=762821"},{"taxonomy":"product_tag","embeddable":true,"href":"https:\/\/roveyayinevi.com.tr\/index.php\/wp-json\/wp\/v2\/product_tag?post=762821"}],"curies":[{"name":"wp","href":"https:\/\/api.w.org\/{rel}","templated":true}]}}