{"id":762811,"date":"2025-08-28T10:21:08","date_gmt":"2025-08-28T07:21:08","guid":{"rendered":"https:\/\/roveyayinevi.com.tr\/index.php\/urun\/yansima-4\/"},"modified":"2026-04-15T03:27:46","modified_gmt":"2026-04-15T00:27:46","slug":"yansima-4","status":"publish","type":"product","link":"https:\/\/roveyayinevi.com.tr\/index.php\/urun\/yansima-4\/","title":{"rendered":"Yans\u0131ma"},"content":{"rendered":"<p>Duru\u015f, dokunu\u015f, his\u2026 Ya\u015fam\u0131n \u0131\u015f\u0131\u011f\u0131 s\u00f6zc\u00fcklerden ge\u00e7er. S\u00f6zc\u00fcklerdir hisleri yans\u0131tan. Anlatmak ve de anlamak. Ya\u015famak bir birikim.   Birini sevmeden \u00f6nce anlamaya \u00e7al\u0131\u015fmal\u0131y\u0131z. Anlamak, sevmenin ilk ad\u0131m\u0131d\u0131r. Sizi \u00f6telere ta\u015f\u0131r.   Bu kitap bug\u00fcnk\u00fc hislerimin, ileriye yans\u0131mas\u0131d\u0131r.<\/p>\n","protected":false},"excerpt":{"rendered":"<p>Duru\u015f, dokunu\u015f, his\u2026 Ya\u015fam\u0131n \u0131\u015f\u0131\u011f\u0131 s\u00f6zc\u00fcklerden ge\u00e7er. S\u00f6zc\u00fcklerdir hisleri yans\u0131tan. Anlatmak ve de anlamak. Ya\u015famak bir birikim. Birini sevmeden \u00f6nce anlamaya \u00e7al\u0131\u015fmal\u0131y\u0131z. Anlamak, sevmenin ilk ad\u0131m\u0131d\u0131r.<span class=\"excerpt-hellip\"> [\u2026]<\/span><\/p>\n","protected":false},"featured_media":0,"template":"","meta":{"_monsterinsights_skip_tracking":false,"_monsterinsights_sitenote_active":false,"_monsterinsights_sitenote_note":"","_monsterinsights_sitenote_category":0},"product_brand":[],"product_cat":[12291,12509],"product_tag":[],"class_list":{"0":"post-762811","1":"product","2":"type-product","3":"status-publish","5":"product_cat-edebiyat","6":"product_cat-siir","7":"pa_cilt-ciltsiz","8":"pa_tur-kitap","9":"pa_yayinevi-luna-yayinlari","10":"pa_yazar-serdal-sahiner","12":"first","13":"instock","14":"sale","15":"shipping-taxable","16":"purchasable","17":"product-type-simple"},"_links":{"self":[{"href":"https:\/\/roveyayinevi.com.tr\/index.php\/wp-json\/wp\/v2\/product\/762811","targetHints":{"allow":["GET"]}}],"collection":[{"href":"https:\/\/roveyayinevi.com.tr\/index.php\/wp-json\/wp\/v2\/product"}],"about":[{"href":"https:\/\/roveyayinevi.com.tr\/index.php\/wp-json\/wp\/v2\/types\/product"}],"wp:attachment":[{"href":"https:\/\/roveyayinevi.com.tr\/index.php\/wp-json\/wp\/v2\/media?parent=762811"}],"wp:term":[{"taxonomy":"product_brand","embeddable":true,"href":"https:\/\/roveyayinevi.com.tr\/index.php\/wp-json\/wp\/v2\/product_brand?post=762811"},{"taxonomy":"product_cat","embeddable":true,"href":"https:\/\/roveyayinevi.com.tr\/index.php\/wp-json\/wp\/v2\/product_cat?post=762811"},{"taxonomy":"product_tag","embeddable":true,"href":"https:\/\/roveyayinevi.com.tr\/index.php\/wp-json\/wp\/v2\/product_tag?post=762811"}],"curies":[{"name":"wp","href":"https:\/\/api.w.org\/{rel}","templated":true}]}}