{"id":762809,"date":"2025-08-28T10:21:05","date_gmt":"2025-08-28T07:21:05","guid":{"rendered":"https:\/\/roveyayinevi.com.tr\/index.php\/urun\/ask-sanati-2\/"},"modified":"2026-04-15T03:27:46","modified_gmt":"2026-04-15T00:27:46","slug":"ask-sanati-2","status":"publish","type":"product","link":"https:\/\/roveyayinevi.com.tr\/index.php\/urun\/ask-sanati-2\/","title":{"rendered":"A\u015fk Sanat\u0131"},"content":{"rendered":"<p>A\u015eK SANATI \u00c7\u0131\u011f\u0131r a\u00e7an destans\u0131 \u015fiir D\u00f6n\u00fc\u015f\u00fcmler\u2019in yazar\u0131 Ovidius kad\u0131nlara ba\u015ftan \u00e7\u0131karma sanat\u0131nda, erkeklere de romantik fetih sanat\u0131nda ustala\u015fmak i\u00e7in gerekli becerileri \u015fakac\u0131 bir \u015fekilde \u00f6\u011fretti\u011fi A\u015fk Sanat\u0131 nedeniyle ya\u015fam\u0131n\u0131n geri kalan\u0131n\u0131 \u00fclkesinden \u00e7ok uzakta ge\u00e7irmek zorunda kalacak kadar ciddi ele\u015ftirilere maruz kald\u0131. \u0130smet Zeki Ey\u00fcbo\u011flu\u2019nun bu dikkat \u00e7ekici \u00e7evirisi her dizesinde bir insan s\u0131cakl\u0131\u011f\u0131 bar\u0131nd\u0131r\u0131rken ayn\u0131 zamanda Ovidius\u2019un hem \u015fair hem de k\u00fclt\u00fcr ele\u015ftirmeni olarak kal\u0131c\u0131 parlakl\u0131\u011f\u0131n\u0131 da ortaya koymay\u0131 ba\u015far\u0131yor. Kimse, sevgi nedir bilmeyen bu toplumda Okusun yazd\u0131klar\u0131m\u0131, birebirdir \u00f6\u011f\u00fctlerim. Bak nas\u0131l evirir \u00e7evirir k\u00fcreklerle, yelkenlerle, Oynak gemiyi gemiciler, \u00f6\u011frenmeli bu yolla Araba s\u00fcrmeyi arabac\u0131dan, sevi\u015fmeyi sevenden. <\/p>\n","protected":false},"excerpt":{"rendered":"<p>A\u015eK SANATI \u00c7\u0131\u011f\u0131r a\u00e7an destans\u0131 \u015fiir D\u00f6n\u00fc\u015f\u00fcmler\u2019in yazar\u0131 Ovidius kad\u0131nlara ba\u015ftan \u00e7\u0131karma sanat\u0131nda, erkeklere de romantik fetih sanat\u0131nda ustala\u015fmak i\u00e7in gerekli becerileri \u015fakac\u0131 bir \u015fekilde \u00f6\u011fretti\u011fi<span class=\"excerpt-hellip\"> [\u2026]<\/span><\/p>\n","protected":false},"featured_media":0,"template":"","meta":{"_monsterinsights_skip_tracking":false,"_monsterinsights_sitenote_active":false,"_monsterinsights_sitenote_note":"","_monsterinsights_sitenote_category":0},"product_brand":[],"product_cat":[12304],"product_tag":[],"class_list":{"0":"post-762809","1":"product","2":"type-product","3":"status-publish","5":"product_cat-tarih","6":"pa_cilt-ciltsiz","7":"pa_tur-kitap","8":"pa_yayinevi-say-yayinlari","9":"pa_yazar-ovidius","11":"first","12":"instock","13":"sale","14":"shipping-taxable","15":"purchasable","16":"product-type-simple"},"_links":{"self":[{"href":"https:\/\/roveyayinevi.com.tr\/index.php\/wp-json\/wp\/v2\/product\/762809","targetHints":{"allow":["GET"]}}],"collection":[{"href":"https:\/\/roveyayinevi.com.tr\/index.php\/wp-json\/wp\/v2\/product"}],"about":[{"href":"https:\/\/roveyayinevi.com.tr\/index.php\/wp-json\/wp\/v2\/types\/product"}],"wp:attachment":[{"href":"https:\/\/roveyayinevi.com.tr\/index.php\/wp-json\/wp\/v2\/media?parent=762809"}],"wp:term":[{"taxonomy":"product_brand","embeddable":true,"href":"https:\/\/roveyayinevi.com.tr\/index.php\/wp-json\/wp\/v2\/product_brand?post=762809"},{"taxonomy":"product_cat","embeddable":true,"href":"https:\/\/roveyayinevi.com.tr\/index.php\/wp-json\/wp\/v2\/product_cat?post=762809"},{"taxonomy":"product_tag","embeddable":true,"href":"https:\/\/roveyayinevi.com.tr\/index.php\/wp-json\/wp\/v2\/product_tag?post=762809"}],"curies":[{"name":"wp","href":"https:\/\/api.w.org\/{rel}","templated":true}]}}