{"id":762808,"date":"2025-08-28T10:21:03","date_gmt":"2025-08-28T07:21:03","guid":{"rendered":"https:\/\/roveyayinevi.com.tr\/index.php\/urun\/kisa-iktisat-tarihi\/"},"modified":"2026-04-15T03:27:46","modified_gmt":"2026-04-15T00:27:46","slug":"kisa-iktisat-tarihi","status":"publish","type":"product","link":"https:\/\/roveyayinevi.com.tr\/index.php\/urun\/kisa-iktisat-tarihi\/","title":{"rendered":"K\u0131sa \u0130ktisat Tarihi"},"content":{"rendered":"<p>Bu k\u00fc\u00e7\u00fck kitap b\u00fcy\u00fck bir hik\u00e2ye anlat\u0131yor. K\u0131sa \u0130ktisat Tarihi antik \u00e7a\u011flardan modern d\u00fcnyaya sava\u015f\u0131n, yeniliklerin ve toplumsal d\u00f6n\u00fc\u015f\u00fcm\u00fcn ard\u0131ndaki gizli ekonomik g\u00fc\u00e7leri ortaya \u00e7\u0131kar\u0131rken,  kapitalizm ve piyasa sisteminin nas\u0131l ortaya \u00e7\u0131kt\u0131\u011f\u0131n\u0131n izini s\u00fcr\u00fcyor ve ekonomi disiplinini \u015fekillendiren temel fikirleri ve ki\u015fileri tan\u0131t\u0131yor. Andrew Leigh, Monopoly oyununun k\u00f6kenlerini, saban\u0131n icad\u0131n\u0131n neden cinsiyet e\u015fitsizli\u011fine yol a\u00e7t\u0131\u011f\u0131n\u0131, baz\u0131 hastal\u0131klar\u0131n s\u00f6m\u00fcrgecili\u011fin kal\u0131plar\u0131n\u0131 nas\u0131l \u015fekillendirdi\u011fini, g\u00f6kdelenin ilk olarak Amerikan kentlerinde ortaya \u00e7\u0131kmas\u0131n\u0131n nedenlerini ve \u00e7ok daha fazlas\u0131n\u0131 ortaya koyuyor. Bir\u00e7o\u011fumuz iktisat ara\u015ft\u0131rmac\u0131s\u0131 olmayaca\u011f\u0131m\u0131za g\u00f6re iktisad\u0131n bize en b\u00fcy\u00fck katk\u0131s\u0131, daha iyi bir hayat ya\u015famam\u0131za yard\u0131mc\u0131 olmas\u0131d\u0131r. Bir konuda karars\u0131z kald\u0131\u011f\u0131n\u0131zda maliyetler ile faydalar\u0131 k\u0131yaslay\u0131n. F\u0131rsat maliyetlerini dikkate al\u0131n; nelerden vazge\u00e7iyorsunuz? Marj\u0131 da d\u00fc\u015f\u00fcn\u00fcn; bir \u015feyden bir tane daha alman\u0131za de\u011fip de\u011fmeyece\u011fini kendinize sorun. Elbette d\u0131\u015fsall\u0131klar\u0131, yani kararlar\u0131n\u0131z\u0131n di\u011fer insanlara olumlu ya da olumsuz etkilerini de de\u011ferlendirmeyi unutmay\u0131n. E\u011fitimden giri\u015fimcili\u011fe, sosyalle\u015fmekten hisse piyasas\u0131na, her alanda iktisat daha iyi bir hayat ya\u015faman\u0131z\u0131 sa\u011flayabilir. <\/p>\n","protected":false},"excerpt":{"rendered":"<p>Bu k\u00fc\u00e7\u00fck kitap b\u00fcy\u00fck bir hik\u00e2ye anlat\u0131yor. K\u0131sa \u0130ktisat Tarihi antik \u00e7a\u011flardan modern d\u00fcnyaya sava\u015f\u0131n, yeniliklerin ve toplumsal d\u00f6n\u00fc\u015f\u00fcm\u00fcn ard\u0131ndaki gizli ekonomik g\u00fc\u00e7leri ortaya \u00e7\u0131kar\u0131rken, kapitalizm<span class=\"excerpt-hellip\"> [\u2026]<\/span><\/p>\n","protected":false},"featured_media":0,"template":"","meta":{"_monsterinsights_skip_tracking":false,"_monsterinsights_sitenote_active":false,"_monsterinsights_sitenote_note":"","_monsterinsights_sitenote_category":0},"product_brand":[],"product_cat":[12304],"product_tag":[],"class_list":{"0":"post-762808","1":"product","2":"type-product","3":"status-publish","5":"product_cat-tarih","6":"pa_cilt-ciltsiz","7":"pa_tur-kitap","8":"pa_yayinevi-say-yayinlari","9":"pa_yazar-andrew-leigh","11":"first","12":"instock","13":"sale","14":"shipping-taxable","15":"purchasable","16":"product-type-simple"},"_links":{"self":[{"href":"https:\/\/roveyayinevi.com.tr\/index.php\/wp-json\/wp\/v2\/product\/762808","targetHints":{"allow":["GET"]}}],"collection":[{"href":"https:\/\/roveyayinevi.com.tr\/index.php\/wp-json\/wp\/v2\/product"}],"about":[{"href":"https:\/\/roveyayinevi.com.tr\/index.php\/wp-json\/wp\/v2\/types\/product"}],"wp:attachment":[{"href":"https:\/\/roveyayinevi.com.tr\/index.php\/wp-json\/wp\/v2\/media?parent=762808"}],"wp:term":[{"taxonomy":"product_brand","embeddable":true,"href":"https:\/\/roveyayinevi.com.tr\/index.php\/wp-json\/wp\/v2\/product_brand?post=762808"},{"taxonomy":"product_cat","embeddable":true,"href":"https:\/\/roveyayinevi.com.tr\/index.php\/wp-json\/wp\/v2\/product_cat?post=762808"},{"taxonomy":"product_tag","embeddable":true,"href":"https:\/\/roveyayinevi.com.tr\/index.php\/wp-json\/wp\/v2\/product_tag?post=762808"}],"curies":[{"name":"wp","href":"https:\/\/api.w.org\/{rel}","templated":true}]}}