{"id":762807,"date":"2025-08-28T10:21:02","date_gmt":"2025-08-28T07:21:02","guid":{"rendered":"https:\/\/roveyayinevi.com.tr\/index.php\/urun\/hic-6\/"},"modified":"2026-04-08T03:24:29","modified_gmt":"2026-04-08T00:24:29","slug":"hic-6","status":"publish","type":"product","link":"https:\/\/roveyayinevi.com.tr\/index.php\/urun\/hic-6\/","title":{"rendered":"Hi\u00e7"},"content":{"rendered":"<p>D\u00f6rt bir yan\u0131m\u0131z\u0131 saran g\u00fcndelik me\u015fguliyetlere g\u00f6m\u00fclm\u00fc\u015fken, \u201chi\u00e7\u201d kelimesi bir\u00e7o\u011fumuza anlam ifade etmez belki. Ne de olsa bir durup soluklanmaya, bir durup d\u00fc\u015f\u00fcnmeye vaktimiz bile yoktur. Ya\u015fam ustal\u0131\u011f\u0131 konusundaki her \u00e7al\u0131\u015fmas\u0131 sab\u0131rs\u0131zl\u0131kla beklenen Murat Kaplan bu yeni kitab\u0131nda bizi yava\u015flamaya, durmaya, hi\u00e7li\u011fin erdemleri \u00fczerine kafa yormaya, evrensel ve yerel kaynaklarla bu erdemleri hayat\u0131m\u0131z\u0131n asli bir par\u00e7as\u0131 k\u0131lmaya \u00e7a\u011f\u0131r\u0131yor. Bizleri her daim huzursuz ve kayg\u0131l\u0131 k\u0131lan \u015fu d\u00fcnyada, hi\u00e7bir \u015fey yap\u0131yor gibi g\u00f6r\u00fcnmeden sahici bir \u015fey yapman\u0131n, bir ba\u015fka deyi\u015fle fark\u0131ndal\u0131\u011f\u0131n k\u0131ymetine inananlar, \u00e7\u0131kt\u0131klar\u0131 yolda bu kitapta \u00e7ok \u015fey bulacaklar.   \u201cHuzur diyorum, \u00e7\u00fcnk\u00fc kendi hayat\u0131m\u0131z\u0131n in\u015fas\u0131n\u0131 ba\u015fkalar\u0131n\u0131n ellerine b\u0131rakm\u0131yor, yolumuzu kendimiz in\u015fa etmeye niyet ediyoruz. Niyet etmekle de kalm\u0131yor, s\u00fcrece dahil oluyor, bir sonraki ad\u0131m olan \u2018davran\u0131\u015flara\u2019 ge\u00e7iyoruz. Bundan daha huzur veren bir \u015fey olabilir mi? \u00d6yle ya, kendi yolumuzu, ba\u015fkalar\u0131n\u0131 kar\u0131\u015ft\u0131rmadan, istedi\u011fimiz gibi, kendimiz in\u015fa edece\u011fiz. Hepimizin iste\u011fi de bu de\u011fil midir?\u201d <\/p>\n","protected":false},"excerpt":{"rendered":"<p>D\u00f6rt bir yan\u0131m\u0131z\u0131 saran g\u00fcndelik me\u015fguliyetlere g\u00f6m\u00fclm\u00fc\u015fken, \u201chi\u00e7\u201d kelimesi bir\u00e7o\u011fumuza anlam ifade etmez belki. Ne de olsa bir durup soluklanmaya, bir durup d\u00fc\u015f\u00fcnmeye vaktimiz bile yoktur.<span class=\"excerpt-hellip\"> [\u2026]<\/span><\/p>\n","protected":false},"featured_media":0,"template":"","meta":{"_monsterinsights_skip_tracking":false,"_monsterinsights_sitenote_active":false,"_monsterinsights_sitenote_note":"","_monsterinsights_sitenote_category":0},"product_brand":[],"product_cat":[12364,12376],"product_tag":[],"class_list":{"0":"post-762807","1":"product","2":"type-product","3":"status-publish","5":"product_cat-genel-konular","6":"product_cat-kisisel-gelisim","7":"pa_cilt-ciltsiz","8":"pa_tur-kitap","9":"pa_yayinevi-mona-kitap","10":"pa_yazar-murat-kaplan","12":"first","13":"instock","14":"sale","15":"shipping-taxable","16":"purchasable","17":"product-type-simple"},"_links":{"self":[{"href":"https:\/\/roveyayinevi.com.tr\/index.php\/wp-json\/wp\/v2\/product\/762807","targetHints":{"allow":["GET"]}}],"collection":[{"href":"https:\/\/roveyayinevi.com.tr\/index.php\/wp-json\/wp\/v2\/product"}],"about":[{"href":"https:\/\/roveyayinevi.com.tr\/index.php\/wp-json\/wp\/v2\/types\/product"}],"wp:attachment":[{"href":"https:\/\/roveyayinevi.com.tr\/index.php\/wp-json\/wp\/v2\/media?parent=762807"}],"wp:term":[{"taxonomy":"product_brand","embeddable":true,"href":"https:\/\/roveyayinevi.com.tr\/index.php\/wp-json\/wp\/v2\/product_brand?post=762807"},{"taxonomy":"product_cat","embeddable":true,"href":"https:\/\/roveyayinevi.com.tr\/index.php\/wp-json\/wp\/v2\/product_cat?post=762807"},{"taxonomy":"product_tag","embeddable":true,"href":"https:\/\/roveyayinevi.com.tr\/index.php\/wp-json\/wp\/v2\/product_tag?post=762807"}],"curies":[{"name":"wp","href":"https:\/\/api.w.org\/{rel}","templated":true}]}}