{"id":762804,"date":"2025-08-28T10:20:56","date_gmt":"2025-08-28T07:20:56","guid":{"rendered":"https:\/\/roveyayinevi.com.tr\/index.php\/urun\/en-guzel-isi-kim-yapacak\/"},"modified":"2026-03-12T03:25:23","modified_gmt":"2026-03-12T00:25:23","slug":"en-guzel-isi-kim-yapacak","status":"publish","type":"product","link":"https:\/\/roveyayinevi.com.tr\/index.php\/urun\/en-guzel-isi-kim-yapacak\/","title":{"rendered":"En G\u00fczel \u0130\u015fi Kim Yapacak"},"content":{"rendered":"<p>Bu kitap, 35 y\u0131ll\u0131k \u00f6\u011fretmenlik hayat\u0131mda \u00f6zenle anlatmaya, \u00f6\u011fretmeye \u00e7al\u0131\u015ft\u0131klar\u0131m\u0131 \u00f6zetliyor. \u0130nsan olman\u0131n, M\u00fcsl\u00fcman olman\u0131n gereklerinin ba\u015f\u0131nda okuman\u0131n d\u00fc\u015f\u00fcnmenin, anlam\u0131n, \u015fuurlu, iradeli birey ve m\u00fcmin olman\u0131n gerekti\u011fini \u00f6rnekleriyle aktarmaya \u00e7al\u0131\u015f\u0131yor. Bu d\u00fcnyaya en g\u00fczel i\u015fleri yapmak i\u00e7in geldi\u011fimizi, bu d\u00fcnyan\u0131n en g\u00fczel i\u015fleri yapma yeri oldu\u011funu, iyilikte g\u00fczellikte yar\u0131\u015fman\u0131n iki d\u00fcnyam\u0131z\u0131 da g\u00fczelle\u015ftirece\u011fini belirtiyor. En \u00f6nemli hususlardan biri olarak g\u00f6rd\u00fc\u011f\u00fcm inand\u0131\u011f\u0131m\u0131z ilahi kitab\u0131 ihmal etti\u011fimizi, onu mutlaka anlayarak okumam\u0131z gerekti\u011fini, sonrada bilin\u00e7li \u015fekilde onun rehberli\u011finde insani bir hayat ya\u015famam\u0131z gerekti\u011fini aktar\u0131yor. B\u00fct\u00fcn bunlar\u0131 \u00f6\u011frencilerime aktarmaya \u00e7abalad\u0131m halada \u00e7abalamaya devam ediyorum. Bu hem bir insanl\u0131k vazifesi hem de bir inanm\u0131\u015fl\u0131\u011f\u0131n gere\u011fi olarak g\u00f6r\u00fclmeli\u2026 \u0130smail \u0130LYASO\u011eLU   \u201cSiz benim bir insan oldu\u011fumu bana ilk hissettirendiniz. \u0130yi ahlakl\u0131 olmay\u0131, insanlar\u0131n arkas\u0131ndan konu\u015fman\u0131n k\u00f6t\u00fc \u015fey oldu\u011funu ve en \u00f6nemlisi \u0130slamiyet\u2019i ilk defa \u00f6\u011freten, anlatan ki\u015fiydiniz.\u201d  (Sevda K. Yat\u0131l\u0131 SML) <\/p>\n","protected":false},"excerpt":{"rendered":"<p>Bu kitap, 35 y\u0131ll\u0131k \u00f6\u011fretmenlik hayat\u0131mda \u00f6zenle anlatmaya, \u00f6\u011fretmeye \u00e7al\u0131\u015ft\u0131klar\u0131m\u0131 \u00f6zetliyor. \u0130nsan olman\u0131n, M\u00fcsl\u00fcman olman\u0131n gereklerinin ba\u015f\u0131nda okuman\u0131n d\u00fc\u015f\u00fcnmenin, anlam\u0131n, \u015fuurlu, iradeli birey ve m\u00fcmin olman\u0131n<span class=\"excerpt-hellip\"> [\u2026]<\/span><\/p>\n","protected":false},"featured_media":0,"template":"","meta":{"_monsterinsights_skip_tracking":false,"_monsterinsights_sitenote_active":false,"_monsterinsights_sitenote_note":"","_monsterinsights_sitenote_category":0},"product_brand":[],"product_cat":[12718,12719],"product_tag":[],"class_list":{"0":"post-762804","1":"product","2":"type-product","3":"status-publish","5":"product_cat-din","6":"product_cat-islam","7":"pa_cilt-ciltsiz","8":"pa_tur-kitap","9":"pa_yayinevi-kirmizi-cati-yayinlari","10":"pa_yazar-ismail-ilyasoglu","12":"first","13":"instock","14":"sale","15":"shipping-taxable","16":"purchasable","17":"product-type-simple"},"_links":{"self":[{"href":"https:\/\/roveyayinevi.com.tr\/index.php\/wp-json\/wp\/v2\/product\/762804","targetHints":{"allow":["GET"]}}],"collection":[{"href":"https:\/\/roveyayinevi.com.tr\/index.php\/wp-json\/wp\/v2\/product"}],"about":[{"href":"https:\/\/roveyayinevi.com.tr\/index.php\/wp-json\/wp\/v2\/types\/product"}],"wp:attachment":[{"href":"https:\/\/roveyayinevi.com.tr\/index.php\/wp-json\/wp\/v2\/media?parent=762804"}],"wp:term":[{"taxonomy":"product_brand","embeddable":true,"href":"https:\/\/roveyayinevi.com.tr\/index.php\/wp-json\/wp\/v2\/product_brand?post=762804"},{"taxonomy":"product_cat","embeddable":true,"href":"https:\/\/roveyayinevi.com.tr\/index.php\/wp-json\/wp\/v2\/product_cat?post=762804"},{"taxonomy":"product_tag","embeddable":true,"href":"https:\/\/roveyayinevi.com.tr\/index.php\/wp-json\/wp\/v2\/product_tag?post=762804"}],"curies":[{"name":"wp","href":"https:\/\/api.w.org\/{rel}","templated":true}]}}