{"id":762799,"date":"2025-08-28T10:20:48","date_gmt":"2025-08-28T07:20:48","guid":{"rendered":"https:\/\/roveyayinevi.com.tr\/index.php\/urun\/berceste-beyitler-3\/"},"modified":"2026-04-15T03:27:46","modified_gmt":"2026-04-15T00:27:46","slug":"berceste-beyitler-3","status":"publish","type":"product","link":"https:\/\/roveyayinevi.com.tr\/index.php\/urun\/berceste-beyitler-3\/","title":{"rendered":"Berceste Beyitler 3"},"content":{"rendered":"<p>Kl\u00e2sik \u015fiirimiz; kulaklar\u0131 g\u00fczel s\u00f6z duymaya hasret bizlere p\u0131nar ba\u015f\u0131nda susuzluktan \u00f6lecek durumda iken diriltici bir iksir, ecdad\u0131m\u0131z\u0131n bizlere b\u0131rakt\u0131\u011f\u0131 tohum, hayat\u0131n hayhuyunda bizi biz k\u0131lacak bir nefes molas\u0131, keskin bir zek\u00e2n\u0131n par\u0131lt\u0131l\u0131 \u00fcr\u00fcnlerini ihtiva eden kendi d\u00fcnyam\u0131z, ruhumuzla ba\u015f ba\u015fa kald\u0131\u011f\u0131m\u0131zda kendimizi derinden hissedebildi\u011fimiz hakikat menfezi, \u00e2\u015f\u0131klar\u0131n mahremi olan deruna do\u011fru bir firar, herkesin kendi Hira\u2019s\u0131na do\u011fru yapt\u0131\u011f\u0131 bir seyr \u00fc s\u00fcl\u00fbk, y\u00fck\u00fc pek a\u011f\u0131r olan insano\u011fluna gelen manevi bir ne\u015fe, ruhlar\u0131m\u0131za \u015fifa verecek bir hikmet, insan\u0131n kendi hakikatine ula\u015fma noktas\u0131nda mihenk noktalar\u0131n\u0131 ele veren derin bir ipucu, birbirine emanet ve muhta\u00e7 olan insanlara alternatif bir hayat\u0131n var olabilece\u011finin g\u00f6stergesi, rakama gelmeyen sanc\u0131lar\u0131n hik\u00e2yesi, g\u00f6nl\u00fcm\u00fczde m\u00fcndemi\u00e7 olan s\u0131rra ula\u015fma gayreti, karl\u0131 da\u011flar\u0131 a\u015fan derin \u0131rmaklar ge\u00e7en y\u00e2rinden ayr\u0131 d\u00fc\u015fen b\u00fclb\u00fcl\u00fcn heng\u00e2mesi, y\u00fcr\u00fcd\u00fck\u00e7e incelen bu yolda emniyet kemeri, g\u00f6zlerimizin \u00f6n\u00fcndeki masiva perdesini kald\u0131ran bir el&#8230;Berceste Beyitler haz\u0131rlan\u0131rken \u015fiirlerin Arap harfli T\u00fcrk alfabesiyle yaz\u0131m\u0131, vezni, L\u00e2tin harfleriyle yaz\u0131m\u0131, \u015fairi ve g\u00fcn\u00fcm\u00fcz T\u00fcrk\u00e7esine aktar\u0131lm\u0131\u015f h\u00e2lleri bir arada verildi. Bununla, kitab\u0131 eline alan okurun bir beyitle ilgili izah edilmesi gereken hemen her \u015feyi bir arada g\u00f6rmesi ve kl\u00e2sik \u015fiir deryas\u0131ndan bir nebze de olsa tatmas\u0131 ama\u00e7land\u0131. T\u00fcrk\u00e7e \u015fiirlerin yan\u0131 s\u0131ra zaman zaman Fars\u00e7a \u015fiir par\u00e7alar\u0131na da yer verildi. \u0130nsano\u011flunun m\u00fc\u015fterek yiti\u011fi olan hikmetin pe\u015fine d\u00fc\u015f\u00fclmeye \u00e7al\u0131\u015f\u0131ld\u0131. Serinin bu cildinde, 20. y\u00fczy\u0131lda kl\u00e2sik tarzda \u015fiirler kaleme alan \u015fairlerin berceste niteli\u011findeki beyitlerine de yer verildi. B\u00f6ylelikle gelene\u011fin olanca ha\u015fmetiyle devam etti\u011fi g\u00f6zler \u00f6n\u00fcne serilmeye \u00e7al\u0131\u015f\u0131ld\u0131.A\u015fk gelicek c\u00fcmle eksikler bitermi\u015f. O h\u00e2lde a\u015fk ile buyurunuz.<\/p>\n","protected":false},"excerpt":{"rendered":"<p>Kl\u00e2sik \u015fiirimiz; kulaklar\u0131 g\u00fczel s\u00f6z duymaya hasret bizlere p\u0131nar ba\u015f\u0131nda susuzluktan \u00f6lecek durumda iken diriltici bir iksir, ecdad\u0131m\u0131z\u0131n bizlere b\u0131rakt\u0131\u011f\u0131 tohum, hayat\u0131n hayhuyunda bizi biz k\u0131lacak<span class=\"excerpt-hellip\"> [\u2026]<\/span><\/p>\n","protected":false},"featured_media":0,"template":"","meta":{"_monsterinsights_skip_tracking":false,"_monsterinsights_sitenote_active":false,"_monsterinsights_sitenote_note":"","_monsterinsights_sitenote_category":0},"product_brand":[],"product_cat":[12291,12509],"product_tag":[],"class_list":{"0":"post-762799","1":"product","2":"type-product","3":"status-publish","5":"product_cat-edebiyat","6":"product_cat-siir","7":"pa_cilt-ciltsiz","8":"pa_tur-kitap","9":"pa_yayinevi-otuken-nesriyat","10":"pa_yazar-emrah-gokce","12":"first","13":"instock","14":"sale","15":"shipping-taxable","16":"purchasable","17":"product-type-simple"},"_links":{"self":[{"href":"https:\/\/roveyayinevi.com.tr\/index.php\/wp-json\/wp\/v2\/product\/762799","targetHints":{"allow":["GET"]}}],"collection":[{"href":"https:\/\/roveyayinevi.com.tr\/index.php\/wp-json\/wp\/v2\/product"}],"about":[{"href":"https:\/\/roveyayinevi.com.tr\/index.php\/wp-json\/wp\/v2\/types\/product"}],"wp:attachment":[{"href":"https:\/\/roveyayinevi.com.tr\/index.php\/wp-json\/wp\/v2\/media?parent=762799"}],"wp:term":[{"taxonomy":"product_brand","embeddable":true,"href":"https:\/\/roveyayinevi.com.tr\/index.php\/wp-json\/wp\/v2\/product_brand?post=762799"},{"taxonomy":"product_cat","embeddable":true,"href":"https:\/\/roveyayinevi.com.tr\/index.php\/wp-json\/wp\/v2\/product_cat?post=762799"},{"taxonomy":"product_tag","embeddable":true,"href":"https:\/\/roveyayinevi.com.tr\/index.php\/wp-json\/wp\/v2\/product_tag?post=762799"}],"curies":[{"name":"wp","href":"https:\/\/api.w.org\/{rel}","templated":true}]}}