{"id":762796,"date":"2025-08-28T10:20:43","date_gmt":"2025-08-28T07:20:43","guid":{"rendered":"https:\/\/roveyayinevi.com.tr\/index.php\/urun\/guzellige-dogru\/"},"modified":"2025-09-25T10:23:47","modified_gmt":"2025-09-25T07:23:47","slug":"guzellige-dogru","status":"publish","type":"product","link":"https:\/\/roveyayinevi.com.tr\/index.php\/urun\/guzellige-dogru\/","title":{"rendered":"G\u00fczelli\u011fe Do\u011fru"},"content":{"rendered":"<p>\u201c\u00d6z ge\u00e7mi\u015finizi al\u0131nca \u00e7ok \u015fa\u015f\u0131rd\u0131\u011f\u0131m\u0131 s\u00f6ylemeliyim.\u201d \u201cNeden?\u201d \u201cNeden mi? Bana nedenini mi soruyorsunuz? Siz profes\u00f6rs\u00fcn\u00fcz!\u201d \u201c&#8230;\u201d \u201cHatta belli bir u\u0308ne sahipsiniz. Yan\u0131lm\u0131yorsam daha \u00f6nce bir makalenizi okumu\u015ftum ve \u015fu an m\u00fczede salon bek\u00e7isi olmak i\u00e7in i\u015fe ba\u015fvuruyorsunuz.\u201d \u201cEvet.\u201d \u201cBu size tuhaf gelmiyor mu?\u201d \u201cHay\u0131r, hi\u00e7 gelmiyor.\u201d     Antoine Duris, Lyon&#8217;da meslekta\u015flar\u0131 ve \u00f6\u011frencileri taraf\u0131ndan \u00e7ok sevilen bir sanat tarihi profes\u00f6r\u00fcd\u00fcr. Ancak bir anda istifa eder ve duvarlar\u0131nda d\u00fcnyaca \u00fcnl\u00fc ressamlar\u0131n renkli tablolar\u0131n\u0131n as\u0131l\u0131 oldu\u011fu Mus\u00e9e d&#8217;Orsay&#8217;de salon bek\u00e7isi olmak i\u00e7in Paris&#8217;e ta\u015f\u0131n\u0131r. Antoine&#8217;\u0131n tek \u00e7aresi vard\u0131r: G\u00fczelli\u011fe y\u00f6nelmek.   Kimse bu ani de\u011fi\u015fime anlam veremez. Modigliani&#8217;nin ilham perisi Jeanne H\u00e9buterne&#8217;in portresine bakarak saatlerce d\u00fc\u015f\u00fcnen bu tuhaf karakterin i\u00e7inde ne yatt\u0131\u011f\u0131n\u0131 kimse tahmin edemez. Onun sessizli\u011finde korkun\u00e7 bir s\u0131r, \u00f6\u011frencisinin y\u00fcz\u00fc sakl\u0131d\u0131r.   Kitaplar\u0131 k\u0131rktan fazla dile \u00e7evrilen David Foenkinos\u2019tan; gen\u00e7 bir kad\u0131n\u0131n ya\u015fad\u0131\u011f\u0131 trajediyi ve sanat\u0131n insanlar\u0131n hayat\u0131na etki etme g\u00fcc\u00fcn\u00fc konu alan, g\u00fczelli\u011fin \u00e7irkinlik \u00fczerinde bir pansuman g\u00f6revi g\u00f6rebilece\u011fini anlatan sars\u0131c\u0131 bir roman.     \u201cBu hik\u00e2yeden etrafa parlak, hayati bir \u015feyler yay\u0131l\u0131yor.\u201d -Mohammed A\u00efssaoui, Le Figaro Litt\u00e9raire   \u201cSu\u00e7un \u00e7irkinli\u011finden resmin g\u00fczelli\u011fine\u2026 David Foenkinos&#8217;un kitab\u0131 ruhlar\u0131n yok edilmesini, ard\u0131ndan sanat\u0131n r\u00f6van\u015f\u0131n\u0131 anlatan \u00e7ok ba\u015far\u0131l\u0131 bir roman.\u201d -Bernard Pivot, Le Journal du Dimanche   \u201cAsla pe\u015fimizi b\u0131rakmayan, sersemleten, alt\u00fcst eden bir hik\u00e2ye.\u201d -Bernard Lehut, RTL <\/p>\n","protected":false},"excerpt":{"rendered":"<p>\u201c\u00d6z ge\u00e7mi\u015finizi al\u0131nca \u00e7ok \u015fa\u015f\u0131rd\u0131\u011f\u0131m\u0131 s\u00f6ylemeliyim.\u201d \u201cNeden?\u201d \u201cNeden mi? Bana nedenini mi soruyorsunuz? Siz profes\u00f6rs\u00fcn\u00fcz!\u201d \u201c&#8230;\u201d \u201cHatta belli bir u\u0308ne sahipsiniz. Yan\u0131lm\u0131yorsam daha \u00f6nce bir makalenizi<span class=\"excerpt-hellip\"> [\u2026]<\/span><\/p>\n","protected":false},"featured_media":0,"template":"","meta":{"_monsterinsights_skip_tracking":false,"_monsterinsights_sitenote_active":false,"_monsterinsights_sitenote_note":"","_monsterinsights_sitenote_category":0},"product_brand":[],"product_cat":[12291,12711],"product_tag":[],"class_list":{"0":"post-762796","1":"product","2":"type-product","3":"status-publish","5":"product_cat-edebiyat","6":"product_cat-roman-oyku","7":"pa_cilt-ciltsiz","8":"pa_tur-kitap","9":"pa_yayinevi-yan-pasaj-yayinevi","10":"pa_yazar-david-foenkinos-horne-eric-corbeyran","12":"first","13":"instock","14":"sale","15":"shipping-taxable","16":"purchasable","17":"product-type-simple"},"_links":{"self":[{"href":"https:\/\/roveyayinevi.com.tr\/index.php\/wp-json\/wp\/v2\/product\/762796","targetHints":{"allow":["GET"]}}],"collection":[{"href":"https:\/\/roveyayinevi.com.tr\/index.php\/wp-json\/wp\/v2\/product"}],"about":[{"href":"https:\/\/roveyayinevi.com.tr\/index.php\/wp-json\/wp\/v2\/types\/product"}],"wp:attachment":[{"href":"https:\/\/roveyayinevi.com.tr\/index.php\/wp-json\/wp\/v2\/media?parent=762796"}],"wp:term":[{"taxonomy":"product_brand","embeddable":true,"href":"https:\/\/roveyayinevi.com.tr\/index.php\/wp-json\/wp\/v2\/product_brand?post=762796"},{"taxonomy":"product_cat","embeddable":true,"href":"https:\/\/roveyayinevi.com.tr\/index.php\/wp-json\/wp\/v2\/product_cat?post=762796"},{"taxonomy":"product_tag","embeddable":true,"href":"https:\/\/roveyayinevi.com.tr\/index.php\/wp-json\/wp\/v2\/product_tag?post=762796"}],"curies":[{"name":"wp","href":"https:\/\/api.w.org\/{rel}","templated":true}]}}