{"id":762795,"date":"2025-08-28T10:20:42","date_gmt":"2025-08-28T07:20:42","guid":{"rendered":"https:\/\/roveyayinevi.com.tr\/index.php\/urun\/duygularimi-yonetiyorum-5li-set\/"},"modified":"2026-04-15T03:27:46","modified_gmt":"2026-04-15T00:27:46","slug":"duygularimi-yonetiyorum-5li-set","status":"publish","type":"product","link":"https:\/\/roveyayinevi.com.tr\/index.php\/urun\/duygularimi-yonetiyorum-5li-set\/","title":{"rendered":"Duygular\u0131m\u0131 Y\u00f6netiyorum (5\u2019li Set)"},"content":{"rendered":"<p>\u00c7ocuklar\u0131m\u0131z duygular\u0131n\u0131 nas\u0131l y\u00f6netiyor? Peki ya biz ebeveynler? \u00d6fke, utan\u00e7, k\u0131skan\u00e7l\u0131k, \u00fcz\u00fcnt\u00fc ve korku\u2026 Bu duygular \u00e7ocu\u011fumuzun bedenine her g\u00fcn dalga dalga \u00e7arp\u0131yor. Bazen sars\u0131yor, bazense y\u0131k\u0131yor. Peki, \u00e7ocu\u011fumuz duygular\u0131yla nas\u0131l ba\u015fa \u00e7\u0131k\u0131yor? Uzman Psikolog Hatice K\u00fcbra Tongar, 4-8 ya\u015f aras\u0131 \u00e7ocuklar\u0131m\u0131za ve onlara sa\u011fl\u0131kl\u0131 rehber olmak isteyen t\u00fcm anne-babalara bu setin i\u00e7inde be\u015f tane anahtar veriyor. Bu anahtar sayesinde; \u00f6fke s\u00fck\u00fbnete, k\u0131skan\u00e7l\u0131k karde\u015fli\u011fe, h\u00fcz\u00fcn tebess\u00fcme, korku cesarete, utan\u00e7 \u00f6z g\u00fcvene d\u00f6n\u00fc\u015f\u00fcyor. \u00c7ocuklar\u0131m\u0131z duygular\u0131n\u0131 y\u00f6netmeyi \u00f6\u011freniyor! <\/p>\n","protected":false},"excerpt":{"rendered":"<p>\u00c7ocuklar\u0131m\u0131z duygular\u0131n\u0131 nas\u0131l y\u00f6netiyor? Peki ya biz ebeveynler? \u00d6fke, utan\u00e7, k\u0131skan\u00e7l\u0131k, \u00fcz\u00fcnt\u00fc ve korku\u2026 Bu duygular \u00e7ocu\u011fumuzun bedenine her g\u00fcn dalga dalga \u00e7arp\u0131yor. Bazen sars\u0131yor, bazense<span class=\"excerpt-hellip\"> [\u2026]<\/span><\/p>\n","protected":false},"featured_media":0,"template":"","meta":{"_monsterinsights_skip_tracking":false,"_monsterinsights_sitenote_active":false,"_monsterinsights_sitenote_note":"","_monsterinsights_sitenote_category":0},"product_brand":[],"product_cat":[12831,12324],"product_tag":[],"class_list":{"0":"post-762795","1":"product","2":"type-product","3":"status-publish","5":"product_cat-aile-ve-cocuk","6":"product_cat-sosyoloji","7":"pa_cilt-set","8":"pa_tur-kitap","9":"pa_yayinevi-aile-yayinlari","10":"pa_yazar-hatice-kubra-tongar","12":"first","13":"instock","14":"sale","15":"shipping-taxable","16":"purchasable","17":"product-type-simple"},"_links":{"self":[{"href":"https:\/\/roveyayinevi.com.tr\/index.php\/wp-json\/wp\/v2\/product\/762795","targetHints":{"allow":["GET"]}}],"collection":[{"href":"https:\/\/roveyayinevi.com.tr\/index.php\/wp-json\/wp\/v2\/product"}],"about":[{"href":"https:\/\/roveyayinevi.com.tr\/index.php\/wp-json\/wp\/v2\/types\/product"}],"wp:attachment":[{"href":"https:\/\/roveyayinevi.com.tr\/index.php\/wp-json\/wp\/v2\/media?parent=762795"}],"wp:term":[{"taxonomy":"product_brand","embeddable":true,"href":"https:\/\/roveyayinevi.com.tr\/index.php\/wp-json\/wp\/v2\/product_brand?post=762795"},{"taxonomy":"product_cat","embeddable":true,"href":"https:\/\/roveyayinevi.com.tr\/index.php\/wp-json\/wp\/v2\/product_cat?post=762795"},{"taxonomy":"product_tag","embeddable":true,"href":"https:\/\/roveyayinevi.com.tr\/index.php\/wp-json\/wp\/v2\/product_tag?post=762795"}],"curies":[{"name":"wp","href":"https:\/\/api.w.org\/{rel}","templated":true}]}}