{"id":762794,"date":"2025-08-28T10:20:40","date_gmt":"2025-08-28T07:20:40","guid":{"rendered":"https:\/\/roveyayinevi.com.tr\/index.php\/urun\/akame-keser-3\/"},"modified":"2026-04-05T03:18:39","modified_gmt":"2026-04-05T00:18:39","slug":"akame-keser-3","status":"publish","type":"product","link":"https:\/\/roveyayinevi.com.tr\/index.php\/urun\/akame-keser-3\/","title":{"rendered":"Akame Keser 3"},"content":{"rendered":"<p>SHELEE\u2019N\u0130N KAYBINDAN SONRA TATSUM\u0130 SU\u0130KAST\u00c7ILARIN ACIMASIZ KADER\u0130YLE Y\u00dcZLE\u015e\u0130R. BUNA RA\u011eMEN TEKRAR AYA\u011eA KALKAN TATSUM\u0130 BU SEFER DE \u0130MPARATORLUK S\u0130LAHI KULLANAN \u00dc\u00c7 CANAVARLA U\u011eRA\u015eMAK ZORUNDADIR! BU \u00d6L\u00dcM KALIM SAVA\u015eINDAN K\u0130M GAL\u0130P \u00c7IKACAK?! \u201cTSUYOK\u0130SS\u201d VE \u201cMAJ\u0130KO\u0130 OH! SAMURA\u0130 G\u0130RLS\u201d \u00dcN YAPIMCISI TAKAH\u0130RO\u2019DAN ACIMASIZ VE BOL AKS\u0130YONLU H\u0130K\u00c2YEN\u0130N \u00dc\u00c7\u00dcNC\u00dc C\u0130LD\u0130 KAR\u015eINIZDA! <\/p>\n","protected":false},"excerpt":{"rendered":"<p>SHELEE\u2019N\u0130N KAYBINDAN SONRA TATSUM\u0130 SU\u0130KAST\u00c7ILARIN ACIMASIZ KADER\u0130YLE Y\u00dcZLE\u015e\u0130R. BUNA RA\u011eMEN TEKRAR AYA\u011eA KALKAN TATSUM\u0130 BU SEFER DE \u0130MPARATORLUK S\u0130LAHI KULLANAN \u00dc\u00c7 CANAVARLA U\u011eRA\u015eMAK ZORUNDADIR! BU \u00d6L\u00dcM<span class=\"excerpt-hellip\"> [\u2026]<\/span><\/p>\n","protected":false},"featured_media":0,"template":"","meta":{"_monsterinsights_skip_tracking":false,"_monsterinsights_sitenote_active":false,"_monsterinsights_sitenote_note":"","_monsterinsights_sitenote_category":0},"product_brand":[],"product_cat":[12416,12291],"product_tag":[],"class_list":{"0":"post-762794","1":"product","2":"type-product","3":"status-publish","5":"product_cat-cizgi-roman","6":"product_cat-edebiyat","7":"pa_cilt-ciltsiz","8":"pa_tur-kitap","9":"pa_yayinevi-athica-yayinlari","10":"pa_yazar-takahiro","12":"first","13":"instock","14":"sale","15":"shipping-taxable","16":"purchasable","17":"product-type-simple"},"_links":{"self":[{"href":"https:\/\/roveyayinevi.com.tr\/index.php\/wp-json\/wp\/v2\/product\/762794","targetHints":{"allow":["GET"]}}],"collection":[{"href":"https:\/\/roveyayinevi.com.tr\/index.php\/wp-json\/wp\/v2\/product"}],"about":[{"href":"https:\/\/roveyayinevi.com.tr\/index.php\/wp-json\/wp\/v2\/types\/product"}],"wp:attachment":[{"href":"https:\/\/roveyayinevi.com.tr\/index.php\/wp-json\/wp\/v2\/media?parent=762794"}],"wp:term":[{"taxonomy":"product_brand","embeddable":true,"href":"https:\/\/roveyayinevi.com.tr\/index.php\/wp-json\/wp\/v2\/product_brand?post=762794"},{"taxonomy":"product_cat","embeddable":true,"href":"https:\/\/roveyayinevi.com.tr\/index.php\/wp-json\/wp\/v2\/product_cat?post=762794"},{"taxonomy":"product_tag","embeddable":true,"href":"https:\/\/roveyayinevi.com.tr\/index.php\/wp-json\/wp\/v2\/product_tag?post=762794"}],"curies":[{"name":"wp","href":"https:\/\/api.w.org\/{rel}","templated":true}]}}