{"id":762793,"date":"2025-08-28T10:20:38","date_gmt":"2025-08-28T07:20:38","guid":{"rendered":"https:\/\/roveyayinevi.com.tr\/index.php\/urun\/hart-ve-mercynin-oluler-sarkisi\/"},"modified":"2026-04-15T03:27:46","modified_gmt":"2026-04-15T00:27:46","slug":"hart-ve-mercynin-oluler-sarkisi","status":"publish","type":"product","link":"https:\/\/roveyayinevi.com.tr\/index.php\/urun\/hart-ve-mercynin-oluler-sarkisi\/","title":{"rendered":"Hart ve Mercy\u2019nin \u00d6l\u00fcler \u015eark\u0131s\u0131"},"content":{"rendered":"<p>GER\u00c7EK A\u015eK ONL AR \u0130\u00c7\u0130N \u00d6L\u00dcM OL AB\u0130L\u0130R Tanria&#8217;n\u0131n garip ve b\u00fcy\u00fcl\u00fc diyarlar\u0131nda mare\u015fallik g\u00f6revi yapan Hart, yaln\u0131zl\u0131\u011f\u0131n\u0131 d\u00fc\u015f\u00fcnmek i\u00e7in bolca zaman\u0131 olan bir adamd\u0131r. Mercy ise hi\u00e7 bo\u015f vakit bulamayan bir kad\u0131nd\u0131r; tek ba\u015f\u0131na Birdsall &amp; Son Cenaze Hizmetleri\u2019ni ayakta tutmak i\u00e7in \u00e7abalarken Hart gibi huysuz tiplerle s\u00fcrekli kar\u015f\u0131la\u015f\u0131r. Mercy ile ya\u015fad\u0131\u011f\u0131 bir ba\u015fka sinir bozucu olaydan sonra Hart &#8220;Bir Arkada\u015f&#8221;a hitaben bir mektup yazar. \u015ea\u015f\u0131rt\u0131c\u0131 bir \u015fekilde, mektubuna gizli birinden bir cevap al\u0131r ve aralar\u0131nda beklenmedik bir dostluk ba\u015flar. Ancak Hart&#8217;\u0131n bilmedi\u011fi bir \u015fey vard\u0131r: Onun mektup arkada\u015f\u0131, onu en \u00e7ok sinirlendiren Mercy&#8217;dir. Tanria&#8217;daki tehlikeler artt\u0131k\u00e7a, bu iki beklenmedik mektup arkada\u015flar\u0131 aras\u0131nda hem duygusal hem de fiziksel bir yak\u0131nla\u015fma olur. Ancak ger\u00e7e\u011fi \u00f6\u011frendiklerinde, mektup arkada\u015flar\u0131n\u0131n asl\u0131nda birbirlerinin en b\u00fcy\u00fck d\u00fc\u015fmanlar\u0131 oldu\u011funu fark ettiklerinde, bu ili\u015fki hayatta kalabilir mi? <\/p>\n","protected":false},"excerpt":{"rendered":"<p>GER\u00c7EK A\u015eK ONL AR \u0130\u00c7\u0130N \u00d6L\u00dcM OL AB\u0130L\u0130R Tanria&#8217;n\u0131n garip ve b\u00fcy\u00fcl\u00fc diyarlar\u0131nda mare\u015fallik g\u00f6revi yapan Hart, yaln\u0131zl\u0131\u011f\u0131n\u0131 d\u00fc\u015f\u00fcnmek i\u00e7in bolca zaman\u0131 olan bir adamd\u0131r. Mercy<span class=\"excerpt-hellip\"> [\u2026]<\/span><\/p>\n","protected":false},"featured_media":0,"template":"","meta":{"_monsterinsights_skip_tracking":false,"_monsterinsights_sitenote_active":false,"_monsterinsights_sitenote_note":"","_monsterinsights_sitenote_category":0},"product_brand":[],"product_cat":[12291,14777],"product_tag":[],"class_list":{"0":"post-762793","1":"product","2":"type-product","3":"status-publish","5":"product_cat-edebiyat","6":"product_cat-fantastik","7":"pa_cilt-ciltsiz","8":"pa_tur-kitap","9":"pa_yayinevi-artemis-yayinlari","10":"pa_yazar-megan-bannen","12":"first","13":"instock","14":"sale","15":"shipping-taxable","16":"purchasable","17":"product-type-simple"},"_links":{"self":[{"href":"https:\/\/roveyayinevi.com.tr\/index.php\/wp-json\/wp\/v2\/product\/762793","targetHints":{"allow":["GET"]}}],"collection":[{"href":"https:\/\/roveyayinevi.com.tr\/index.php\/wp-json\/wp\/v2\/product"}],"about":[{"href":"https:\/\/roveyayinevi.com.tr\/index.php\/wp-json\/wp\/v2\/types\/product"}],"wp:attachment":[{"href":"https:\/\/roveyayinevi.com.tr\/index.php\/wp-json\/wp\/v2\/media?parent=762793"}],"wp:term":[{"taxonomy":"product_brand","embeddable":true,"href":"https:\/\/roveyayinevi.com.tr\/index.php\/wp-json\/wp\/v2\/product_brand?post=762793"},{"taxonomy":"product_cat","embeddable":true,"href":"https:\/\/roveyayinevi.com.tr\/index.php\/wp-json\/wp\/v2\/product_cat?post=762793"},{"taxonomy":"product_tag","embeddable":true,"href":"https:\/\/roveyayinevi.com.tr\/index.php\/wp-json\/wp\/v2\/product_tag?post=762793"}],"curies":[{"name":"wp","href":"https:\/\/api.w.org\/{rel}","templated":true}]}}