{"id":762790,"date":"2025-08-28T10:20:32","date_gmt":"2025-08-28T07:20:32","guid":{"rendered":"https:\/\/roveyayinevi.com.tr\/index.php\/urun\/iki-meltem-arasinda\/"},"modified":"2026-04-15T03:27:46","modified_gmt":"2026-04-15T00:27:46","slug":"iki-meltem-arasinda","status":"publish","type":"product","link":"https:\/\/roveyayinevi.com.tr\/index.php\/urun\/iki-meltem-arasinda\/","title":{"rendered":"\u0130ki Meltem Aras\u0131nda"},"content":{"rendered":"<p>&#8220;U\u00e7urumlar\u0131n dibi, hat\u0131ralar\u0131n\u0131 ta\u015f\u0131yamad\u0131\u011f\u0131ndan d\u00fc\u015f\u00fcp par\u00e7alanm\u0131\u015f bedenlerle doluydu.\u201d   Mehmet Veysi Boran, s\u00fcrg\u00fcnlerin, \u00f6l\u00fcmlerin, yaln\u0131zl\u0131klar\u0131n, bat\u0131l inan\u00e7lar\u0131n, yas ve b\u00fcy\u00fck felaketlerin aras\u0131na s\u0131k\u0131\u015farak sa\u011f\u0131rla\u015fm\u0131\u015f bir ailenin be\u015f ku\u015fa\u011fa yay\u0131lan hik\u00e2yesini anlat\u0131yor \u0130ki Meltem Aras\u0131nda\u2019da. Boran\u2019\u0131n yal\u0131n, incelikli bir dil ve derin bir insani duyarl\u0131l\u0131kla kaleme ald\u0131\u011f\u0131 bu ilk roman, ya\u015fanm\u0131\u015fl\u0131klar\u0131n hayata a\u011f\u0131rl\u0131\u011f\u0131n\u0131 tarif eden zengin metaforlar\u0131 ve g\u00f6ndermeleriyle dikkat \u00e7ekiyor. \u0130ki Meltem Aras\u0131nda ge\u00e7mi\u015fle samimi, \u015fefkatli bir muhasebenin roman\u0131.   B\u00fct\u00fcn bunlar bir ak\u0131\u015f\u0131n, bir s\u00fcr\u00fckleni\u015fin, bir oldubittinin, bir girdab\u0131n i\u00e7inde yoluna devam edecek, d\u00f6n\u00fcp kendine varacak, kendinden \u00e7\u0131k\u0131p kendine d\u00f6necek, yurt kendisidir bilmeyecek. Ona yurdun kendisi oldu\u011funu nice zamanlar sonra birileri \u00e7ok uzaktan seslenecek; ya duyacak ya duymayacak, ya inanacak ya inanmayacak ve \u00f6yle olacak..<\/p>\n","protected":false},"excerpt":{"rendered":"<p>&#8220;U\u00e7urumlar\u0131n dibi, hat\u0131ralar\u0131n\u0131 ta\u015f\u0131yamad\u0131\u011f\u0131ndan d\u00fc\u015f\u00fcp par\u00e7alanm\u0131\u015f bedenlerle doluydu.\u201d Mehmet Veysi Boran, s\u00fcrg\u00fcnlerin, \u00f6l\u00fcmlerin, yaln\u0131zl\u0131klar\u0131n, bat\u0131l inan\u00e7lar\u0131n, yas ve b\u00fcy\u00fck felaketlerin aras\u0131na s\u0131k\u0131\u015farak sa\u011f\u0131rla\u015fm\u0131\u015f bir ailenin be\u015f<span class=\"excerpt-hellip\"> [\u2026]<\/span><\/p>\n","protected":false},"featured_media":0,"template":"","meta":{"_monsterinsights_skip_tracking":false,"_monsterinsights_sitenote_active":false,"_monsterinsights_sitenote_note":"","_monsterinsights_sitenote_category":0},"product_brand":[],"product_cat":[12291,12711],"product_tag":[],"class_list":{"0":"post-762790","1":"product","2":"type-product","3":"status-publish","5":"product_cat-edebiyat","6":"product_cat-roman-oyku","7":"pa_cilt-ciltsiz","8":"pa_tur-kitap","9":"pa_yayinevi-everest-yayinlari","10":"pa_yazar-mehmet-veysi-boran","12":"first","13":"instock","14":"sale","15":"shipping-taxable","16":"purchasable","17":"product-type-simple"},"_links":{"self":[{"href":"https:\/\/roveyayinevi.com.tr\/index.php\/wp-json\/wp\/v2\/product\/762790","targetHints":{"allow":["GET"]}}],"collection":[{"href":"https:\/\/roveyayinevi.com.tr\/index.php\/wp-json\/wp\/v2\/product"}],"about":[{"href":"https:\/\/roveyayinevi.com.tr\/index.php\/wp-json\/wp\/v2\/types\/product"}],"wp:attachment":[{"href":"https:\/\/roveyayinevi.com.tr\/index.php\/wp-json\/wp\/v2\/media?parent=762790"}],"wp:term":[{"taxonomy":"product_brand","embeddable":true,"href":"https:\/\/roveyayinevi.com.tr\/index.php\/wp-json\/wp\/v2\/product_brand?post=762790"},{"taxonomy":"product_cat","embeddable":true,"href":"https:\/\/roveyayinevi.com.tr\/index.php\/wp-json\/wp\/v2\/product_cat?post=762790"},{"taxonomy":"product_tag","embeddable":true,"href":"https:\/\/roveyayinevi.com.tr\/index.php\/wp-json\/wp\/v2\/product_tag?post=762790"}],"curies":[{"name":"wp","href":"https:\/\/api.w.org\/{rel}","templated":true}]}}